{"id":8869,"date":"2024-12-16T12:59:46","date_gmt":"2024-12-16T11:59:46","guid":{"rendered":"https:\/\/sklep.thepartners.pl\/?post_type=product&#038;p=8869"},"modified":"2025-03-05T13:37:46","modified_gmt":"2025-03-05T12:37:46","slug":"kubala-szpachla-nierdzewna-fasadowa-0533-350-mm","status":"publish","type":"product","link":"https:\/\/sklep.thepartners.pl\/cs\/produkt\/kubala-szpachla-nierdzewna-fasadowa-0533-350-mm\/","title":{"rendered":"KUBALA Nerezov\u00fd fas\u00e1dn\u00ed tmel 0533 350 mm"},"content":{"rendered":"<p><strong>KUBALA Nerezov\u00fd fas\u00e1dn\u00ed tmel 0533 350 mm<\/strong> je profesion\u00e1ln\u00ed n\u00e1stroj ur\u010den\u00fd pro velk\u00e9 fas\u00e1dn\u00ed a st\u011bnov\u00e9 plochy. D\u00edky sv\u00e9mu solidn\u00edmu zpracov\u00e1n\u00ed a ergonomick\u00e9mu designu zaji\u0161\u0165uje vynikaj\u00edc\u00ed v\u00fdsledky p\u0159i rekonstrukc\u00edch a stavebn\u00edch prac\u00edch.<\/p>\n<h3>Vlastnosti produktu:<\/h3>\n<ul>\n<li>Vysoce kvalitn\u00ed nerezov\u00e1 ocel \u2013 odoln\u00e1 proti korozi a po\u0161kozen\u00ed.<br \/>\n\u0160\u00ed\u0159ka 350 mm \u2013 ide\u00e1ln\u00ed pro velk\u00e9 plochy.<br \/>\nErgonomick\u00e1 rukoje\u0165 2K \u2013 pohodl\u00ed a stabilita p\u0159i pr\u00e1ci.<br \/>\nOdoln\u00e1 konstrukce \u2013 dlouhodob\u00e9 pou\u017e\u00edv\u00e1n\u00ed a p\u0159esnost.<\/li>\n<\/ul>\n","protected":false},"excerpt":{"rendered":"<h3>Vlastnosti produktu:<\/h3>\n<ul>\n<li><strong>Vysoce kvalitn\u00ed nerezov\u00e1 oce<\/strong>l \u2013 odoln\u00e1 proti korozi a po\u0161kozen\u00ed.<br \/>\n<strong>\u0160\u00ed\u0159ka 350 mm<\/strong> \u2013 ide\u00e1ln\u00ed pro velk\u00e9 plochy.<br \/>\n<strong>Ergonomick\u00e1 rukoje\u0165 2K<\/strong> \u2013 pohodl\u00ed a stabilita p\u0159i pr\u00e1ci.<br \/>\n<strong>Odoln\u00e1 konstrukce<\/strong> \u2013 dlouhodob\u00e9 pou\u017e\u00edv\u00e1n\u00ed a p\u0159esnost.<\/li>\n<\/ul>\n","protected":false},"featured_media":8868,"comment_status":"open","ping_status":"closed","template":"","meta":{"_acf_changed":false},"product_brand":[],"product_cat":[1022,1023],"product_tag":[],"class_list":{"0":"post-8869","1":"product","2":"type-product","3":"status-publish","4":"has-post-thumbnail","6":"product_cat-naradi","7":"product_cat-rucni-naradi","8":"product_shipping_class-kurier-cs","9":"pa_producent-kubala-cs","11":"first","12":"instock","13":"taxable","14":"shipping-taxable","15":"purchasable","16":"product-type-simple"},"acf":[],"_links":{"self":[{"href":"https:\/\/sklep.thepartners.pl\/cs\/wp-json\/wp\/v2\/product\/8869","targetHints":{"allow":["GET"]}}],"collection":[{"href":"https:\/\/sklep.thepartners.pl\/cs\/wp-json\/wp\/v2\/product"}],"about":[{"href":"https:\/\/sklep.thepartners.pl\/cs\/wp-json\/wp\/v2\/types\/product"}],"replies":[{"embeddable":true,"href":"https:\/\/sklep.thepartners.pl\/cs\/wp-json\/wp\/v2\/comments?post=8869"}],"wp:featuredmedia":[{"embeddable":true,"href":"https:\/\/sklep.thepartners.pl\/cs\/wp-json\/wp\/v2\/media\/8868"}],"wp:attachment":[{"href":"https:\/\/sklep.thepartners.pl\/cs\/wp-json\/wp\/v2\/media?parent=8869"}],"wp:term":[{"taxonomy":"product_brand","embeddable":true,"href":"https:\/\/sklep.thepartners.pl\/cs\/wp-json\/wp\/v2\/product_brand?post=8869"},{"taxonomy":"product_cat","embeddable":true,"href":"https:\/\/sklep.thepartners.pl\/cs\/wp-json\/wp\/v2\/product_cat?post=8869"},{"taxonomy":"product_tag","embeddable":true,"href":"https:\/\/sklep.thepartners.pl\/cs\/wp-json\/wp\/v2\/product_tag?post=8869"}],"curies":[{"name":"wp","href":"https:\/\/api.w.org\/{rel}","templated":true}]}}