{"id":8883,"date":"2024-12-18T13:44:20","date_gmt":"2024-12-18T12:44:20","guid":{"rendered":"https:\/\/sklep.thepartners.pl\/?post_type=product&#038;p=8883"},"modified":"2024-12-18T14:36:30","modified_gmt":"2024-12-18T13:36:30","slug":"pas-asfaltovy-bikutop-radon-resist-75m%c2%b2","status":"publish","type":"product","link":"https:\/\/sklep.thepartners.pl\/cs\/produkt\/pas-asfaltovy-bikutop-radon-resist-75m%c2%b2\/","title":{"rendered":"P\u00c1S ASFALTOV\u00dd BIKUTOP RADON RESIST 7,5M\u00b2"},"content":{"rendered":"<p>P\u00e1s asfaltov\u00fd <strong>BIKUTOP RADON RESIST<\/strong> je speci\u00e1ln\u00ed hydroizola\u010dn\u00ed materi\u00e1l se zv\u00fd\u0161enou odolnost\u00ed proti pronik\u00e1n\u00ed radonu. Produkt je ur\u010den k pou\u017eit\u00ed jako izola\u010dn\u00ed vrstva ve stavebn\u00edch konstrukc\u00edch, zejm\u00e9na tam, kde je zapot\u0159eb\u00ed dodate\u010dn\u00e9 ochrany p\u0159ed \u0161kodliv\u00fdmi plyny. D\u00edky pokro\u010dil\u00e9 technologii v\u00fdroby zaji\u0161\u0165uje dlouhou \u017eivotnost a \u00fa\u010dinnost p\u0159i ochran\u011b proti vod\u011b a radonu.<\/p>\n<h4><strong>Vlastnosti:<\/strong><\/h4>\n<ul>\n<li><strong>Odolnost v\u016f\u010di radonu:<\/strong> Zv\u00fd\u0161en\u00e1 ochrana proti pronik\u00e1n\u00ed radonu.<\/li>\n<li><strong>Hydroizolace:<\/strong> Vynikaj\u00edc\u00ed izola\u010dn\u00ed vlastnosti chr\u00e1n\u00edc\u00ed proti vlhkosti a vod\u011b.<\/li>\n<li><strong>Trvanlivost:<\/strong> Odolnost v\u016f\u010di mechanick\u00e9mu zat\u00ed\u017een\u00ed a prom\u011bnliv\u00fdm pov\u011btrnostn\u00edm podm\u00ednk\u00e1m.<\/li>\n<li><strong>Pou\u017eit\u00ed:<\/strong> Izolace z\u00e1klad\u016f, st\u0159ech a dal\u0161\u00edch konstruk\u010dn\u00edch prvk\u016f.<\/li>\n<\/ul>\n<h4><strong>Rozm\u011bry:<\/strong><\/h4>\n<ul>\n<li><strong>Plocha role:<\/strong> 7,5 m\u00b2.<\/li>\n<li><strong>D\u00e9lka:<\/strong> 7,5 m.<\/li>\n<li><strong>\u0160\u00ed\u0159ka:<\/strong> 1 m.<\/li>\n<li><strong>Tlou\u0161\u0165ka:<\/strong> 4mm<\/li>\n<\/ul>\n","protected":false},"excerpt":{"rendered":"<blockquote><p><strong>Pou\u017eit\u00ed:<\/strong><\/p>\n<p><strong>Ide\u00e1ln\u00ed pro ochranu z\u00e1klad\u016f, ploch\u00fdch st\u0159ech a dal\u0161\u00edch ploch vy\u017eaduj\u00edc\u00edch ochranu p\u0159ed vlhkost\u00ed a radonem.<\/strong><\/p>\n<p>&nbsp;<\/p><\/blockquote>\n","protected":false},"featured_media":8880,"comment_status":"open","ping_status":"closed","template":"","meta":{"_acf_changed":false},"product_brand":[],"product_cat":[137,583,944],"product_tag":[1268],"class_list":{"0":"post-8883","1":"product","2":"type-product","3":"status-publish","4":"has-post-thumbnail","6":"product_cat-stavebni-chemie","7":"product_cat-hydroizolace","8":"product_cat-asfaltove-pasy","9":"product_tag-pas-asfaltovy","10":"product_shipping_class-transport-the-partners-cs","11":"pa_producent-swisspor-cs","13":"first","14":"onbackorder","15":"taxable","16":"shipping-taxable","17":"purchasable","18":"product-type-simple"},"acf":[],"_links":{"self":[{"href":"https:\/\/sklep.thepartners.pl\/cs\/wp-json\/wp\/v2\/product\/8883","targetHints":{"allow":["GET"]}}],"collection":[{"href":"https:\/\/sklep.thepartners.pl\/cs\/wp-json\/wp\/v2\/product"}],"about":[{"href":"https:\/\/sklep.thepartners.pl\/cs\/wp-json\/wp\/v2\/types\/product"}],"replies":[{"embeddable":true,"href":"https:\/\/sklep.thepartners.pl\/cs\/wp-json\/wp\/v2\/comments?post=8883"}],"wp:featuredmedia":[{"embeddable":true,"href":"https:\/\/sklep.thepartners.pl\/cs\/wp-json\/wp\/v2\/media\/8880"}],"wp:attachment":[{"href":"https:\/\/sklep.thepartners.pl\/cs\/wp-json\/wp\/v2\/media?parent=8883"}],"wp:term":[{"taxonomy":"product_brand","embeddable":true,"href":"https:\/\/sklep.thepartners.pl\/cs\/wp-json\/wp\/v2\/product_brand?post=8883"},{"taxonomy":"product_cat","embeddable":true,"href":"https:\/\/sklep.thepartners.pl\/cs\/wp-json\/wp\/v2\/product_cat?post=8883"},{"taxonomy":"product_tag","embeddable":true,"href":"https:\/\/sklep.thepartners.pl\/cs\/wp-json\/wp\/v2\/product_tag?post=8883"}],"curies":[{"name":"wp","href":"https:\/\/api.w.org\/{rel}","templated":true}]}}