{"id":8894,"date":"2024-12-20T10:06:37","date_gmt":"2024-12-20T09:06:37","guid":{"rendered":"https:\/\/sklep.thepartners.pl\/produkt\/renowator-100-preparat-do-iniekcji-poziomej-sempre\/"},"modified":"2025-09-12T09:22:45","modified_gmt":"2025-09-12T07:22:45","slug":"renowator-100-preparat-do-iniekcji-poziomej-sempre","status":"publish","type":"product","link":"https:\/\/sklep.thepartners.pl\/cs\/produkt\/renowator-100-preparat-do-iniekcji-poziomej-sempre\/","title":{"rendered":"RENOWATOR 100 \u2013 Preparat do Iniekcji Poziomej SEMPRE"},"content":{"rendered":"<p><strong>RENOWATOR 100<\/strong> to profesjonalny \u015brodek przeznaczony do tworzenia poziomej izolacji przeciwwilgociowej w murach. Idealny do renowacji budynk\u00f3w nara\u017conych na kapilarne podci\u0105ganie wilgoci. Produkt sprawdza si\u0119 zar\u00f3wno w starszych obiektach, jak i w nowoczesnym budownictwie.<\/p>\n<h3><strong>Cechy produktu:<\/strong><\/h3>\n<ul>\n<li><strong>Skuteczna izolacja przeciwwilgociowa<\/strong> \u2013 zapobiega kapilarnemu podci\u0105ganiu wody.<\/li>\n<li><strong>\u0141atwa aplikacja<\/strong> \u2013 przeznaczony do iniekcji za pomoc\u0105 standardowego sprz\u0119tu.<\/li>\n<li><strong>Wszechstronno\u015b\u0107<\/strong> \u2013 odpowiedni do mur\u00f3w z ceg\u0142y, kamienia oraz innych materia\u0142\u00f3w budowlanych.<\/li>\n<li><strong>Trwa\u0142o\u015b\u0107<\/strong> \u2013 tworzy trwa\u0142\u0105 barier\u0119 hydrofobow\u0105.<\/li>\n<li><strong>Bezpiecze\u0144stwo<\/strong> \u2013 preparat ekologiczny i przyjazny \u015brodowisku.<\/li>\n<\/ul>\n","protected":false},"excerpt":{"rendered":"<p>RENOWATOR 100 to profesjonalny \u015brodek przeznaczony do tworzenia poziomej izolacji przeciwwilgociowej w murach. Idealny do renowacji budynk\u00f3w nara\u017conych na kapilarne<\/p>\n","protected":false},"featured_media":8893,"comment_status":"open","ping_status":"closed","template":"","meta":{"_acf_changed":false},"product_brand":[],"product_cat":[137,1138],"product_tag":[],"class_list":{"0":"post-8894","1":"product","2":"type-product","3":"status-publish","4":"has-post-thumbnail","6":"product_cat-stavebni-chemie","7":"product_cat-renovacni-system","8":"product_shipping_class-kurier-cs","9":"pa_producent-sempre-cs","11":"first","12":"onbackorder","13":"taxable","14":"shipping-taxable","15":"purchasable","16":"product-type-simple"},"acf":[],"_links":{"self":[{"href":"https:\/\/sklep.thepartners.pl\/cs\/wp-json\/wp\/v2\/product\/8894","targetHints":{"allow":["GET"]}}],"collection":[{"href":"https:\/\/sklep.thepartners.pl\/cs\/wp-json\/wp\/v2\/product"}],"about":[{"href":"https:\/\/sklep.thepartners.pl\/cs\/wp-json\/wp\/v2\/types\/product"}],"replies":[{"embeddable":true,"href":"https:\/\/sklep.thepartners.pl\/cs\/wp-json\/wp\/v2\/comments?post=8894"}],"wp:featuredmedia":[{"embeddable":true,"href":"https:\/\/sklep.thepartners.pl\/cs\/wp-json\/wp\/v2\/media\/8893"}],"wp:attachment":[{"href":"https:\/\/sklep.thepartners.pl\/cs\/wp-json\/wp\/v2\/media?parent=8894"}],"wp:term":[{"taxonomy":"product_brand","embeddable":true,"href":"https:\/\/sklep.thepartners.pl\/cs\/wp-json\/wp\/v2\/product_brand?post=8894"},{"taxonomy":"product_cat","embeddable":true,"href":"https:\/\/sklep.thepartners.pl\/cs\/wp-json\/wp\/v2\/product_cat?post=8894"},{"taxonomy":"product_tag","embeddable":true,"href":"https:\/\/sklep.thepartners.pl\/cs\/wp-json\/wp\/v2\/product_tag?post=8894"}],"curies":[{"name":"wp","href":"https:\/\/api.w.org\/{rel}","templated":true}]}}