{"id":8900,"date":"2024-12-20T11:20:08","date_gmt":"2024-12-20T10:20:08","guid":{"rendered":"https:\/\/sklep.thepartners.pl\/produkt\/renowator-120-preparat-do-iniekcji-poziomej-sempre-10l\/"},"modified":"2025-09-29T08:49:59","modified_gmt":"2025-09-29T06:49:59","slug":"renowator-120-preparat-do-iniekcji-poziomej-sempre-10l","status":"publish","type":"product","link":"https:\/\/sklep.thepartners.pl\/cs\/produkt\/renowator-120-preparat-do-iniekcji-poziomej-sempre-10l\/","title":{"rendered":"RENOWATOR 120 \u2013 Preparat do Iniekcji Poziomej SEMPRE 10l"},"content":{"rendered":"<p><strong>RENOWATOR 120<\/strong> to zaawansowany preparat na bazie silikon\u00f3w i \u017cywic, przeznaczony do tworzenia poziomej izolacji przeciwwilgociowej w murach. Idealnie nadaje si\u0119 do renowacji budynk\u00f3w nara\u017conych na podci\u0105ganie wilgoci, szczeg\u00f3lnie w trudnych warunkach budowlanych.<\/p>\n<h3><strong>Cechy produktu:<\/strong><\/h3>\n<ul>\n<li><strong>Zaawansowana formu\u0142a<\/strong> \u2013 skuteczna bariera hydrofobowa dzi\u0119ki zastosowaniu silikon\u00f3w i \u017cywic.<\/li>\n<li><strong>Szeroki zakres zastosowa\u0144<\/strong> \u2013 nadaje si\u0119 do mur\u00f3w z ceg\u0142y, betonu, kamienia oraz materia\u0142\u00f3w mieszanych.<\/li>\n<li><strong>Prosta aplikacja<\/strong> \u2013 mo\u017cliwo\u015b\u0107 wstrzykiwania za pomoc\u0105 standardowego sprz\u0119tu iniekcyjnego.<\/li>\n<li><strong>D\u0142ugotrwa\u0142a ochrona<\/strong> \u2013 zabezpiecza mury przed wilgoci\u0105 na wiele lat.<\/li>\n<li><strong>Bezpieczny w u\u017cyciu<\/strong> \u2013 ekologiczny, bezpieczny dla u\u017cytkownika i \u015brodowiska.<\/li>\n<\/ul>\n","protected":false},"excerpt":{"rendered":"<h3><strong>Cechy produktu:<\/strong><\/h3>\n<ul>\n<li><strong>Zaawansowana formu\u0142a<\/strong> \u2013 skuteczna bariera hydrofobowa dzi\u0119ki zastosowaniu silikon\u00f3w i \u017cywic.<\/li>\n<li><strong>Szeroki zakres zastosowa\u0144<\/strong> \u2013 nadaje si\u0119 do mur\u00f3w z ceg\u0142y, betonu, kamienia oraz materia\u0142\u00f3w mieszanych.<\/li>\n<li><strong>Prosta aplikacja<\/strong> \u2013 mo\u017cliwo\u015b\u0107 wstrzykiwania za pomoc\u0105 standardowego sprz\u0119tu iniekcyjnego.<\/li>\n<li><strong>D\u0142ugotrwa\u0142a ochrona<\/strong> \u2013 zabezpiecza mury przed wilgoci\u0105 na wiele lat.<\/li>\n<li><strong>Bezpieczny w u\u017cyciu<\/strong> \u2013 ekologiczny, bezpieczny dla u\u017cytkownika i \u015brodowiska.<\/li>\n<\/ul>\n","protected":false},"featured_media":8899,"comment_status":"open","ping_status":"closed","template":"","meta":{"_acf_changed":false},"product_brand":[],"product_cat":[1138,137],"product_tag":[],"class_list":{"0":"post-8900","1":"product","2":"type-product","3":"status-publish","4":"has-post-thumbnail","6":"product_cat-renovacni-system","7":"product_cat-stavebni-chemie","8":"product_shipping_class-osobna-paczka","9":"pa_producent-sempre-cs","11":"first","12":"onbackorder","13":"taxable","14":"shipping-taxable","15":"purchasable","16":"product-type-simple"},"acf":[],"_links":{"self":[{"href":"https:\/\/sklep.thepartners.pl\/cs\/wp-json\/wp\/v2\/product\/8900","targetHints":{"allow":["GET"]}}],"collection":[{"href":"https:\/\/sklep.thepartners.pl\/cs\/wp-json\/wp\/v2\/product"}],"about":[{"href":"https:\/\/sklep.thepartners.pl\/cs\/wp-json\/wp\/v2\/types\/product"}],"replies":[{"embeddable":true,"href":"https:\/\/sklep.thepartners.pl\/cs\/wp-json\/wp\/v2\/comments?post=8900"}],"wp:featuredmedia":[{"embeddable":true,"href":"https:\/\/sklep.thepartners.pl\/cs\/wp-json\/wp\/v2\/media\/8899"}],"wp:attachment":[{"href":"https:\/\/sklep.thepartners.pl\/cs\/wp-json\/wp\/v2\/media?parent=8900"}],"wp:term":[{"taxonomy":"product_brand","embeddable":true,"href":"https:\/\/sklep.thepartners.pl\/cs\/wp-json\/wp\/v2\/product_brand?post=8900"},{"taxonomy":"product_cat","embeddable":true,"href":"https:\/\/sklep.thepartners.pl\/cs\/wp-json\/wp\/v2\/product_cat?post=8900"},{"taxonomy":"product_tag","embeddable":true,"href":"https:\/\/sklep.thepartners.pl\/cs\/wp-json\/wp\/v2\/product_tag?post=8900"}],"curies":[{"name":"wp","href":"https:\/\/api.w.org\/{rel}","templated":true}]}}