{"id":8902,"date":"2024-12-20T11:21:04","date_gmt":"2024-12-20T10:21:04","guid":{"rendered":"https:\/\/sklep.thepartners.pl\/?post_type=product&#038;p=8902"},"modified":"2025-03-05T13:05:31","modified_gmt":"2025-03-05T12:05:31","slug":"renowator-120-preparat-do-iniekcji-poziomej-sempre-5l","status":"publish","type":"product","link":"https:\/\/sklep.thepartners.pl\/cs\/produkt\/renowator-120-preparat-do-iniekcji-poziomej-sempre-5l\/","title":{"rendered":"RENOWATOR 120 \u2013 P\u0159\u00edprava na horizont\u00e1ln\u00ed vst\u0159ikov\u00e1n\u00ed SEMPRE 5l"},"content":{"rendered":"<p><strong>RENOWATOR 120<\/strong> je pokro\u010dil\u00fd p\u0159\u00edpravek na b\u00e1zi silikon\u016f a prysky\u0159ic, ur\u010den\u00fd k vytvo\u0159en\u00ed horizont\u00e1ln\u00ed izolace proti vlhkosti ve st\u011bn\u00e1ch. Je ide\u00e1ln\u00ed pro renovaci budov vystaven\u00fdch vzl\u00ednaj\u00edc\u00ed vlhkosti, zejm\u00e9na v obt\u00ed\u017en\u00fdch stavebn\u00edch podm\u00ednk\u00e1ch.<\/p>\n<h3>Vlastnosti produktu:<\/h3>\n<ul>\n<li>Pokro\u010dil\u00e1 receptura &#8211; \u00fa\u010dinn\u00e1 hydrofobn\u00ed bari\u00e9ra d\u00edky pou\u017eit\u00ed silikon\u016f a prysky\u0159ic.<br \/>\n\u0160irok\u00e9 mo\u017enosti pou\u017eit\u00ed &#8211; vhodn\u00e9 pro st\u011bny z cihel, betonu, kamene a sm\u00ed\u0161en\u00fdch materi\u00e1l\u016f.<br \/>\nJednoduch\u00e1 aplikace \u2013 lze vst\u0159ikovat pomoc\u00ed standardn\u00edho injek\u010dn\u00edho za\u0159\u00edzen\u00ed.<br \/>\nDlouhodob\u00e1 ochrana \u2013 chr\u00e1n\u00ed st\u011bny p\u0159ed vlhkost\u00ed po mnoho let.<br \/>\nBezpe\u010dn\u00e9 pou\u017eit\u00ed \u2013 ekologick\u00e9, bezpe\u010dn\u00e9 pro u\u017eivatele a \u017eivotn\u00ed prost\u0159ed\u00ed.<\/li>\n<\/ul>\n","protected":false},"excerpt":{"rendered":"<h3>Vlastnosti produktu:<\/h3>\n<ul>\n<li>Pokro\u010dil\u00e1 receptura &#8211; \u00fa\u010dinn\u00e1 hydrofobn\u00ed bari\u00e9ra d\u00edky pou\u017eit\u00ed silikon\u016f a prysky\u0159ic.<br \/>\n\u0160irok\u00e9 mo\u017enosti pou\u017eit\u00ed &#8211; vhodn\u00e9 pro st\u011bny z cihel, betonu, kamene a sm\u00ed\u0161en\u00fdch materi\u00e1l\u016f.<br \/>\nJednoduch\u00e1 aplikace \u2013 lze vst\u0159ikovat pomoc\u00ed standardn\u00edho injek\u010dn\u00edho za\u0159\u00edzen\u00ed.<br \/>\nDlouhodob\u00e1 ochrana \u2013 chr\u00e1n\u00ed st\u011bny p\u0159ed vlhkost\u00ed po mnoho let.<br \/>\nBezpe\u010dn\u00e9 pou\u017eit\u00ed \u2013 ekologick\u00e9, bezpe\u010dn\u00e9 pro u\u017eivatele a \u017eivotn\u00ed prost\u0159ed\u00ed.<\/li>\n<\/ul>\n","protected":false},"featured_media":8899,"comment_status":"open","ping_status":"closed","template":"","meta":{"_acf_changed":false},"product_brand":[],"product_cat":[1138,137],"product_tag":[],"class_list":{"0":"post-8902","1":"product","2":"type-product","3":"status-publish","4":"has-post-thumbnail","6":"product_cat-renovacni-system","7":"product_cat-stavebni-chemie","8":"product_shipping_class-kurier-cs","9":"pa_producent-sempre-cs","11":"first","12":"onbackorder","13":"taxable","14":"shipping-taxable","15":"purchasable","16":"product-type-simple"},"acf":[],"_links":{"self":[{"href":"https:\/\/sklep.thepartners.pl\/cs\/wp-json\/wp\/v2\/product\/8902","targetHints":{"allow":["GET"]}}],"collection":[{"href":"https:\/\/sklep.thepartners.pl\/cs\/wp-json\/wp\/v2\/product"}],"about":[{"href":"https:\/\/sklep.thepartners.pl\/cs\/wp-json\/wp\/v2\/types\/product"}],"replies":[{"embeddable":true,"href":"https:\/\/sklep.thepartners.pl\/cs\/wp-json\/wp\/v2\/comments?post=8902"}],"wp:featuredmedia":[{"embeddable":true,"href":"https:\/\/sklep.thepartners.pl\/cs\/wp-json\/wp\/v2\/media\/8899"}],"wp:attachment":[{"href":"https:\/\/sklep.thepartners.pl\/cs\/wp-json\/wp\/v2\/media?parent=8902"}],"wp:term":[{"taxonomy":"product_brand","embeddable":true,"href":"https:\/\/sklep.thepartners.pl\/cs\/wp-json\/wp\/v2\/product_brand?post=8902"},{"taxonomy":"product_cat","embeddable":true,"href":"https:\/\/sklep.thepartners.pl\/cs\/wp-json\/wp\/v2\/product_cat?post=8902"},{"taxonomy":"product_tag","embeddable":true,"href":"https:\/\/sklep.thepartners.pl\/cs\/wp-json\/wp\/v2\/product_tag?post=8902"}],"curies":[{"name":"wp","href":"https:\/\/api.w.org\/{rel}","templated":true}]}}