{"id":8915,"date":"2024-12-20T11:35:09","date_gmt":"2024-12-20T10:35:09","guid":{"rendered":"https:\/\/sklep.thepartners.pl\/produkt\/renowator-190-preparat-do-przepony-poziomej-metoda-iniekcji-bezcisnieniowej-sempre-5l\/"},"modified":"2025-03-05T12:33:15","modified_gmt":"2025-03-05T11:33:15","slug":"renowator-190-preparat-do-przepony-poziomej-metoda-iniekcji-bezcisnieniowej-sempre-5l","status":"publish","type":"product","link":"https:\/\/sklep.thepartners.pl\/cs\/produkt\/renowator-190-preparat-do-przepony-poziomej-metoda-iniekcji-bezcisnieniowej-sempre-5l\/","title":{"rendered":"RENOWATOR 190 \u2013 P\u0159\u00edprava pro horizont\u00e1ln\u00ed membr\u00e1nu beztlak\u00fdm vst\u0159ikov\u00e1n\u00edm Sempre 5l"},"content":{"rendered":"<p><strong>RENOWATOR 190<\/strong> je specializovan\u00fd p\u0159\u00edpravek ur\u010den\u00fd pro vytv\u00e1\u0159en\u00ed horizont\u00e1ln\u00edch p\u0159ep\u00e1\u017eek ve st\u011bn\u00e1ch metodou beztlak\u00e9 injekt\u00e1\u017ee. D\u00edky pokro\u010dil\u00e9mu slo\u017een\u00ed poskytuje \u00fa\u010dinnou ochranu proti kapil\u00e1rn\u00edmu vzl\u00edn\u00e1n\u00ed vlhkosti. Ide\u00e1ln\u00ed pro rekonstrukce obytn\u00fdch, pr\u016fmyslov\u00fdch a historick\u00fdch budov.<\/p>\n<h3>Vlastnosti produktu:<\/h3>\n<ul>\n<li>\u00da\u010dinn\u00e1 izolace proti vlhkosti \u2013 vytv\u00e1\u0159\u00ed odolnou hydrofobn\u00ed bari\u00e9ru ve st\u011bnov\u00e9 konstrukci.<br \/>\nSnadn\u00e9 pou\u017eit\u00ed \u2013 beztlak\u00e1 metoda aplikace umo\u017e\u0148uje pohodln\u00e9 a rychl\u00e9 vst\u0159ikov\u00e1n\u00ed.<br \/>\nV\u0161estrann\u00e9 \u2013 vhodn\u00e9 pro cihlov\u00e9 zdi, beton, k\u00e1men a dal\u0161\u00ed stavebn\u00ed materi\u00e1ly.<br \/>\nVysok\u00e1 \u017eivotnost &#8211; ochrana st\u011bn proti vlhkosti po mnoho let.<br \/>\nBezpe\u010dn\u00e9 a ekologick\u00e9 \u2013 \u017e\u00e1dn\u00e9 \u0161kodliv\u00e9 l\u00e1tky, \u0161etrn\u00e9 k \u017eivotn\u00edmu prost\u0159ed\u00ed.<\/li>\n<\/ul>\n","protected":false},"excerpt":{"rendered":"<h3>Vlastnosti produktu:<br \/>\n\u00da\u010dinn\u00e1 izolace proti vlhkosti \u2013 vytv\u00e1\u0159\u00ed odolnou hydrofobn\u00ed bari\u00e9ru ve st\u011bnov\u00e9 konstrukci.<br \/>\nSnadn\u00e9 pou\u017eit\u00ed \u2013 beztlak\u00e1 metoda aplikace umo\u017e\u0148uje pohodln\u00e9 a rychl\u00e9 vst\u0159ikov\u00e1n\u00ed.<br \/>\nV\u0161estrann\u00e9 \u2013 vhodn\u00e9 pro cihlov\u00e9 zdi, beton, k\u00e1men a dal\u0161\u00ed stavebn\u00ed materi\u00e1ly.<br \/>\nVysok\u00e1 \u017eivotnost &#8211; ochrana st\u011bn proti vlhkosti po mnoho let.<br \/>\nBezpe\u010dn\u00e9 a ekologick\u00e9 \u2013 \u017e\u00e1dn\u00e9 \u0161kodliv\u00e9 l\u00e1tky, \u0161etrn\u00e9 k \u017eivotn\u00edmu prost\u0159ed\u00ed.<\/h3>\n","protected":false},"featured_media":8914,"comment_status":"open","ping_status":"closed","template":"","meta":{"_acf_changed":false},"product_brand":[],"product_cat":[1138,137],"product_tag":[],"class_list":{"0":"post-8915","1":"product","2":"type-product","3":"status-publish","4":"has-post-thumbnail","6":"product_cat-renovacni-system","7":"product_cat-stavebni-chemie","8":"pa_producent-sempre-cs","10":"first","11":"onbackorder","12":"taxable","13":"shipping-taxable","14":"purchasable","15":"product-type-simple"},"acf":[],"_links":{"self":[{"href":"https:\/\/sklep.thepartners.pl\/cs\/wp-json\/wp\/v2\/product\/8915","targetHints":{"allow":["GET"]}}],"collection":[{"href":"https:\/\/sklep.thepartners.pl\/cs\/wp-json\/wp\/v2\/product"}],"about":[{"href":"https:\/\/sklep.thepartners.pl\/cs\/wp-json\/wp\/v2\/types\/product"}],"replies":[{"embeddable":true,"href":"https:\/\/sklep.thepartners.pl\/cs\/wp-json\/wp\/v2\/comments?post=8915"}],"wp:featuredmedia":[{"embeddable":true,"href":"https:\/\/sklep.thepartners.pl\/cs\/wp-json\/wp\/v2\/media\/8914"}],"wp:attachment":[{"href":"https:\/\/sklep.thepartners.pl\/cs\/wp-json\/wp\/v2\/media?parent=8915"}],"wp:term":[{"taxonomy":"product_brand","embeddable":true,"href":"https:\/\/sklep.thepartners.pl\/cs\/wp-json\/wp\/v2\/product_brand?post=8915"},{"taxonomy":"product_cat","embeddable":true,"href":"https:\/\/sklep.thepartners.pl\/cs\/wp-json\/wp\/v2\/product_cat?post=8915"},{"taxonomy":"product_tag","embeddable":true,"href":"https:\/\/sklep.thepartners.pl\/cs\/wp-json\/wp\/v2\/product_tag?post=8915"}],"curies":[{"name":"wp","href":"https:\/\/api.w.org\/{rel}","templated":true}]}}