{"id":8919,"date":"2024-12-20T13:47:00","date_gmt":"2024-12-20T12:47:00","guid":{"rendered":"https:\/\/sklep.thepartners.pl\/produkt\/renowator-200-zaprawa-do-wypelniania-otworow-i-pustek-sempre-20kg\/"},"modified":"2025-03-05T12:28:15","modified_gmt":"2025-03-05T11:28:15","slug":"renowator-200-zaprawa-do-wypelniania-otworow-i-pustek-sempre-20kg","status":"publish","type":"product","link":"https:\/\/sklep.thepartners.pl\/cs\/produkt\/renowator-200-zaprawa-do-wypelniania-otworow-i-pustek-sempre-20kg\/","title":{"rendered":"RENOWATOR 200 \u2013 Malta pro vypl\u0148ov\u00e1n\u00ed d\u011br a dutin Sempre 20kg"},"content":{"rendered":"<p><strong>RENOWATOR 200<\/strong> je vysoce kvalitn\u00ed malta ur\u010den\u00e1 k vypln\u011bn\u00ed d\u011br, dutin a defekt\u016f ve zdech. Produkt byl vyvinut pro efektivn\u00ed sanaci a zpev\u0148ov\u00e1n\u00ed stavebn\u00edch konstrukc\u00ed.<\/p>\n<h3>Vlastnosti produktu:<\/h3>\n<ul>\n<li>Dokonale vypl\u0148uje pr\u00e1zdn\u00e1 m\u00edsta &#8211; zaji\u0161\u0165uje stabilitu a odolnost konstrukce.<br \/>\nRychl\u00e9 v\u00e1z\u00e1n\u00ed \u2013 umo\u017e\u0148uje efektivn\u00ed pr\u00e1ci a rychl\u00fd n\u00e1vrat k pou\u017eit\u00ed.<br \/>\nVysok\u00e1 p\u0159ilnavost \u2013 dokonale se kombinuje s r\u016fzn\u00fdmi typy podklad\u016f v\u010detn\u011b cihel, betonu a kamene.<br \/>\nOdolnost v\u016f\u010di pov\u011btrnostn\u00edm vliv\u016fm &#8211; funguje v interi\u00e9ru i exteri\u00e9ru.<br \/>\nSnadn\u00e1 aplikace \u2013 snadno pou\u017eiteln\u00e9 slo\u017een\u00ed usnad\u0148uje pr\u00e1ci.<\/li>\n<li><strong>Aplikace:<\/strong><br \/>\nVypl\u0148ov\u00e1n\u00ed d\u011br a dutin ve st\u011bn\u00e1ch.<br \/>\nOpravy vad zd\u011bn\u00fdch konstrukc\u00ed.<br \/>\nRekonstrukce bytov\u00fdch, pr\u016fmyslov\u00fdch a historick\u00fdch objekt\u016f.<br \/>\nP\u0159\u00edprava ter\u00e9nu p\u0159ed dal\u0161\u00edmi stavebn\u00edmi pracemi.<\/p>\n<p>RENOWATOR 200 je spolehliv\u00e1 malta pro profesion\u00e1ly a lidi, kter\u00fdm z\u00e1le\u017e\u00ed na odolnosti a estetice konstrukc\u00ed.<\/li>\n<\/ul>\n","protected":false},"excerpt":{"rendered":"<h3>Vlastnosti produktu:<br \/>\nDokonale vypl\u0148uje pr\u00e1zdn\u00e1 m\u00edsta &#8211; zaji\u0161\u0165uje stabilitu a odolnost konstrukce.<br \/>\nRychl\u00e9 v\u00e1z\u00e1n\u00ed \u2013 umo\u017e\u0148uje efektivn\u00ed pr\u00e1ci a rychl\u00fd n\u00e1vrat k pou\u017eit\u00ed.<br \/>\nVysok\u00e1 p\u0159ilnavost \u2013 dokonale se kombinuje s r\u016fzn\u00fdmi typy podklad\u016f v\u010detn\u011b cihel, betonu a kamene.<br \/>\nOdolnost v\u016f\u010di pov\u011btrnostn\u00edm vliv\u016fm &#8211; funguje v interi\u00e9ru i exteri\u00e9ru.<br \/>\nSnadn\u00e1 aplikace \u2013 snadno pou\u017eiteln\u00e9 slo\u017een\u00ed usnad\u0148uje pr\u00e1ci.<\/h3>\n","protected":false},"featured_media":8918,"comment_status":"open","ping_status":"closed","template":"","meta":{"_acf_changed":false},"product_brand":[],"product_cat":[1138,137],"product_tag":[],"class_list":{"0":"post-8919","1":"product","2":"type-product","3":"status-publish","4":"has-post-thumbnail","6":"product_cat-renovacni-system","7":"product_cat-stavebni-chemie","8":"pa_producent-sempre-cs","10":"first","11":"onbackorder","12":"taxable","13":"shipping-taxable","14":"purchasable","15":"product-type-simple"},"acf":[],"_links":{"self":[{"href":"https:\/\/sklep.thepartners.pl\/cs\/wp-json\/wp\/v2\/product\/8919","targetHints":{"allow":["GET"]}}],"collection":[{"href":"https:\/\/sklep.thepartners.pl\/cs\/wp-json\/wp\/v2\/product"}],"about":[{"href":"https:\/\/sklep.thepartners.pl\/cs\/wp-json\/wp\/v2\/types\/product"}],"replies":[{"embeddable":true,"href":"https:\/\/sklep.thepartners.pl\/cs\/wp-json\/wp\/v2\/comments?post=8919"}],"wp:featuredmedia":[{"embeddable":true,"href":"https:\/\/sklep.thepartners.pl\/cs\/wp-json\/wp\/v2\/media\/8918"}],"wp:attachment":[{"href":"https:\/\/sklep.thepartners.pl\/cs\/wp-json\/wp\/v2\/media?parent=8919"}],"wp:term":[{"taxonomy":"product_brand","embeddable":true,"href":"https:\/\/sklep.thepartners.pl\/cs\/wp-json\/wp\/v2\/product_brand?post=8919"},{"taxonomy":"product_cat","embeddable":true,"href":"https:\/\/sklep.thepartners.pl\/cs\/wp-json\/wp\/v2\/product_cat?post=8919"},{"taxonomy":"product_tag","embeddable":true,"href":"https:\/\/sklep.thepartners.pl\/cs\/wp-json\/wp\/v2\/product_tag?post=8919"}],"curies":[{"name":"wp","href":"https:\/\/api.w.org\/{rel}","templated":true}]}}