{"id":8929,"date":"2024-12-20T14:32:45","date_gmt":"2024-12-20T13:32:45","guid":{"rendered":"https:\/\/sklep.thepartners.pl\/produkt\/renowator-350-preparat-do-uszczelniania-powierzchni-scian-i-podlog\/"},"modified":"2025-02-25T14:48:58","modified_gmt":"2025-02-25T13:48:58","slug":"renowator-350-preparat-do-uszczelniania-powierzchni-scian-i-podlog","status":"publish","type":"product","link":"https:\/\/sklep.thepartners.pl\/cs\/produkt\/renowator-350-preparat-do-uszczelniania-powierzchni-scian-i-podlog\/","title":{"rendered":"RENOWATOR 350 \u2013 P\u0159\u00edpravek pro ut\u011bsn\u011bn\u00ed povrch\u016f st\u011bn a podlah Sempre 10l"},"content":{"rendered":"<p data-start=\"0\" data-end=\"85\"><strong data-start=\"4\" data-end=\"83\">RENOWATOR 350 \u2013 P\u0159\u00edpravek pro hydroizolaci a ut\u011bsn\u011bn\u00ed povrch\u016f st\u011bn a podlah<\/strong><\/p>\n<p data-start=\"87\" data-end=\"308\"><strong data-start=\"87\" data-end=\"104\">RENOWATOR 350<\/strong> je pokro\u010dil\u00fd p\u0159\u00edpravek ur\u010den\u00fd k hydroizolaci a ochran\u011b povrch\u016f st\u011bn, podlah a z\u00e1klad\u016f. Poskytuje dlouhodobou ochranu proti pronik\u00e1n\u00ed vody a \u00fa\u010dinn\u011b chr\u00e1n\u00ed stavebn\u00ed konstrukce p\u0159ed vlhkost\u00ed a po\u0161kozen\u00edm.<\/p>\n<p data-start=\"310\" data-end=\"340\"><strong data-start=\"314\" data-end=\"338\">Vlastnosti produktu:<\/strong><\/p>\n<p data-start=\"341\" data-end=\"763\"><strong data-start=\"343\" data-end=\"359\">Vod\u011bodolnost<\/strong> \u2013 vytv\u00e1\u0159\u00ed \u00fa\u010dinnou bari\u00e9ru proti pr\u016fniku vody.<br data-start=\"405\" data-end=\"408\" \/><strong data-start=\"410\" data-end=\"424\">Elasticita<\/strong> \u2013 dokonale se p\u0159izp\u016fsobuje podkladu, i p\u0159i m\u00edrn\u00fdch pohybech konstrukce.<br data-start=\"496\" data-end=\"499\" \/><strong data-start=\"501\" data-end=\"515\">P\u0159ilnavost<\/strong> \u2013 v\u00fdborn\u011b se v\u00e1\u017ee k r\u016fzn\u00fdm povrch\u016fm, jako je beton, cihla nebo om\u00edtka.<br data-start=\"586\" data-end=\"589\" \/><strong data-start=\"591\" data-end=\"620\">Odolnost v\u016f\u010di chemik\u00e1li\u00edm<\/strong> \u2013 trvanliv\u00fd i v agresivn\u00edm prost\u0159ed\u00ed, nap\u0159\u00edklad v p\u0159\u00edtomnosti sol\u00ed.<br data-start=\"688\" data-end=\"691\" \/><strong data-start=\"693\" data-end=\"712\">Snadn\u00e1 aplikace<\/strong> \u2013 umo\u017e\u0148uje rychl\u00e9 a efektivn\u00ed proveden\u00ed izolace.<\/p>\n<p data-start=\"765\" data-end=\"783\"><strong data-start=\"769\" data-end=\"781\">Pou\u017eit\u00ed:<\/strong><\/p>\n<p data-start=\"784\" data-end=\"1014\" data-is-last-node=\"\" data-is-only-node=\"\"><strong data-start=\"787\" data-end=\"807\">Ut\u011bsn\u011bn\u00ed povrch\u016f<\/strong> \u2013 ochrana st\u011bn a podlah vystaven\u00fdch vlhkosti.<br data-start=\"853\" data-end=\"856\" \/><strong data-start=\"859\" data-end=\"883\">Hydroizolace z\u00e1klad\u016f<\/strong> \u2013 ochrana sklep\u016f a podzemn\u00edch \u010d\u00e1st\u00ed budov.<\/p>\n<p data-start=\"784\" data-end=\"1014\" data-is-last-node=\"\" data-is-only-node=\"\"><strong data-start=\"931\" data-end=\"957\">Ochrana fas\u00e1d a om\u00edtek<\/strong> \u2013 zabr\u00e1n\u011bn\u00ed pr\u016fniku de\u0161\u0165ov\u00e9 a spodn\u00ed vody do konstrukc\u00ed.<\/p>\n","protected":false},"excerpt":{"rendered":"<blockquote><p>Hydroizolace st\u011bn a podlah ve vnit\u0159n\u00edch i vn\u011bj\u0161\u00edch prostorech.<\/p>\n<p>Ochrana miner\u00e1ln\u00edch podklad\u016f jako je beton, om\u00edtky, cihly a p\u0159\u00edrodn\u00ed k\u00e1men.<\/p>\n<p>Aplikace v obytn\u00fdch, pr\u016fmyslov\u00fdch a historick\u00fdch objektech.<\/p><\/blockquote>\n","protected":false},"featured_media":8928,"comment_status":"open","ping_status":"closed","template":"","meta":{"_acf_changed":false},"product_brand":[],"product_cat":[137,1138],"product_tag":[],"class_list":{"0":"post-8929","1":"product","2":"type-product","3":"status-publish","4":"has-post-thumbnail","6":"product_cat-stavebni-chemie","7":"product_cat-renovacni-system","8":"pa_producent-sempre-cs","10":"first","11":"onbackorder","12":"taxable","13":"shipping-taxable","14":"purchasable","15":"product-type-simple"},"acf":[],"_links":{"self":[{"href":"https:\/\/sklep.thepartners.pl\/cs\/wp-json\/wp\/v2\/product\/8929","targetHints":{"allow":["GET"]}}],"collection":[{"href":"https:\/\/sklep.thepartners.pl\/cs\/wp-json\/wp\/v2\/product"}],"about":[{"href":"https:\/\/sklep.thepartners.pl\/cs\/wp-json\/wp\/v2\/types\/product"}],"replies":[{"embeddable":true,"href":"https:\/\/sklep.thepartners.pl\/cs\/wp-json\/wp\/v2\/comments?post=8929"}],"wp:featuredmedia":[{"embeddable":true,"href":"https:\/\/sklep.thepartners.pl\/cs\/wp-json\/wp\/v2\/media\/8928"}],"wp:attachment":[{"href":"https:\/\/sklep.thepartners.pl\/cs\/wp-json\/wp\/v2\/media?parent=8929"}],"wp:term":[{"taxonomy":"product_brand","embeddable":true,"href":"https:\/\/sklep.thepartners.pl\/cs\/wp-json\/wp\/v2\/product_brand?post=8929"},{"taxonomy":"product_cat","embeddable":true,"href":"https:\/\/sklep.thepartners.pl\/cs\/wp-json\/wp\/v2\/product_cat?post=8929"},{"taxonomy":"product_tag","embeddable":true,"href":"https:\/\/sklep.thepartners.pl\/cs\/wp-json\/wp\/v2\/product_tag?post=8929"}],"curies":[{"name":"wp","href":"https:\/\/api.w.org\/{rel}","templated":true}]}}