{"id":8946,"date":"2024-12-23T07:58:45","date_gmt":"2024-12-23T06:58:45","guid":{"rendered":"https:\/\/sklep.thepartners.pl\/produkt\/renowator-500-preparat-do-odtwarzania-hydroizolacji-metoda-iniekcji-25kg\/"},"modified":"2025-02-25T14:37:07","modified_gmt":"2025-02-25T13:37:07","slug":"renowator-500-preparat-do-odtwarzania-hydroizolacji-metoda-iniekcji-25kg","status":"publish","type":"product","link":"https:\/\/sklep.thepartners.pl\/cs\/produkt\/renowator-500-preparat-do-odtwarzania-hydroizolacji-metoda-iniekcji-25kg\/","title":{"rendered":"RENOWATOR 500 \u2013 P\u0159\u00edpravek pro obnovu hydroizolace injekt\u00e1\u017en\u00ed metodou 25 kg"},"content":{"rendered":"<p data-start=\"80\" data-end=\"320\"><strong data-start=\"80\" data-end=\"97\">RENOWATOR 500<\/strong> je technologicky pokro\u010dil\u00fd p\u0159\u00edpravek ur\u010den\u00fd k obnov\u011b hydroizolace ve zdech po\u0161kozen\u00fdch vlhkost\u00ed. Aplikovan\u00fd injekt\u00e1\u017en\u00ed metodou vytv\u00e1\u0159\u00ed \u00fa\u010dinnou bari\u00e9ru proti vlhkosti, \u010d\u00edm\u017e zabra\u0148uje dal\u0161\u00edmu po\u0161kozen\u00ed stavebn\u00ed konstrukce.<\/p>\n<h3 data-start=\"322\" data-end=\"352\"><strong data-start=\"326\" data-end=\"350\">Vlastnosti produktu:<\/strong><\/h3>\n<p data-start=\"353\" data-end=\"755\"><strong data-start=\"355\" data-end=\"382\">Vysok\u00e1 \u00fa\u010dinnost izolace<\/strong> \u2013 vytv\u00e1\u0159\u00ed trvalou hydroizola\u010dn\u00ed vrstvu uvnit\u0159 struktury zdiva.<br data-start=\"445\" data-end=\"448\" \/><strong data-start=\"450\" data-end=\"467\">Univerz\u00e1lnost<\/strong> \u2013 vhodn\u00fd pro v\u0161echny typy miner\u00e1ln\u00edch zd\u00ed.<br data-start=\"510\" data-end=\"513\" \/><strong data-start=\"515\" data-end=\"536\">Hlubok\u00e1 penetrace<\/strong> \u2013 \u00fa\u010dinn\u011b p\u016fsob\u00ed i v siln\u011b vlhk\u00fdch materi\u00e1lech.<br data-start=\"583\" data-end=\"586\" \/><strong data-start=\"588\" data-end=\"603\">Trvanlivost<\/strong> \u2013 odoln\u00fd proti st\u00e1rnut\u00ed, vlhkosti a sol\u00edm obsa\u017een\u00fdm ve zdivu.<br data-start=\"665\" data-end=\"668\" \/><strong data-start=\"670\" data-end=\"689\">Snadn\u00e1 aplikace<\/strong> \u2013 mo\u017enost pou\u017eit\u00ed pomoc\u00ed injekt\u00e1\u017en\u00edch \u010derpadel nebo gravita\u010dn\u011b.<\/p>\n<h3 data-start=\"757\" data-end=\"775\"><strong data-start=\"761\" data-end=\"773\">Pou\u017eit\u00ed:<\/strong><\/h3>\n<p data-start=\"776\" data-end=\"993\" data-is-last-node=\"\" data-is-only-node=\"\">Obnova horizont\u00e1ln\u00ed izolace v obytn\u00fdch, pr\u016fmyslov\u00fdch a historick\u00fdch budov\u00e1ch.<br data-start=\"856\" data-end=\"859\" \/>Sanace vlhk\u00e9ho zdiva z cihel, kamene, betonu nebo miner\u00e1ln\u00edch om\u00edtek.<br data-start=\"931\" data-end=\"934\" \/>Ochrana z\u00e1kladov\u00fdch zd\u00ed proti kapil\u00e1rn\u00edmu vzl\u00edn\u00e1n\u00ed vody.<\/p>\n","protected":false},"excerpt":{"rendered":"<p><strong data-start=\"515\" data-end=\"534\" data-is-only-node=\"\">Obnova a sanace<\/strong> zdiva posti\u017een\u00e9ho vzl\u00ednaj\u00edc\u00ed vlhkost\u00ed.<\/p>\n<p><strong data-start=\"578\" data-end=\"639\">Hydroizolace historick\u00fdch, obytn\u00fdch a pr\u016fmyslov\u00fdch budov.<\/strong><\/p>\n<p><strong data-start=\"644\" data-end=\"693\" data-is-last-node=\"\">Pou\u017eit\u00ed na cihlov\u00e9, kamenn\u00e9 a betonov\u00e9 zdivo.<\/strong><\/p>\n","protected":false},"featured_media":8945,"comment_status":"open","ping_status":"closed","template":"","meta":{"_acf_changed":false},"product_brand":[],"product_cat":[137,1138],"product_tag":[],"class_list":{"0":"post-8946","1":"product","2":"type-product","3":"status-publish","4":"has-post-thumbnail","6":"product_cat-stavebni-chemie","7":"product_cat-renovacni-system","8":"pa_producent-sempre-cs","10":"first","11":"onbackorder","12":"taxable","13":"shipping-taxable","14":"purchasable","15":"product-type-simple"},"acf":[],"_links":{"self":[{"href":"https:\/\/sklep.thepartners.pl\/cs\/wp-json\/wp\/v2\/product\/8946","targetHints":{"allow":["GET"]}}],"collection":[{"href":"https:\/\/sklep.thepartners.pl\/cs\/wp-json\/wp\/v2\/product"}],"about":[{"href":"https:\/\/sklep.thepartners.pl\/cs\/wp-json\/wp\/v2\/types\/product"}],"replies":[{"embeddable":true,"href":"https:\/\/sklep.thepartners.pl\/cs\/wp-json\/wp\/v2\/comments?post=8946"}],"wp:featuredmedia":[{"embeddable":true,"href":"https:\/\/sklep.thepartners.pl\/cs\/wp-json\/wp\/v2\/media\/8945"}],"wp:attachment":[{"href":"https:\/\/sklep.thepartners.pl\/cs\/wp-json\/wp\/v2\/media?parent=8946"}],"wp:term":[{"taxonomy":"product_brand","embeddable":true,"href":"https:\/\/sklep.thepartners.pl\/cs\/wp-json\/wp\/v2\/product_brand?post=8946"},{"taxonomy":"product_cat","embeddable":true,"href":"https:\/\/sklep.thepartners.pl\/cs\/wp-json\/wp\/v2\/product_cat?post=8946"},{"taxonomy":"product_tag","embeddable":true,"href":"https:\/\/sklep.thepartners.pl\/cs\/wp-json\/wp\/v2\/product_tag?post=8946"}],"curies":[{"name":"wp","href":"https:\/\/api.w.org\/{rel}","templated":true}]}}