{"id":8960,"date":"2024-12-23T08:41:36","date_gmt":"2024-12-23T07:41:36","guid":{"rendered":"https:\/\/sklep.thepartners.pl\/produkt\/renowator-540-tynk-renowacyjny-25kg\/"},"modified":"2025-02-25T12:28:38","modified_gmt":"2025-02-25T11:28:38","slug":"renowator-540-tynk-renowacyjny-25kg","status":"publish","type":"product","link":"https:\/\/sklep.thepartners.pl\/cs\/produkt\/renowator-540-tynk-renowacyjny-25kg\/","title":{"rendered":"RENOWATOR 540 \u2013 Renova\u010dn\u00ed om\u00edtka 25 kg"},"content":{"rendered":"<p data-start=\"50\" data-end=\"271\"><strong data-start=\"50\" data-end=\"67\">RENOWATOR 540<\/strong> je pokro\u010dil\u00e1 renova\u010dn\u00ed om\u00edtka ur\u010den\u00e1 k oprav\u011b zd\u00ed vystaven\u00fdch vlhkosti a zasolen\u00ed. Tento produkt je sou\u010d\u00e1st\u00ed komplexn\u00edho renova\u010dn\u00edho syst\u00e9mu, kter\u00fd \u00fa\u010dinn\u011b zlep\u0161uje stav st\u011bn a obnovuje jejich estetiku.<\/p>\n<h3 data-start=\"273\" data-end=\"303\"><strong data-start=\"277\" data-end=\"301\">Vlastnosti produktu:<\/strong><\/h3>\n<p data-start=\"304\" data-end=\"732\"><strong data-start=\"306\" data-end=\"340\">Vysok\u00e1 propustnost vodn\u00edch par<\/strong> \u2013 umo\u017e\u0148uje st\u011bn\u00e1m \u201ed\u00fdchat\u201c a sni\u017euje vlhkost ve struktu\u0159e zdiva.<br data-start=\"405\" data-end=\"408\" \/><strong data-start=\"410\" data-end=\"443\">Odolnost v\u016f\u010di stavebn\u00edm sol\u00edm<\/strong> \u2013 chr\u00e1n\u00ed p\u0159ed destruktivn\u00edm \u00fa\u010dinkem krystalizuj\u00edc\u00edch sol\u00ed.<br data-start=\"502\" data-end=\"505\" \/><strong data-start=\"507\" data-end=\"526\">Snadn\u00e1 aplikace<\/strong> \u2013 ide\u00e1ln\u00ed pro ru\u010dn\u00ed i strojn\u00ed nan\u00e1\u0161en\u00ed.<br data-start=\"566\" data-end=\"569\" \/><strong data-start=\"571\" data-end=\"588\">Odoln\u00fd povrch<\/strong> \u2013 vysok\u00e1 mechanick\u00e1 pevnost a odolnost v\u016f\u010di pov\u011btrnostn\u00edm podm\u00ednk\u00e1m.<br data-start=\"657\" data-end=\"660\" \/><strong data-start=\"662\" data-end=\"684\">Ekologick\u00e9 slo\u017een\u00ed<\/strong> \u2013 bezpe\u010dn\u00e9 pro u\u017eivatele i \u017eivotn\u00ed prost\u0159ed\u00ed.<\/p>\n<h3 data-start=\"734\" data-end=\"752\"><strong data-start=\"738\" data-end=\"750\">Pou\u017eit\u00ed:<\/strong><\/h3>\n<p data-start=\"753\" data-end=\"988\">Renovace st\u011bn v obytn\u00fdch, pr\u016fmyslov\u00fdch i historick\u00fdch budov\u00e1ch.<br data-start=\"819\" data-end=\"822\" \/>Vrchn\u00ed vrstva v syst\u00e9mu renova\u010dn\u00edch om\u00edtek.<br data-start=\"869\" data-end=\"872\" \/>Vhodn\u00e9 pro pou\u017eit\u00ed v interi\u00e9ru i exteri\u00e9ru.<br data-start=\"918\" data-end=\"921\" \/>\u00a0Aplikace na miner\u00e1ln\u00ed podklady, jako jsou cihla, k\u00e1men, beton.<\/p>\n<p data-start=\"990\" data-end=\"1083\" data-is-last-node=\"\" data-is-only-node=\"\"><strong data-start=\"990\" data-end=\"1007\">RENOWATOR 540<\/strong> \u2013 ide\u00e1ln\u00ed \u0159e\u0161en\u00ed pro dlouhodobou ochranu a obnovu fas\u00e1d i vnit\u0159n\u00edch om\u00edtek!<\/p>\n","protected":false},"excerpt":{"rendered":"<p>Opravy a renovace st\u011bn v obytn\u00fdch, ve\u0159ejn\u00fdch, pr\u016fmyslov\u00fdch i historick\u00fdch budov\u00e1ch.<\/p>\n<p>Vrchn\u00ed vrstva v syst\u00e9mu renova\u010dn\u00edch om\u00edtek.<\/p>\n<p>Ide\u00e1ln\u00ed pro zdivo z cihel, kamene, betonu a jin\u00fdch miner\u00e1ln\u00edch materi\u00e1l\u016f.<\/p>\n","protected":false},"featured_media":8959,"comment_status":"open","ping_status":"closed","template":"","meta":{"_acf_changed":false},"product_brand":[],"product_cat":[1138,137],"product_tag":[],"class_list":{"0":"post-8960","1":"product","2":"type-product","3":"status-publish","4":"has-post-thumbnail","6":"product_cat-renovacni-system","7":"product_cat-stavebni-chemie","8":"pa_producent-sempre-cs","10":"first","11":"onbackorder","12":"taxable","13":"shipping-taxable","14":"purchasable","15":"product-type-simple"},"acf":[],"_links":{"self":[{"href":"https:\/\/sklep.thepartners.pl\/cs\/wp-json\/wp\/v2\/product\/8960","targetHints":{"allow":["GET"]}}],"collection":[{"href":"https:\/\/sklep.thepartners.pl\/cs\/wp-json\/wp\/v2\/product"}],"about":[{"href":"https:\/\/sklep.thepartners.pl\/cs\/wp-json\/wp\/v2\/types\/product"}],"replies":[{"embeddable":true,"href":"https:\/\/sklep.thepartners.pl\/cs\/wp-json\/wp\/v2\/comments?post=8960"}],"wp:featuredmedia":[{"embeddable":true,"href":"https:\/\/sklep.thepartners.pl\/cs\/wp-json\/wp\/v2\/media\/8959"}],"wp:attachment":[{"href":"https:\/\/sklep.thepartners.pl\/cs\/wp-json\/wp\/v2\/media?parent=8960"}],"wp:term":[{"taxonomy":"product_brand","embeddable":true,"href":"https:\/\/sklep.thepartners.pl\/cs\/wp-json\/wp\/v2\/product_brand?post=8960"},{"taxonomy":"product_cat","embeddable":true,"href":"https:\/\/sklep.thepartners.pl\/cs\/wp-json\/wp\/v2\/product_cat?post=8960"},{"taxonomy":"product_tag","embeddable":true,"href":"https:\/\/sklep.thepartners.pl\/cs\/wp-json\/wp\/v2\/product_tag?post=8960"}],"curies":[{"name":"wp","href":"https:\/\/api.w.org\/{rel}","templated":true}]}}