{"id":8965,"date":"2024-12-23T09:44:47","date_gmt":"2024-12-23T08:44:47","guid":{"rendered":"https:\/\/sklep.thepartners.pl\/produkt\/renowator-545-tynk-renowacyjny-20kg\/"},"modified":"2025-02-25T12:23:40","modified_gmt":"2025-02-25T11:23:40","slug":"renowator-545-tynk-renowacyjny-20kg","status":"publish","type":"product","link":"https:\/\/sklep.thepartners.pl\/cs\/produkt\/renowator-545-tynk-renowacyjny-20kg\/","title":{"rendered":"RENOWATOR 545 \u2013 Renova\u010dn\u00ed om\u00edtka 20 kg"},"content":{"rendered":"<p data-start=\"50\" data-end=\"277\"><strong data-start=\"50\" data-end=\"67\">RENOWATOR 545<\/strong> je vysoce kvalitn\u00ed renova\u010dn\u00ed om\u00edtka ur\u010den\u00e1 k obnov\u011b povrch\u016f st\u011bn posti\u017een\u00fdch vlhkost\u00ed a zasolen\u00edm. Tento produkt je sou\u010d\u00e1st\u00ed renova\u010dn\u00edho syst\u00e9mu, kter\u00fd zaji\u0161\u0165uje dlouhou \u017eivotnost a estetick\u00fd vzhled povrchu.<\/p>\n<h3 data-start=\"279\" data-end=\"309\"><strong data-start=\"283\" data-end=\"307\">Vlastnosti produktu:<\/strong><\/h3>\n<p data-start=\"310\" data-end=\"684\"><strong data-start=\"312\" data-end=\"338\">Vysok\u00e1 paropropustnost<\/strong> \u2013 umo\u017e\u0148uje efektivn\u00ed odvod vlhkosti ze zdiva.<br data-start=\"384\" data-end=\"387\" \/><strong data-start=\"389\" data-end=\"412\">Odolnost v\u016f\u010di sol\u00edm<\/strong> \u2013 minimalizuje riziko po\u0161kozen\u00ed v d\u016fsledku krystalizace sol\u00ed.<br data-start=\"474\" data-end=\"477\" \/><strong data-start=\"479\" data-end=\"498\">Snadn\u00e1 aplikace<\/strong> \u2013 mo\u017enost nan\u00e1\u0161en\u00ed ru\u010dn\u011b i strojov\u011b.<br data-start=\"535\" data-end=\"538\" \/><strong data-start=\"540\" data-end=\"565\">Vynikaj\u00edc\u00ed p\u0159ilnavost<\/strong> \u2013 zaji\u0161\u0165uje pevnost a odolnost proti prask\u00e1n\u00ed.<br data-start=\"612\" data-end=\"615\" \/><strong data-start=\"617\" data-end=\"640\">Univerz\u00e1ln\u00ed pou\u017eit\u00ed<\/strong> \u2013 vhodn\u00e1 pro vnit\u0159n\u00ed i venkovn\u00ed aplikace.<\/p>\n<h3 data-start=\"686\" data-end=\"704\"><strong data-start=\"690\" data-end=\"702\">Pou\u017eit\u00ed:<\/strong><\/h3>\n<p data-start=\"705\" data-end=\"922\">Opravy a renovace st\u011bn v obytn\u00fdch, ve\u0159ejn\u00fdch, pr\u016fmyslov\u00fdch i historick\u00fdch budov\u00e1ch.<br data-start=\"791\" data-end=\"794\" \/>Vrchn\u00ed vrstva v syst\u00e9mu renova\u010dn\u00edch om\u00edtek.<br data-start=\"841\" data-end=\"844\" \/>Ide\u00e1ln\u00ed pro zdivo z cihel, kamene, betonu a jin\u00fdch miner\u00e1ln\u00edch materi\u00e1l\u016f.<\/p>\n<p data-start=\"924\" data-end=\"1011\" data-is-last-node=\"\" data-is-only-node=\"\"><strong data-start=\"924\" data-end=\"941\">RENOWATOR 545<\/strong> je ide\u00e1ln\u00ed \u0159e\u0161en\u00ed pro dlouhodobou ochranu a estetick\u00e9 obnoven\u00ed zdiva!<\/p>\n","protected":false},"excerpt":{"rendered":"<blockquote><p>Rhistorick\u00fdch a zabytkowych budov.<\/p>\n<p>Opravy i modernizace mur\u00f3w zniszczonych wilgoci\u0105.<\/p>\n<p>Jako sou\u010d\u00e1st renova\u010dn\u00edch syst\u00e9m\u016f pro sanaci om\u00edtek.<\/p><\/blockquote>\n","protected":false},"featured_media":8964,"comment_status":"open","ping_status":"closed","template":"","meta":{"_acf_changed":false},"product_brand":[],"product_cat":[137,1138],"product_tag":[],"class_list":{"0":"post-8965","1":"product","2":"type-product","3":"status-publish","4":"has-post-thumbnail","6":"product_cat-stavebni-chemie","7":"product_cat-renovacni-system","8":"pa_producent-sempre-cs","10":"first","11":"onbackorder","12":"taxable","13":"shipping-taxable","14":"purchasable","15":"product-type-simple"},"acf":[],"_links":{"self":[{"href":"https:\/\/sklep.thepartners.pl\/cs\/wp-json\/wp\/v2\/product\/8965","targetHints":{"allow":["GET"]}}],"collection":[{"href":"https:\/\/sklep.thepartners.pl\/cs\/wp-json\/wp\/v2\/product"}],"about":[{"href":"https:\/\/sklep.thepartners.pl\/cs\/wp-json\/wp\/v2\/types\/product"}],"replies":[{"embeddable":true,"href":"https:\/\/sklep.thepartners.pl\/cs\/wp-json\/wp\/v2\/comments?post=8965"}],"wp:featuredmedia":[{"embeddable":true,"href":"https:\/\/sklep.thepartners.pl\/cs\/wp-json\/wp\/v2\/media\/8964"}],"wp:attachment":[{"href":"https:\/\/sklep.thepartners.pl\/cs\/wp-json\/wp\/v2\/media?parent=8965"}],"wp:term":[{"taxonomy":"product_brand","embeddable":true,"href":"https:\/\/sklep.thepartners.pl\/cs\/wp-json\/wp\/v2\/product_brand?post=8965"},{"taxonomy":"product_cat","embeddable":true,"href":"https:\/\/sklep.thepartners.pl\/cs\/wp-json\/wp\/v2\/product_cat?post=8965"},{"taxonomy":"product_tag","embeddable":true,"href":"https:\/\/sklep.thepartners.pl\/cs\/wp-json\/wp\/v2\/product_tag?post=8965"}],"curies":[{"name":"wp","href":"https:\/\/api.w.org\/{rel}","templated":true}]}}