{"id":8970,"date":"2024-12-23T10:10:00","date_gmt":"2024-12-23T09:10:00","guid":{"rendered":"https:\/\/sklep.thepartners.pl\/produkt\/renowator-580-gladz-renowacyjna\/"},"modified":"2025-02-25T12:20:25","modified_gmt":"2025-02-25T11:20:25","slug":"renowator-580-gladz-renowacyjna","status":"publish","type":"product","link":"https:\/\/sklep.thepartners.pl\/cs\/produkt\/renowator-580-gladz-renowacyjna\/","title":{"rendered":"RENOWATOR 580 \u2013 Renova\u010dn\u00ed st\u011brka 25 kg"},"content":{"rendered":"<p data-start=\"0\" data-end=\"38\"><strong data-start=\"0\" data-end=\"36\">RENOWATOR 580 \u2013 Renova\u010dn\u00ed st\u011brka<\/strong><\/p>\n<p data-start=\"40\" data-end=\"269\"><strong data-start=\"40\" data-end=\"57\">RENOWATOR 580<\/strong> je specializovan\u00e1 renova\u010dn\u00ed st\u011brka ur\u010den\u00e1 pro dokon\u010dov\u00e1n\u00ed povrch\u016f v renova\u010dn\u00edch syst\u00e9mech. Vyvinuta pro snadn\u00e9 pou\u017eit\u00ed na zdech posti\u017een\u00fdch vlhkost\u00ed a zasolen\u00edm, zaji\u0161\u0165uje estetick\u00fd, hladk\u00fd a trvanliv\u00fd povrch.<\/p>\n<h3 data-start=\"271\" data-end=\"301\"><strong data-start=\"275\" data-end=\"299\">Vlastnosti produktu:<\/strong><\/h3>\n<p data-start=\"302\" data-end=\"695\">\u2705 <strong data-start=\"304\" data-end=\"330\">Vysok\u00e1 paropropustnost<\/strong> \u2013 umo\u017e\u0148uje odv\u00e1d\u011bn\u00ed vlhkosti zevnit\u0159 zdiva.<br data-start=\"374\" data-end=\"377\" \/>\u2705 <strong data-start=\"379\" data-end=\"412\">Odolnost v\u016f\u010di stavebn\u00edm sol\u00edm<\/strong> \u2013 minimalizuje riziko po\u0161kozen\u00ed povrchu krystalizac\u00ed sol\u00ed.<br data-start=\"471\" data-end=\"474\" \/>\u2705 <strong data-start=\"476\" data-end=\"495\">Snadn\u00e1 aplikace<\/strong> \u2013 umo\u017e\u0148uje jednoduch\u00e9 nan\u00e1\u0161en\u00ed a opracov\u00e1n\u00ed ru\u010dn\u011b i strojn\u011b.<br data-start=\"556\" data-end=\"559\" \/>\u2705 <strong data-start=\"561\" data-end=\"587\">Dokonale hladk\u00fd povrch<\/strong> \u2013 zaji\u0161\u0165uje estetick\u00fd vzhled st\u011bn.<br data-start=\"622\" data-end=\"625\" \/>\u2705 <strong data-start=\"627\" data-end=\"651\">Renova\u010dn\u00ed vlastnosti<\/strong> \u2013 ur\u010den\u00e1 pro pou\u017eit\u00ed na renova\u010dn\u00ed om\u00edtky.<\/p>\n<h3 data-start=\"697\" data-end=\"715\"><strong data-start=\"701\" data-end=\"713\">Pou\u017eit\u00ed:<\/strong><\/h3>\n<p data-start=\"716\" data-end=\"914\" data-is-last-node=\"\" data-is-only-node=\"\">\ud83c\udfe0 Jako fin\u00e1ln\u00ed vrstva v renova\u010dn\u00edch syst\u00e9mech.<br data-start=\"763\" data-end=\"766\" \/>\ud83d\udee0\ufe0f Na povrchy renova\u010dn\u00edch om\u00edtek a jin\u00e9 miner\u00e1ln\u00ed podklady.<br data-start=\"826\" data-end=\"829\" \/>\ud83c\udfdb\ufe0f Pro vnit\u0159n\u00ed pou\u017eit\u00ed v obytn\u00fdch, ve\u0159ejn\u00fdch, pr\u016fmyslov\u00fdch a historick\u00fdch objektech.<\/p>\n","protected":false},"excerpt":{"rendered":"<blockquote><p>Vyrovn\u00e1v\u00e1n\u00ed nerovnost\u00ed st\u011bn a strop\u016f.<\/p>\n<p>Renovace star\u00fdch podklad\u016f p\u0159ed malov\u00e1n\u00edm.<\/p>\n<p>Vytvo\u0159en\u00ed hladk\u00e9ho a estetick\u00e9ho povrchu.<\/p><\/blockquote>\n","protected":false},"featured_media":8968,"comment_status":"open","ping_status":"closed","template":"","meta":{"_acf_changed":false},"product_brand":[],"product_cat":[1138,137],"product_tag":[],"class_list":{"0":"post-8970","1":"product","2":"type-product","3":"status-publish","4":"has-post-thumbnail","6":"product_cat-renovacni-system","7":"product_cat-stavebni-chemie","8":"pa_producent-sempre-cs","10":"first","11":"onbackorder","12":"taxable","13":"shipping-taxable","14":"purchasable","15":"product-type-simple"},"acf":[],"_links":{"self":[{"href":"https:\/\/sklep.thepartners.pl\/cs\/wp-json\/wp\/v2\/product\/8970","targetHints":{"allow":["GET"]}}],"collection":[{"href":"https:\/\/sklep.thepartners.pl\/cs\/wp-json\/wp\/v2\/product"}],"about":[{"href":"https:\/\/sklep.thepartners.pl\/cs\/wp-json\/wp\/v2\/types\/product"}],"replies":[{"embeddable":true,"href":"https:\/\/sklep.thepartners.pl\/cs\/wp-json\/wp\/v2\/comments?post=8970"}],"wp:featuredmedia":[{"embeddable":true,"href":"https:\/\/sklep.thepartners.pl\/cs\/wp-json\/wp\/v2\/media\/8968"}],"wp:attachment":[{"href":"https:\/\/sklep.thepartners.pl\/cs\/wp-json\/wp\/v2\/media?parent=8970"}],"wp:term":[{"taxonomy":"product_brand","embeddable":true,"href":"https:\/\/sklep.thepartners.pl\/cs\/wp-json\/wp\/v2\/product_brand?post=8970"},{"taxonomy":"product_cat","embeddable":true,"href":"https:\/\/sklep.thepartners.pl\/cs\/wp-json\/wp\/v2\/product_cat?post=8970"},{"taxonomy":"product_tag","embeddable":true,"href":"https:\/\/sklep.thepartners.pl\/cs\/wp-json\/wp\/v2\/product_tag?post=8970"}],"curies":[{"name":"wp","href":"https:\/\/api.w.org\/{rel}","templated":true}]}}