{"id":9217,"date":"2024-12-30T11:45:29","date_gmt":"2024-12-30T10:45:29","guid":{"rendered":"https:\/\/sklep.thepartners.pl\/produkt\/renowator-585-gladz-renowacyjna-25kg\/"},"modified":"2025-02-24T09:12:28","modified_gmt":"2025-02-24T08:12:28","slug":"renowator-585-gladz-renowacyjna-25kg","status":"publish","type":"product","link":"https:\/\/sklep.thepartners.pl\/cs\/produkt\/renowator-585-gladz-renowacyjna-25kg\/","title":{"rendered":"RENOWATOR 585 \u2013 Renova\u010dn\u00ed st\u011brka 25 kg"},"content":{"rendered":"<p data-start=\"0\" data-end=\"38\"><strong data-start=\"0\" data-end=\"36\">RENOWATOR 585 \u2013 Renova\u010dn\u00ed st\u011brka<\/strong><\/p>\n<p data-start=\"40\" data-end=\"298\">RENOWATOR 585 je renova\u010dn\u00ed st\u011brka ur\u010den\u00e1 k dokon\u010dovac\u00edm \u00faprav\u00e1m st\u011bn v syst\u00e9mech renova\u010dn\u00edch om\u00edtek. Produkt zaji\u0161\u0165uje hladk\u00fd a estetick\u00fd povrch, p\u0159i\u010dem\u017e umo\u017e\u0148uje st\u011bn\u00e1m d\u00fdchat, co\u017e ho \u010din\u00ed ide\u00e1ln\u00ed volbou pro renovace budov vystaven\u00fdch vlhkosti a zasolen\u00ed.<\/p>\n<h3 data-start=\"300\" data-end=\"330\"><strong data-start=\"304\" data-end=\"328\">Vlastnosti produktu:<\/strong><\/h3>\n<p data-start=\"331\" data-end=\"641\"><strong data-start=\"333\" data-end=\"359\">Vysok\u00e1 paropropustnost<\/strong> \u2013 podporuje p\u0159irozenou cirkulaci vzduchu ve st\u011bn\u00e1ch.<br data-start=\"412\" data-end=\"415\" \/><strong data-start=\"417\" data-end=\"454\">Odolnost v\u016f\u010di vlhkosti a zasolen\u00ed<\/strong> \u2013 speci\u00e1ln\u011b ur\u010den\u00fd pro renovaci probl\u00e9mov\u00fdch povrch\u016f.<br data-start=\"508\" data-end=\"511\" \/><strong data-start=\"513\" data-end=\"532\">Snadn\u00e1 aplikace<\/strong> \u2013 vhodn\u00fd pro ru\u010dn\u00ed i strojn\u00ed nan\u00e1\u0161en\u00ed.<br data-start=\"571\" data-end=\"574\" \/><strong data-start=\"576\" data-end=\"599\">Estetick\u00e9 proveden\u00ed<\/strong> \u2013 zaji\u0161\u0165uje hladk\u00fd a rovnom\u011brn\u00fd povrch.<\/p>\n<h3 data-start=\"643\" data-end=\"661\"><strong data-start=\"647\" data-end=\"659\">Pou\u017eit\u00ed:<\/strong><\/h3>\n<p data-start=\"662\" data-end=\"841\" data-is-last-node=\"\" data-is-only-node=\"\">\ud83d\udd39 Dokon\u010dovac\u00ed \u00fapravy v syst\u00e9mech renova\u010dn\u00edch om\u00edtek pro vnit\u0159n\u00ed i vn\u011bj\u0161\u00ed st\u011bny.<br data-start=\"742\" data-end=\"745\" \/>\ud83d\udd39 Renovace historick\u00fdch i modern\u00edch budov.<br data-start=\"788\" data-end=\"791\" \/>\ud83d\udd39 Posledn\u00ed vrstva v syst\u00e9mech renova\u010dn\u00edch om\u00edtek.<\/p>\n","protected":false},"excerpt":{"rendered":"<blockquote><p><strong data-start=\"33\" data-end=\"59\">Vysok\u00e1 paropropustnost<\/strong> \u2013 podporuje proces d\u00fdch\u00e1n\u00ed st\u011bn.<\/p>\n<p><strong data-start=\"97\" data-end=\"134\">Odolnost v\u016f\u010di vlhkosti a zasolen\u00ed<\/strong> \u2013 ur\u010den\u00fd pro renovaci problematick\u00fdch povrch\u016f.<\/p>\n<p><strong data-start=\"186\" data-end=\"205\">Snadn\u00e1 aplikace<\/strong> \u2013 vhodn\u00fd pro ru\u010dn\u00ed i strojn\u00ed nan\u00e1\u0161en\u00ed.<\/p>\n<p><strong data-start=\"249\" data-end=\"272\">Estetick\u00e9 proveden\u00ed<\/strong> \u2013 zaji\u0161\u0165uje jednotn\u00fd, hladk\u00fd povrch.<\/p><\/blockquote>\n","protected":false},"featured_media":9216,"comment_status":"open","ping_status":"closed","template":"","meta":{"_acf_changed":false},"product_brand":[],"product_cat":[137,1138],"product_tag":[],"class_list":{"0":"post-9217","1":"product","2":"type-product","3":"status-publish","4":"has-post-thumbnail","6":"product_cat-stavebni-chemie","7":"product_cat-renovacni-system","8":"pa_pojemnosc-25kg-cs","9":"pa_producent-sempre-cs","11":"first","12":"onbackorder","13":"taxable","14":"shipping-taxable","15":"purchasable","16":"product-type-simple"},"acf":[],"_links":{"self":[{"href":"https:\/\/sklep.thepartners.pl\/cs\/wp-json\/wp\/v2\/product\/9217","targetHints":{"allow":["GET"]}}],"collection":[{"href":"https:\/\/sklep.thepartners.pl\/cs\/wp-json\/wp\/v2\/product"}],"about":[{"href":"https:\/\/sklep.thepartners.pl\/cs\/wp-json\/wp\/v2\/types\/product"}],"replies":[{"embeddable":true,"href":"https:\/\/sklep.thepartners.pl\/cs\/wp-json\/wp\/v2\/comments?post=9217"}],"wp:featuredmedia":[{"embeddable":true,"href":"https:\/\/sklep.thepartners.pl\/cs\/wp-json\/wp\/v2\/media\/9216"}],"wp:attachment":[{"href":"https:\/\/sklep.thepartners.pl\/cs\/wp-json\/wp\/v2\/media?parent=9217"}],"wp:term":[{"taxonomy":"product_brand","embeddable":true,"href":"https:\/\/sklep.thepartners.pl\/cs\/wp-json\/wp\/v2\/product_brand?post=9217"},{"taxonomy":"product_cat","embeddable":true,"href":"https:\/\/sklep.thepartners.pl\/cs\/wp-json\/wp\/v2\/product_cat?post=9217"},{"taxonomy":"product_tag","embeddable":true,"href":"https:\/\/sklep.thepartners.pl\/cs\/wp-json\/wp\/v2\/product_tag?post=9217"}],"curies":[{"name":"wp","href":"https:\/\/api.w.org\/{rel}","templated":true}]}}