{"id":9299,"date":"2024-12-30T12:39:22","date_gmt":"2024-12-30T11:39:22","guid":{"rendered":"https:\/\/sklep.thepartners.pl\/produkt\/renowator-640-renowacyjny-tynk-wapienny-20kg\/"},"modified":"2025-02-24T09:09:13","modified_gmt":"2025-02-24T08:09:13","slug":"renowator-640-renowacyjny-tynk-wapienny-20kg","status":"publish","type":"product","link":"https:\/\/sklep.thepartners.pl\/cs\/produkt\/renowator-640-renowacyjny-tynk-wapienny-20kg\/","title":{"rendered":"RENOWATOR 640 \u2013 Renova\u010dn\u00ed v\u00e1penn\u00e1 om\u00edtka 20 kg"},"content":{"rendered":"<p data-start=\"0\" data-end=\"52\"><strong data-start=\"0\" data-end=\"50\">RENOWATOR 640 \u2013 Renova\u010dn\u00ed v\u00e1penn\u00e1 om\u00edtka 20 kg<\/strong><\/p>\n<p data-start=\"54\" data-end=\"80\"><strong data-start=\"54\" data-end=\"78\">Vlastnosti produktu:<\/strong><\/p>\n<ul data-start=\"81\" data-end=\"457\">\n<li data-start=\"81\" data-end=\"169\"><strong data-start=\"83\" data-end=\"97\">Prody\u0161nost<\/strong> \u2013 zaji\u0161\u0165uje p\u0159irozenou v\u00fdm\u011bnu vodn\u00ed p\u00e1ry a podporuje vysych\u00e1n\u00ed zdiva.<\/li>\n<li data-start=\"170\" data-end=\"257\"><strong data-start=\"172\" data-end=\"199\">Odolnost proti zasolen\u00ed<\/strong> \u2013 \u00fa\u010dinn\u00fd v prost\u0159ed\u00ed s vysok\u00fdm obsahem sol\u00ed v podkladu.<\/li>\n<li data-start=\"258\" data-end=\"323\"><strong data-start=\"260\" data-end=\"282\">Ekologick\u00e9 slo\u017een\u00ed<\/strong> \u2013 na b\u00e1zi v\u00e1pna, bez p\u0159\u00eddavku cementu.<\/li>\n<li data-start=\"324\" data-end=\"394\"><strong data-start=\"326\" data-end=\"347\">Vysok\u00e1 p\u0159ilnavost<\/strong> \u2013 vynikaj\u00edc\u00ed adheze k r\u016fzn\u00fdm typ\u016fm podklad\u016f.<\/li>\n<li data-start=\"395\" data-end=\"457\"><strong data-start=\"397\" data-end=\"416\">Snadn\u00e1 aplikace<\/strong> \u2013 vhodn\u00e1 pro ru\u010dn\u00ed i strojn\u00ed nan\u00e1\u0161en\u00ed.<\/li>\n<\/ul>\n<p data-start=\"459\" data-end=\"473\"><strong data-start=\"459\" data-end=\"471\">Pou\u017eit\u00ed:<\/strong><\/p>\n<ul data-start=\"474\" data-end=\"635\" data-is-last-node=\"\" data-is-only-node=\"\">\n<li data-start=\"474\" data-end=\"539\">Renovace st\u011bn v historick\u00fdch a pam\u00e1tkov\u011b chr\u00e1n\u011bn\u00fdch budov\u00e1ch.<\/li>\n<li data-start=\"540\" data-end=\"589\">Opravy zdiva vystaven\u00e9ho vlhkosti a zasolen\u00ed.<\/li>\n<li data-start=\"590\" data-end=\"635\" data-is-last-node=\"\">Povrchov\u00e1 \u00faprava vnit\u0159n\u00edch i vn\u011bj\u0161\u00edch st\u011bn.<\/li>\n<\/ul>\n","protected":false},"excerpt":{"rendered":"<blockquote>\n<p style=\"text-align: left;\"><strong data-start=\"29\" data-end=\"43\">Prody\u0161nost<\/strong> \u2013 zaji\u0161\u0165uje p\u0159irozenou v\u00fdm\u011bnu vodn\u00ed p\u00e1ry a podporuje vysych\u00e1n\u00ed zdiva.<\/p>\n<p style=\"text-align: left;\"><strong data-start=\"118\" data-end=\"145\">Odolnost proti zasolen\u00ed<\/strong> \u2013 \u00fa\u010dinn\u00fd v prost\u0159ed\u00ed s vysok\u00fdm obsahem sol\u00ed v podkladu.<\/p>\n<p style=\"text-align: left;\"><strong data-start=\"206\" data-end=\"228\">Ekologick\u00e9 slo\u017een\u00ed<\/strong> \u2013 na b\u00e1zi v\u00e1pna, bez p\u0159\u00eddavku cementu.<\/p>\n<p style=\"text-align: left;\"><strong data-start=\"272\" data-end=\"293\">Vysok\u00e1 p\u0159ilnavost<\/strong> \u2013 vynikaj\u00edc\u00ed adheze k r\u016fzn\u00fdm typ\u016fm podklad\u016f.<\/p>\n<p style=\"text-align: left;\"><strong data-start=\"343\" data-end=\"362\">Snadn\u00e1 aplikace<\/strong> \u2013 vhodn\u00e1 pro ru\u010dn\u00ed i strojn\u00ed nan\u00e1\u0161en\u00ed.<\/p>\n<\/blockquote>\n","protected":false},"featured_media":9269,"comment_status":"open","ping_status":"closed","template":"","meta":{"_acf_changed":false},"product_brand":[],"product_cat":[137,1138],"product_tag":[],"class_list":{"0":"post-9299","1":"product","2":"type-product","3":"status-publish","4":"has-post-thumbnail","6":"product_cat-stavebni-chemie","7":"product_cat-renovacni-system","8":"pa_pojemnosc-20kg-cs","9":"pa_producent-sempre-cs","11":"first","12":"onbackorder","13":"taxable","14":"shipping-taxable","15":"purchasable","16":"product-type-simple"},"acf":[],"_links":{"self":[{"href":"https:\/\/sklep.thepartners.pl\/cs\/wp-json\/wp\/v2\/product\/9299","targetHints":{"allow":["GET"]}}],"collection":[{"href":"https:\/\/sklep.thepartners.pl\/cs\/wp-json\/wp\/v2\/product"}],"about":[{"href":"https:\/\/sklep.thepartners.pl\/cs\/wp-json\/wp\/v2\/types\/product"}],"replies":[{"embeddable":true,"href":"https:\/\/sklep.thepartners.pl\/cs\/wp-json\/wp\/v2\/comments?post=9299"}],"wp:featuredmedia":[{"embeddable":true,"href":"https:\/\/sklep.thepartners.pl\/cs\/wp-json\/wp\/v2\/media\/9269"}],"wp:attachment":[{"href":"https:\/\/sklep.thepartners.pl\/cs\/wp-json\/wp\/v2\/media?parent=9299"}],"wp:term":[{"taxonomy":"product_brand","embeddable":true,"href":"https:\/\/sklep.thepartners.pl\/cs\/wp-json\/wp\/v2\/product_brand?post=9299"},{"taxonomy":"product_cat","embeddable":true,"href":"https:\/\/sklep.thepartners.pl\/cs\/wp-json\/wp\/v2\/product_cat?post=9299"},{"taxonomy":"product_tag","embeddable":true,"href":"https:\/\/sklep.thepartners.pl\/cs\/wp-json\/wp\/v2\/product_tag?post=9299"}],"curies":[{"name":"wp","href":"https:\/\/api.w.org\/{rel}","templated":true}]}}