{"id":9362,"date":"2024-12-30T13:12:36","date_gmt":"2024-12-30T12:12:36","guid":{"rendered":"https:\/\/sklep.thepartners.pl\/produkt\/renowator-680-renowacyjna-gladz-wapienna-20kg\/"},"modified":"2025-02-24T09:08:12","modified_gmt":"2025-02-24T08:08:12","slug":"renowator-680-renowacyjna-gladz-wapienna-20kg","status":"publish","type":"product","link":"https:\/\/sklep.thepartners.pl\/cs\/produkt\/renowator-680-renowacyjna-gladz-wapienna-20kg\/","title":{"rendered":"RENOWATOR 680 \u2013 Renova\u010dn\u00ed v\u00e1penn\u00e1 st\u011brka 20 kg"},"content":{"rendered":"<h3 data-start=\"334\" data-end=\"364\"><strong data-start=\"338\" data-end=\"362\">Vlastnosti produktu:<\/strong><\/h3>\n<ul data-start=\"365\" data-end=\"773\">\n<li data-start=\"365\" data-end=\"443\"><strong data-start=\"367\" data-end=\"381\">Prody\u0161nost<\/strong> \u2013 podporuje p\u0159irozenou v\u00fdm\u011bnu vodn\u00ed p\u00e1ry a vysych\u00e1n\u00ed zdiva.<\/li>\n<li data-start=\"444\" data-end=\"520\"><strong data-start=\"446\" data-end=\"466\">P\u0159\u00edrodn\u00ed slo\u017een\u00ed<\/strong> \u2013 na b\u00e1zi v\u00e1pna, bez cementu a syntetick\u00fdch p\u0159\u00edsad.<\/li>\n<li data-start=\"521\" data-end=\"593\"><strong data-start=\"523\" data-end=\"540\">Hladk\u00fd povrch<\/strong> \u2013 umo\u017e\u0148uje dosa\u017een\u00ed estetick\u00e9ho a rovn\u00e9ho povrchu.<\/li>\n<li data-start=\"594\" data-end=\"665\"><strong data-start=\"596\" data-end=\"617\">Snadn\u00e9 zpracov\u00e1n\u00ed<\/strong> \u2013 pohodln\u00e1 aplikace a jednoduch\u00e9 vyhlazov\u00e1n\u00ed.<\/li>\n<li data-start=\"666\" data-end=\"773\"><strong data-start=\"668\" data-end=\"695\">Odolnost proti vlhkosti<\/strong> \u2013 ide\u00e1ln\u00ed pro m\u00edstnosti s vysokou vlhkost\u00ed, jako jsou sklepy nebo koupelny.<\/li>\n<\/ul>\n<h3 data-start=\"775\" data-end=\"793\"><strong data-start=\"779\" data-end=\"791\">Pou\u017eit\u00ed:<\/strong><\/h3>\n<ul data-start=\"794\" data-end=\"948\" data-is-last-node=\"\" data-is-only-node=\"\">\n<li data-start=\"794\" data-end=\"835\">Renovace st\u011bn a strop\u016f v interi\u00e9rech.<\/li>\n<li data-start=\"836\" data-end=\"888\">Obnova hladk\u00fdch povrch\u016f v historick\u00fdch budov\u00e1ch.<\/li>\n<li data-start=\"889\" data-end=\"948\" data-is-last-node=\"\">Fin\u00e1ln\u00ed \u00faprava povrch\u016f v prostorech vystaven\u00fdch vlhkosti.<\/li>\n<\/ul>\n","protected":false},"excerpt":{"rendered":"<blockquote><p><strong data-start=\"33\" data-end=\"47\">Prody\u0161nost<\/strong> \u2013 podporuje p\u0159irozenou v\u00fdm\u011bnu vodn\u00ed p\u00e1ry a vysych\u00e1n\u00ed zdiva.<\/p>\n<p><strong data-start=\"112\" data-end=\"132\">P\u0159\u00edrodn\u00ed slo\u017een\u00ed<\/strong> \u2013 zalo\u017eeno na v\u00e1pn\u011b, bez cementu a um\u011bl\u00fdch p\u0159\u00edsad.<\/p>\n<p><strong data-start=\"188\" data-end=\"205\">Hladk\u00fd povrch<\/strong> \u2013 umo\u017e\u0148uje dosa\u017een\u00ed estetick\u00e9ho a rovn\u00e9ho vzhledu.<\/p>\n<p><strong data-start=\"261\" data-end=\"282\">Snadn\u00e9 zpracov\u00e1n\u00ed<\/strong> \u2013 pohodln\u00e1 aplikace a jednoduch\u00e9 vyhlazov\u00e1n\u00ed.<\/p>\n<p><strong data-start=\"333\" data-end=\"360\">Odolnost proti vlhkosti<\/strong> \u2013 ide\u00e1ln\u00ed pro m\u00edstnosti s vysokou vlhkost\u00ed, jako jsou sklepy nebo koupelny.<\/p><\/blockquote>\n","protected":false},"featured_media":9361,"comment_status":"open","ping_status":"closed","template":"","meta":{"_acf_changed":false},"product_brand":[],"product_cat":[137,1138],"product_tag":[],"class_list":{"0":"post-9362","1":"product","2":"type-product","3":"status-publish","4":"has-post-thumbnail","6":"product_cat-stavebni-chemie","7":"product_cat-renovacni-system","8":"pa_pojemnosc-20kg-cs","9":"pa_producent-sempre-cs","11":"first","12":"onbackorder","13":"taxable","14":"shipping-taxable","15":"purchasable","16":"product-type-simple"},"acf":[],"_links":{"self":[{"href":"https:\/\/sklep.thepartners.pl\/cs\/wp-json\/wp\/v2\/product\/9362","targetHints":{"allow":["GET"]}}],"collection":[{"href":"https:\/\/sklep.thepartners.pl\/cs\/wp-json\/wp\/v2\/product"}],"about":[{"href":"https:\/\/sklep.thepartners.pl\/cs\/wp-json\/wp\/v2\/types\/product"}],"replies":[{"embeddable":true,"href":"https:\/\/sklep.thepartners.pl\/cs\/wp-json\/wp\/v2\/comments?post=9362"}],"wp:featuredmedia":[{"embeddable":true,"href":"https:\/\/sklep.thepartners.pl\/cs\/wp-json\/wp\/v2\/media\/9361"}],"wp:attachment":[{"href":"https:\/\/sklep.thepartners.pl\/cs\/wp-json\/wp\/v2\/media?parent=9362"}],"wp:term":[{"taxonomy":"product_brand","embeddable":true,"href":"https:\/\/sklep.thepartners.pl\/cs\/wp-json\/wp\/v2\/product_brand?post=9362"},{"taxonomy":"product_cat","embeddable":true,"href":"https:\/\/sklep.thepartners.pl\/cs\/wp-json\/wp\/v2\/product_cat?post=9362"},{"taxonomy":"product_tag","embeddable":true,"href":"https:\/\/sklep.thepartners.pl\/cs\/wp-json\/wp\/v2\/product_tag?post=9362"}],"curies":[{"name":"wp","href":"https:\/\/api.w.org\/{rel}","templated":true}]}}