{"id":9411,"date":"2024-12-30T13:38:49","date_gmt":"2024-12-30T12:38:49","guid":{"rendered":"https:\/\/sklep.thepartners.pl\/produkt\/renowator-920-preparat-gruntujacy-pod-farby-krzemianowe-10l\/"},"modified":"2025-02-24T09:00:44","modified_gmt":"2025-02-24T08:00:44","slug":"renowator-920-preparat-gruntujacy-pod-farby-krzemianowe-10l","status":"publish","type":"product","link":"https:\/\/sklep.thepartners.pl\/cs\/produkt\/renowator-920-preparat-gruntujacy-pod-farby-krzemianowe-10l\/","title":{"rendered":"RENOWATOR 920 \u2013 Penetra\u010dn\u00ed p\u0159\u00edpravek pod k\u0159emi\u010dit\u00e9 barvy 10 l"},"content":{"rendered":"<p data-start=\"0\" data-end=\"62\"><strong data-start=\"0\" data-end=\"60\">RENOWATOR 920 \u2013 Penetra\u010dn\u00ed p\u0159\u00edpravek pod k\u0159emi\u010dit\u00e9 barvy<\/strong><\/p>\n<p data-start=\"64\" data-end=\"345\">RENOWATOR 920 je specializovan\u00fd penetra\u010dn\u00ed p\u0159\u00edpravek ur\u010den\u00fd pro aplikaci p\u0159ed nan\u00e1\u0161en\u00edm k\u0159emi\u010dit\u00fdch barev. Produkt \u00fa\u010dinn\u011b zlep\u0161uje p\u0159ilnavost n\u00e1t\u011br\u016f k podkladu a zaji\u0161\u0165uje dlouhotrvaj\u00edc\u00ed estetiku a odolnost na miner\u00e1ln\u00edch povr\u0161\u00edch, jako jsou v\u00e1penn\u00e9, cementov\u00e9 om\u00edtky nebo beton.<\/p>\n<h3 data-start=\"347\" data-end=\"377\"><strong data-start=\"351\" data-end=\"375\">Vlastnosti produktu:<\/strong><\/h3>\n<ul data-start=\"378\" data-end=\"831\">\n<li data-start=\"378\" data-end=\"451\"><strong data-start=\"380\" data-end=\"401\">Vysok\u00e1 p\u0159ilnavost<\/strong> \u2013 zlep\u0161uje adhezi k\u0159emi\u010dit\u00fdch barev k podkladu.<\/li>\n<li data-start=\"452\" data-end=\"554\"><strong data-start=\"454\" data-end=\"480\">Ochrana proti vlhkosti<\/strong> \u2013 chr\u00e1n\u00ed povrch p\u0159ed absorpc\u00ed vody a zaji\u0161\u0165uje dlouhodob\u00fd efekt n\u00e1t\u011bru.<\/li>\n<li data-start=\"555\" data-end=\"678\"><strong data-start=\"557\" data-end=\"581\">Podporuje prody\u0161nost<\/strong> \u2013 umo\u017e\u0148uje p\u0159irozenou cirkulaci vzduchu ve zdivu, co\u017e je kl\u00ed\u010dov\u00e9 zejm\u00e9na u historick\u00fdch budov.<\/li>\n<li data-start=\"679\" data-end=\"770\"><strong data-start=\"681\" data-end=\"708\">Zvy\u0161uje odolnost n\u00e1t\u011bru<\/strong> \u2013 prodlu\u017euje \u017eivotnost malby a zabra\u0148uje jej\u00edmu odlupov\u00e1n\u00ed.<\/li>\n<li data-start=\"771\" data-end=\"831\"><strong data-start=\"773\" data-end=\"792\">Snadn\u00e1 aplikace<\/strong> \u2013 lze nan\u00e1\u0161et \u0161t\u011btcem nebo v\u00e1le\u010dkem.<\/li>\n<\/ul>\n<h3 data-start=\"833\" data-end=\"851\"><strong data-start=\"837\" data-end=\"849\">Pou\u017eit\u00ed:<\/strong><\/h3>\n<ul data-start=\"852\" data-end=\"1088\" data-is-last-node=\"\" data-is-only-node=\"\">\n<li data-start=\"852\" data-end=\"930\">Penetrace povrch\u016f p\u0159ed aplikac\u00ed k\u0159emi\u010dit\u00fdch barev p\u0159i renova\u010dn\u00edch prac\u00edch.<\/li>\n<li data-start=\"931\" data-end=\"1003\">Ide\u00e1ln\u00ed pro miner\u00e1ln\u00ed om\u00edtky, cihly, beton a dal\u0161\u00ed stavebn\u00ed povrchy.<\/li>\n<li data-start=\"1004\" data-end=\"1088\" data-is-last-node=\"\">Mal\u00ed\u0159sk\u00e9 pr\u00e1ce v historick\u00fdch i nov\u00fdch budov\u00e1ch, kde se pou\u017e\u00edvaj\u00ed k\u0159emi\u010dit\u00e9 barvy.<\/li>\n<\/ul>\n","protected":false},"excerpt":{"rendered":"<blockquote><p><strong data-start=\"33\" data-end=\"54\">Vysok\u00e1 p\u0159ilnavost<\/strong> \u2013 zlep\u0161uje adhezi k\u0159emi\u010dit\u00fdch barev k podkladu.<\/p>\n<p><strong data-start=\"107\" data-end=\"133\">Ochrana proti vlhkosti<\/strong> \u2013 chr\u00e1n\u00ed povrch p\u0159ed absorpc\u00ed vody a zaji\u0161\u0165uje dlouhodob\u00fd efekt n\u00e1t\u011bru.<\/p>\n<p><strong data-start=\"210\" data-end=\"234\">Podporuje prody\u0161nost<\/strong> \u2013 umo\u017e\u0148uje p\u0159irozenou cirkulaci vzduchu ve zdivu, co\u017e je kl\u00ed\u010dov\u00e9 zejm\u00e9na u historick\u00fdch budov.<\/p>\n<p><strong data-start=\"334\" data-end=\"361\">Zvy\u0161uje odolnost n\u00e1t\u011bru<\/strong> \u2013 prodlu\u017euje \u017eivotnost malby a zabra\u0148uje jej\u00edmu odlupov\u00e1n\u00ed.<\/p>\n<p><strong data-start=\"426\" data-end=\"445\">Snadn\u00e1 aplikace<\/strong> \u2013 lze nan\u00e1\u0161et \u0161t\u011btcem nebo v\u00e1le\u010dkem.<\/p><\/blockquote>\n","protected":false},"featured_media":9410,"comment_status":"open","ping_status":"closed","template":"","meta":{"_acf_changed":false},"product_brand":[],"product_cat":[1138,137],"product_tag":[],"class_list":{"0":"post-9411","1":"product","2":"type-product","3":"status-publish","4":"has-post-thumbnail","6":"product_cat-renovacni-system","7":"product_cat-stavebni-chemie","8":"pa_kolor-bezbarwny-cs","9":"pa_pojemnosc-10l-cs","10":"pa_producent-sempre-cs","12":"first","13":"onbackorder","14":"taxable","15":"shipping-taxable","16":"purchasable","17":"product-type-simple"},"acf":[],"_links":{"self":[{"href":"https:\/\/sklep.thepartners.pl\/cs\/wp-json\/wp\/v2\/product\/9411","targetHints":{"allow":["GET"]}}],"collection":[{"href":"https:\/\/sklep.thepartners.pl\/cs\/wp-json\/wp\/v2\/product"}],"about":[{"href":"https:\/\/sklep.thepartners.pl\/cs\/wp-json\/wp\/v2\/types\/product"}],"replies":[{"embeddable":true,"href":"https:\/\/sklep.thepartners.pl\/cs\/wp-json\/wp\/v2\/comments?post=9411"}],"wp:featuredmedia":[{"embeddable":true,"href":"https:\/\/sklep.thepartners.pl\/cs\/wp-json\/wp\/v2\/media\/9410"}],"wp:attachment":[{"href":"https:\/\/sklep.thepartners.pl\/cs\/wp-json\/wp\/v2\/media?parent=9411"}],"wp:term":[{"taxonomy":"product_brand","embeddable":true,"href":"https:\/\/sklep.thepartners.pl\/cs\/wp-json\/wp\/v2\/product_brand?post=9411"},{"taxonomy":"product_cat","embeddable":true,"href":"https:\/\/sklep.thepartners.pl\/cs\/wp-json\/wp\/v2\/product_cat?post=9411"},{"taxonomy":"product_tag","embeddable":true,"href":"https:\/\/sklep.thepartners.pl\/cs\/wp-json\/wp\/v2\/product_tag?post=9411"}],"curies":[{"name":"wp","href":"https:\/\/api.w.org\/{rel}","templated":true}]}}