{"id":9429,"date":"2025-01-03T11:18:32","date_gmt":"2025-01-03T10:18:32","guid":{"rendered":"https:\/\/sklep.thepartners.pl\/produkt\/renowator-950-krzemianowa-silikatowa-farba-wewnetrzna-bialy\/"},"modified":"2025-02-21T14:55:34","modified_gmt":"2025-02-21T13:55:34","slug":"renowator-950-krzemianowa-silikatowa-farba-wewnetrzna-bialy","status":"publish","type":"product","link":"https:\/\/sklep.thepartners.pl\/cs\/produkt\/renowator-950-krzemianowa-silikatowa-farba-wewnetrzna-bialy\/","title":{"rendered":"RENOWATOR 950 \u2013 K\u0159emi\u010dit\u00e1 (silik\u00e1tov\u00e1) interi\u00e9rov\u00e1 barva b\u00edl\u00e1"},"content":{"rendered":"<p data-start=\"0\" data-end=\"247\"><strong data-start=\"0\" data-end=\"17\">RENOWATOR 950<\/strong> je vysoce kvalitn\u00ed k\u0159emi\u010dit\u00e1 interi\u00e9rov\u00e1 barva. Vyzna\u010duje se vynikaj\u00edc\u00ed p\u0159ilnavost\u00ed k miner\u00e1ln\u00edm podklad\u016fm, vysokou paropropustnost\u00ed a st\u00e1lost\u00ed barev, co\u017e z n\u00ed \u010din\u00ed ide\u00e1ln\u00ed volbu pro renova\u010dn\u00ed i dekorativn\u00ed pr\u00e1ce v interi\u00e9rech.<\/p>\n<h3 data-start=\"249\" data-end=\"279\"><strong data-start=\"253\" data-end=\"277\">Vlastnosti produktu:<\/strong><\/h3>\n<ul data-start=\"280\" data-end=\"715\">\n<li data-start=\"280\" data-end=\"377\"><strong data-start=\"282\" data-end=\"308\">Vysok\u00e1 paropropustnost<\/strong> \u2013 umo\u017e\u0148uje st\u011bn\u00e1m d\u00fdchat, \u010d\u00edm\u017e zabra\u0148uje vzniku vlhkosti a pl\u00edsn\u00ed.<\/li>\n<li data-start=\"378\" data-end=\"467\"><strong data-start=\"380\" data-end=\"400\">P\u0159\u00edrodn\u00ed slo\u017een\u00ed<\/strong> \u2013 na b\u00e1zi draseln\u00e9ho vodn\u00edho skla, \u0161etrn\u00e9 k \u017eivotn\u00edmu prost\u0159ed\u00ed.<\/li>\n<li data-start=\"468\" data-end=\"573\"><strong data-start=\"470\" data-end=\"482\">Odolnost<\/strong> \u2013 vysok\u00e1 odolnost proti od\u011bru a opakovan\u00e9mu myt\u00ed, dlouhodob\u011b zachov\u00e1v\u00e1 estetick\u00fd vzhled.<\/li>\n<li data-start=\"574\" data-end=\"637\"><strong data-start=\"576\" data-end=\"592\">Matn\u00fd povrch<\/strong> \u2013 zaji\u0161\u0165uje elegantn\u00ed a jemn\u00fd vzhled st\u011bn.<\/li>\n<li data-start=\"638\" data-end=\"715\"><strong data-start=\"640\" data-end=\"665\">Bezpe\u010dnost pro zdrav\u00ed<\/strong> \u2013 n\u00edzk\u00fd obsah t\u011bkav\u00fdch organick\u00fdch l\u00e1tek (VOC).<\/li>\n<\/ul>\n<h3 data-start=\"717\" data-end=\"735\"><strong data-start=\"721\" data-end=\"733\">Pou\u017eit\u00ed:<\/strong><\/h3>\n<ul data-start=\"736\" data-end=\"984\" data-is-only-node=\"\" data-is-last-node=\"\">\n<li data-start=\"736\" data-end=\"781\">N\u00e1t\u011bry st\u011bn a strop\u016f v interi\u00e9rech budov.<\/li>\n<li data-start=\"782\" data-end=\"912\">Aplikace na miner\u00e1ln\u00ed podklady, jako jsou v\u00e1penn\u00e9 a v\u00e1penocementov\u00e9 om\u00edtky, beton a povrchy d\u0159\u00edve nat\u0159en\u00e9 miner\u00e1ln\u00edmi barvami.<\/li>\n<li data-start=\"913\" data-end=\"984\" data-is-last-node=\"\">Ide\u00e1ln\u00ed pro m\u00edstnosti s vy\u0161\u0161\u00ed vlhkost\u00ed, jako jsou kuchyn\u011b a koupelny.<\/li>\n<\/ul>\n","protected":false},"excerpt":{"rendered":"<p>RENOWATOR 950 je vysoce kvalitn\u00ed k\u0159emi\u010dit\u00e1 interi\u00e9rov\u00e1 barva. Vyzna\u010duje se vynikaj\u00edc\u00ed p\u0159ilnavost\u00ed k miner\u00e1ln\u00edm podklad\u016fm, vysokou paropropustnost\u00ed a st\u00e1lost\u00ed barev,<\/p>\n","protected":false},"featured_media":9428,"comment_status":"open","ping_status":"closed","template":"","meta":{"_acf_changed":false},"product_brand":[],"product_cat":[137,1138],"product_tag":[],"class_list":{"0":"post-9429","1":"product","2":"type-product","3":"status-publish","4":"has-post-thumbnail","6":"product_cat-stavebni-chemie","7":"product_cat-renovacni-system","8":"pa_pojemnosc-10l-cs","9":"pa_pojemnosc-5l-cs","10":"pa_producent-sempre-cs","12":"first","13":"onbackorder","14":"taxable","15":"shipping-taxable","16":"purchasable","17":"product-type-variable"},"acf":[],"_links":{"self":[{"href":"https:\/\/sklep.thepartners.pl\/cs\/wp-json\/wp\/v2\/product\/9429","targetHints":{"allow":["GET"]}}],"collection":[{"href":"https:\/\/sklep.thepartners.pl\/cs\/wp-json\/wp\/v2\/product"}],"about":[{"href":"https:\/\/sklep.thepartners.pl\/cs\/wp-json\/wp\/v2\/types\/product"}],"replies":[{"embeddable":true,"href":"https:\/\/sklep.thepartners.pl\/cs\/wp-json\/wp\/v2\/comments?post=9429"}],"wp:featuredmedia":[{"embeddable":true,"href":"https:\/\/sklep.thepartners.pl\/cs\/wp-json\/wp\/v2\/media\/9428"}],"wp:attachment":[{"href":"https:\/\/sklep.thepartners.pl\/cs\/wp-json\/wp\/v2\/media?parent=9429"}],"wp:term":[{"taxonomy":"product_brand","embeddable":true,"href":"https:\/\/sklep.thepartners.pl\/cs\/wp-json\/wp\/v2\/product_brand?post=9429"},{"taxonomy":"product_cat","embeddable":true,"href":"https:\/\/sklep.thepartners.pl\/cs\/wp-json\/wp\/v2\/product_cat?post=9429"},{"taxonomy":"product_tag","embeddable":true,"href":"https:\/\/sklep.thepartners.pl\/cs\/wp-json\/wp\/v2\/product_tag?post=9429"}],"curies":[{"name":"wp","href":"https:\/\/api.w.org\/{rel}","templated":true}]}}