{"id":9438,"date":"2025-01-03T11:43:07","date_gmt":"2025-01-03T10:43:07","guid":{"rendered":"https:\/\/sklep.thepartners.pl\/produkt\/renowator-960-krzemianowa-farba-renowacyjna-zewnetrzna-bialy\/"},"modified":"2025-02-21T14:19:59","modified_gmt":"2025-02-21T13:19:59","slug":"renowator-960-krzemianowa-farba-renowacyjna-zewnetrzna-bialy","status":"publish","type":"product","link":"https:\/\/sklep.thepartners.pl\/cs\/produkt\/renowator-960-krzemianowa-farba-renowacyjna-zewnetrzna-bialy\/","title":{"rendered":"RENOWATOR 960 \u2013 K\u0159emi\u010dit\u00e1 renova\u010dn\u00ed fas\u00e1dn\u00ed barva b\u00edl\u00e1"},"content":{"rendered":"<p data-start=\"0\" data-end=\"243\"><strong data-start=\"0\" data-end=\"17\">RENOWATOR 960<\/strong> je profesion\u00e1ln\u00ed k\u0159emi\u010dit\u00e1 barva ur\u010den\u00e1 k renovaci a ochran\u011b fas\u00e1d. Vynik\u00e1 mimo\u0159\u00e1dnou trvanlivost\u00ed, odolnost\u00ed v\u016f\u010di pov\u011btrnostn\u00edm vliv\u016fm a vysokou paropropustnost\u00ed, co\u017e z n\u00ed \u010din\u00ed ide\u00e1ln\u00ed volbu pro n\u00e1ro\u010dn\u00e9 renova\u010dn\u00ed projekty.<\/p>\n<h3 data-start=\"245\" data-end=\"275\"><strong data-start=\"249\" data-end=\"273\">Vlastnosti produktu:<\/strong><\/h3>\n<ul data-start=\"276\" data-end=\"827\">\n<li data-start=\"276\" data-end=\"363\"><strong data-start=\"278\" data-end=\"304\">Vysok\u00e1 paropropustnost<\/strong> \u2013 umo\u017e\u0148uje st\u011bn\u00e1m d\u00fdchat a zabra\u0148uje hromad\u011bn\u00ed vlhkosti.<\/li>\n<li data-start=\"364\" data-end=\"474\"><strong data-start=\"366\" data-end=\"407\">Odolnost v\u016f\u010di pov\u011btrnostn\u00edm podm\u00ednk\u00e1m<\/strong> \u2013 vynikaj\u00edc\u00ed ochrana proti de\u0161ti, mrazu, UV z\u00e1\u0159en\u00ed a zne\u010di\u0161t\u011bn\u00ed.<\/li>\n<li data-start=\"475\" data-end=\"573\"><strong data-start=\"477\" data-end=\"494\">St\u00e1lost barev<\/strong> \u2013 pigmenty odoln\u00e9 proti vyblednut\u00ed zaji\u0161\u0165uj\u00ed dlouhotrvaj\u00edc\u00ed estetick\u00fd efekt.<\/li>\n<li data-start=\"574\" data-end=\"676\"><strong data-start=\"576\" data-end=\"596\">P\u0159\u00edrodn\u00ed slo\u017een\u00ed<\/strong> \u2013 na b\u00e1zi draseln\u00e9ho vodn\u00edho skla, ekologick\u00e9 a \u0161etrn\u00e9 k \u017eivotn\u00edmu prost\u0159ed\u00ed.<\/li>\n<li data-start=\"677\" data-end=\"743\"><strong data-start=\"679\" data-end=\"695\">Matn\u00fd povrch<\/strong> \u2013 dod\u00e1v\u00e1 fas\u00e1d\u011b elegantn\u00ed a estetick\u00fd vzhled.<\/li>\n<li data-start=\"744\" data-end=\"827\"><strong data-start=\"746\" data-end=\"774\">Ochrana proti zne\u010di\u0161t\u011bn\u00ed<\/strong> \u2013 minimalizuje usazov\u00e1n\u00ed prachu a jin\u00fdch ne\u010distot.<\/li>\n<\/ul>\n<h3 data-start=\"829\" data-end=\"847\"><strong data-start=\"833\" data-end=\"845\">Pou\u017eit\u00ed:<\/strong><\/h3>\n<ul data-start=\"848\" data-end=\"1104\" data-is-only-node=\"\" data-is-last-node=\"\">\n<li data-start=\"848\" data-end=\"991\">N\u00e1t\u011bry fas\u00e1d budov s miner\u00e1ln\u00edmi podklady, jako jsou cementovo-v\u00e1penn\u00e9 a v\u00e1penn\u00e9 om\u00edtky, beton a povrchy d\u0159\u00edve nat\u0159en\u00e9 miner\u00e1ln\u00edmi barvami.<\/li>\n<li data-start=\"992\" data-end=\"1104\" data-is-last-node=\"\">Ide\u00e1ln\u00ed pro historick\u00e9 i modern\u00ed budovy, kde je vy\u017eadov\u00e1na vysok\u00e1 kvalita povrchov\u00e9 \u00fapravy a dlouh\u00e1 \u017eivotnost.<\/li>\n<\/ul>\n","protected":false},"excerpt":{"rendered":"<div class=\"flex max-w-full flex-col flex-grow\">\n<div class=\"min-h-8 text-message flex w-full flex-col items-end gap-2 whitespace-normal break-words text-start [.text-message+&amp;]:mt-5\" dir=\"auto\" data-message-author-role=\"assistant\" data-message-id=\"db4fe222-14d8-4a6d-a6ef-107a24040618\" data-message-model-slug=\"gpt-4o\">\n<div class=\"flex w-full flex-col gap-1 empty:hidden first:pt-[3px]\">\n<div class=\"markdown prose w-full break-words dark:prose-invert light\">\n<blockquote><p><strong data-start=\"2\" data-end=\"28\" data-is-only-node=\"\">Vysok\u00e1 paropropustnost<\/strong> \u2013 umo\u017e\u0148uje st\u011bn\u00e1m d\u00fdchat a zabra\u0148uje hromad\u011bn\u00ed vlhkosti.<\/p>\n<p><strong data-start=\"90\" data-end=\"131\" data-is-only-node=\"\">Odolnost v\u016f\u010di pov\u011btrnostn\u00edm podm\u00ednk\u00e1m<\/strong> \u2013 vynikaj\u00edc\u00ed ochrana proti de\u0161ti, mrazu, UV z\u00e1\u0159en\u00ed a zne\u010di\u0161t\u011bn\u00ed.<\/p>\n<p><strong data-start=\"201\" data-end=\"218\" data-is-only-node=\"\">St\u00e1lost barev<\/strong> \u2013 pigmenty odoln\u00e9 proti vyblednut\u00ed zaji\u0161\u0165uj\u00ed dlouhotrvaj\u00edc\u00ed estetick\u00fd efekt.<\/p>\n<p><strong data-start=\"300\" data-end=\"320\" data-is-only-node=\"\">P\u0159\u00edrodn\u00ed slo\u017een\u00ed<\/strong> \u2013 na b\u00e1zi draseln\u00e9ho vodn\u00edho skla, ekologick\u00e9 a \u0161etrn\u00e9 k \u017eivotn\u00edmu prost\u0159ed\u00ed.<\/p>\n<p><strong data-start=\"403\" data-end=\"419\" data-is-only-node=\"\">Matn\u00fd povrch<\/strong> \u2013 dod\u00e1v\u00e1 fas\u00e1d\u011b elegantn\u00ed a estetick\u00fd vzhled.<\/p>\n<p><strong data-start=\"470\" data-end=\"498\" data-is-only-node=\"\">Ochrana proti zne\u010di\u0161t\u011bn\u00ed<\/strong> \u2013 minimalizuje usazov\u00e1n\u00ed prachu a jin\u00fdch ne\u010distot.<\/p><\/blockquote>\n<\/div>\n<\/div>\n<\/div>\n<\/div>\n<div class=\"mb-2 flex gap-3 empty:hidden -ml-2\">\n<div class=\"items-center justify-start rounded-xl p-1 flex\"><\/div>\n<\/div>\n","protected":false},"featured_media":9437,"comment_status":"open","ping_status":"closed","template":"","meta":{"_acf_changed":false},"product_brand":[],"product_cat":[1138,137],"product_tag":[],"class_list":{"0":"post-9438","1":"product","2":"type-product","3":"status-publish","4":"has-post-thumbnail","6":"product_cat-renovacni-system","7":"product_cat-stavebni-chemie","8":"pa_pojemnosc-10l-cs","9":"pa_pojemnosc-5l-cs","10":"pa_producent-sempre-cs","12":"first","13":"onbackorder","14":"taxable","15":"shipping-taxable","16":"product-type-simple"},"acf":[],"_links":{"self":[{"href":"https:\/\/sklep.thepartners.pl\/cs\/wp-json\/wp\/v2\/product\/9438","targetHints":{"allow":["GET"]}}],"collection":[{"href":"https:\/\/sklep.thepartners.pl\/cs\/wp-json\/wp\/v2\/product"}],"about":[{"href":"https:\/\/sklep.thepartners.pl\/cs\/wp-json\/wp\/v2\/types\/product"}],"replies":[{"embeddable":true,"href":"https:\/\/sklep.thepartners.pl\/cs\/wp-json\/wp\/v2\/comments?post=9438"}],"wp:featuredmedia":[{"embeddable":true,"href":"https:\/\/sklep.thepartners.pl\/cs\/wp-json\/wp\/v2\/media\/9437"}],"wp:attachment":[{"href":"https:\/\/sklep.thepartners.pl\/cs\/wp-json\/wp\/v2\/media?parent=9438"}],"wp:term":[{"taxonomy":"product_brand","embeddable":true,"href":"https:\/\/sklep.thepartners.pl\/cs\/wp-json\/wp\/v2\/product_brand?post=9438"},{"taxonomy":"product_cat","embeddable":true,"href":"https:\/\/sklep.thepartners.pl\/cs\/wp-json\/wp\/v2\/product_cat?post=9438"},{"taxonomy":"product_tag","embeddable":true,"href":"https:\/\/sklep.thepartners.pl\/cs\/wp-json\/wp\/v2\/product_tag?post=9438"}],"curies":[{"name":"wp","href":"https:\/\/api.w.org\/{rel}","templated":true}]}}