{"id":9460,"date":"2025-01-07T10:33:48","date_gmt":"2025-01-07T09:33:48","guid":{"rendered":"https:\/\/sklep.thepartners.pl\/?post_type=product&#038;p=9460"},"modified":"2025-01-07T10:33:48","modified_gmt":"2025-01-07T09:33:48","slug":"izolacni-kamenna-vlna-rockwool-frontrock-premium-%ce%bb-0034","status":"publish","type":"product","link":"https:\/\/sklep.thepartners.pl\/cs\/produkt\/izolacni-kamenna-vlna-rockwool-frontrock-premium-%ce%bb-0034\/","title":{"rendered":"Izola\u010dn\u00ed kamenn\u00e1 vlna Rockwool FRONTROCK PREMIUM \u03bb 0,034"},"content":{"rendered":"<p>Fas\u00e1dn\u00ed deska z neho\u0159lav\u00e9 kamenn\u00e9 vlny <strong>FRONTROCK PREMIUM<\/strong> je \u00fa\u010dinnou tepelnou, akustickou a protipo\u017e\u00e1rn\u00ed izolac\u00ed pro vn\u011bj\u0161\u00ed st\u011bny budov. Zlep\u0161uje energetickou \u00fa\u010dinnost cel\u00e9 budovy a minimalizuje tepeln\u00e9 ztr\u00e1ty.<\/p>\n<p><strong>Pou\u017eit\u00ed produktu<\/strong><\/p>\n<p>Desky z neho\u0159lav\u00e9 kamenn\u00e9 vlny <strong>FRONTROCK PREMIUM<\/strong> se pou\u017e\u00edvaj\u00ed k tepeln\u00e9 izolaci vn\u011bj\u0161\u00edch st\u011bn z cihel, monolitick\u00e9ho betonu nebo prefabrikovan\u00fdch panel\u016f. Produkt je ide\u00e1ln\u00ed volbou pro r\u016fzn\u00e9 typy staveb \u2013 od obytn\u00fdch budov a\u017e po ve\u0159ejn\u00e9 objekty.<\/p>\n<p>Pou\u017eit\u00ed desek <strong>FRONTROCK PREMIUM<\/strong> nab\u00edz\u00ed:<\/p>\n<ul>\n<li><strong>Tepeln\u00fd komfort:<\/strong> P\u0159\u00edjemnou teplotu uvnit\u0159 budovy jak v zim\u011b, tak v l\u00e9t\u011b.<\/li>\n<li><strong>Protipo\u017e\u00e1rn\u00ed bezpe\u010dnost:<\/strong> Nejvy\u0161\u0161\u00ed t\u0159\u00eddu reakce na ohe\u0148 (A1).<\/li>\n<li><strong>Dlouhou \u017eivotnost:<\/strong> Kamenn\u00e1 vlna si zachov\u00e1v\u00e1 sv\u00e9 vlastnosti po celou dobu pou\u017e\u00edv\u00e1n\u00ed, co\u017e sni\u017euje n\u00e1klady na vyt\u00e1p\u011bn\u00ed a p\u0159isp\u00edv\u00e1 k ochran\u011b \u017eivotn\u00edho prost\u0159ed\u00ed.<\/li>\n<\/ul>\n<p>Zvolte <strong>FRONTROCK PREMIUM<\/strong> a z\u00edskejte pohodl\u00ed a bezpe\u010dnost pro v\u00e1\u0161 domov na dlouh\u00e1 l\u00e9ta.<\/p>\n<p><strong>FRONTROCK PREMIUM<\/strong> je ide\u00e1ln\u00ed materi\u00e1l pro profesion\u00e1ly, kte\u0159\u00ed hledaj\u00ed spolehliv\u00e1 a v\u00fdkonn\u00e1 \u0159e\u0161en\u00ed:<\/p>\n<ul>\n<li><strong>Vynikaj\u00edc\u00ed tepeln\u00e1 izolace:<\/strong> Sou\u010dinitel \u03bb=0,034 W\/mK zaji\u0161\u0165uje maxim\u00e1ln\u00ed izola\u010dn\u00ed \u00fa\u010dinnost.<\/li>\n<li><strong>Odolnost proti teplotn\u00edm zm\u011bn\u00e1m:<\/strong> Eliminuje riziko vzniku tepeln\u00fdch most\u016f a zaji\u0161\u0165uje dlouhodobou ochranu budovy.<\/li>\n<li><strong>\u0160irok\u00fd v\u00fdb\u011br tlou\u0161\u0165ky:<\/strong> Od 50 mm do 200 mm \u2013 p\u0159izp\u016fsoben\u00ed po\u017eadavk\u016fm projektu.<\/li>\n<li><strong>Snadn\u00e1 instalace:<\/strong> Stabiln\u00ed a rozm\u011brov\u011b p\u0159esn\u00e9 desky usnad\u0148uj\u00ed pr\u00e1ci mont\u00e1\u017en\u00edm t\u00fdm\u016fm.<\/li>\n<\/ul>\n<p>Pou\u017eit\u00ed desek <strong>FRONTROCK PREMIUM<\/strong> je z\u00e1rukou spokojenosti investor\u016f i odborn\u00edk\u016f, kte\u0159\u00ed cht\u011bj\u00ed zajistit kvalitn\u00ed izolaci a dlouhodob\u011b bezprobl\u00e9mov\u00fd provoz budovy.<\/p>\n","protected":false},"excerpt":{"rendered":"<p>Fas\u00e1dn\u00ed deska z neho\u0159lav\u00e9 kamenn\u00e9 vlny FRONTROCK PREMIUM je \u00fa\u010dinnou tepelnou, akustickou a protipo\u017e\u00e1rn\u00ed izolac\u00ed pro vn\u011bj\u0161\u00ed st\u011bny budov. Zlep\u0161uje<\/p>\n","protected":false},"featured_media":9435,"comment_status":"open","ping_status":"closed","template":"","meta":{"_acf_changed":false},"product_brand":[],"product_cat":[143,150],"product_tag":[1285],"class_list":{"0":"post-9460","1":"product","2":"type-product","3":"status-publish","4":"has-post-thumbnail","6":"product_cat-tepelne-izolace","7":"product_cat-mineralni-vlnu","8":"product_tag-welna-skalna-rockwool-frontrock-premium-cs","9":"product_shipping_class-transport-the-partners-cs","10":"pa_grubosc-10-cm-cs","11":"pa_grubosc-12-cm-cs","12":"pa_grubosc-14-cm-cs","13":"pa_grubosc-15-cm-cs","14":"pa_grubosc-16-cm-cs","15":"pa_grubosc-18-cm-cs","16":"pa_grubosc-20-cm-cs","17":"pa_grubosc-5-cm-cs","18":"pa_grubosc-6-cm-cs","19":"pa_grubosc-8-cm-cs","20":"pa_producent-rockwool-cs","21":"pa_wspolczynnik-przewodzenia-0034-w-mk-cs","23":"first","24":"instock","25":"taxable","26":"shipping-taxable","27":"purchasable","28":"product-type-variable"},"acf":[],"_links":{"self":[{"href":"https:\/\/sklep.thepartners.pl\/cs\/wp-json\/wp\/v2\/product\/9460","targetHints":{"allow":["GET"]}}],"collection":[{"href":"https:\/\/sklep.thepartners.pl\/cs\/wp-json\/wp\/v2\/product"}],"about":[{"href":"https:\/\/sklep.thepartners.pl\/cs\/wp-json\/wp\/v2\/types\/product"}],"replies":[{"embeddable":true,"href":"https:\/\/sklep.thepartners.pl\/cs\/wp-json\/wp\/v2\/comments?post=9460"}],"wp:featuredmedia":[{"embeddable":true,"href":"https:\/\/sklep.thepartners.pl\/cs\/wp-json\/wp\/v2\/media\/9435"}],"wp:attachment":[{"href":"https:\/\/sklep.thepartners.pl\/cs\/wp-json\/wp\/v2\/media?parent=9460"}],"wp:term":[{"taxonomy":"product_brand","embeddable":true,"href":"https:\/\/sklep.thepartners.pl\/cs\/wp-json\/wp\/v2\/product_brand?post=9460"},{"taxonomy":"product_cat","embeddable":true,"href":"https:\/\/sklep.thepartners.pl\/cs\/wp-json\/wp\/v2\/product_cat?post=9460"},{"taxonomy":"product_tag","embeddable":true,"href":"https:\/\/sklep.thepartners.pl\/cs\/wp-json\/wp\/v2\/product_tag?post=9460"}],"curies":[{"name":"wp","href":"https:\/\/api.w.org\/{rel}","templated":true}]}}