{"id":9480,"date":"2025-01-07T10:41:35","date_gmt":"2025-01-07T09:41:35","guid":{"rendered":"https:\/\/sklep.thepartners.pl\/?post_type=product&#038;p=9480"},"modified":"2025-02-21T14:06:53","modified_gmt":"2025-02-21T13:06:53","slug":"bolix-wood-effect-panel-grey","status":"publish","type":"product","link":"https:\/\/sklep.thepartners.pl\/cs\/produkt\/bolix-wood-effect-panel-grey\/","title":{"rendered":"Fas\u00e1dn\u00ed panely BOLIX WOOD EFFECT PANEL Grey"},"content":{"rendered":"<p data-start=\"0\" data-end=\"300\"><strong data-start=\"0\" data-end=\"27\">BOLIX WOOD EFFECT PANEL<\/strong> je inovativn\u00ed dekorativn\u00ed syst\u00e9m ur\u010den\u00fd k vytv\u00e1\u0159en\u00ed povrch\u016f imituj\u00edc\u00edch d\u0159evo. D\u00edky modern\u00ed technologii a precizn\u00edmu zpracov\u00e1n\u00ed detail\u016f d\u0159ev\u011bn\u00e9 struktury tyto panely spojuj\u00ed estetiku p\u0159\u00edrodn\u00edho materi\u00e1lu s trvanlivost\u00ed a odolnost\u00ed typickou pro modern\u00ed fas\u00e1dn\u00ed materi\u00e1ly.<\/p>\n<h3 data-start=\"302\" data-end=\"332\"><strong data-start=\"306\" data-end=\"330\">Vlastnosti produktu:<\/strong><\/h3>\n<ul data-start=\"333\" data-end=\"886\">\n<li data-start=\"333\" data-end=\"420\"><strong data-start=\"335\" data-end=\"364\">Realistick\u00e1 imitace d\u0159eva<\/strong> \u2013 dokonale reprodukovan\u00e9 letokruhy a struktura d\u0159eva.<\/li>\n<li data-start=\"421\" data-end=\"550\"><strong data-start=\"423\" data-end=\"461\">Odolnost v\u016f\u010di pov\u011btrnostn\u00edm vliv\u016fm<\/strong> \u2013 panely jsou odoln\u00e9 proti vlhkosti, UV z\u00e1\u0159en\u00ed, v\u00fdkyv\u016fm teplot i zne\u010di\u0161t\u011bn\u00ed prost\u0159ed\u00ed.<\/li>\n<li data-start=\"551\" data-end=\"630\"><strong data-start=\"553\" data-end=\"571\">N\u00edzk\u00e1 hmotnost<\/strong> \u2013 usnad\u0148uje mont\u00e1\u017e a sni\u017euje zat\u00ed\u017een\u00ed konstrukce budovy.<\/li>\n<li data-start=\"631\" data-end=\"708\"><strong data-start=\"633\" data-end=\"650\">St\u00e1lost barev<\/strong> \u2013 speci\u00e1ln\u00ed pigmenty zaji\u0161\u0165uj\u00ed dlouhotrvaj\u00edc\u00ed estetiku.<\/li>\n<li data-start=\"709\" data-end=\"786\"><strong data-start=\"711\" data-end=\"728\">Snadn\u00e1 \u00fadr\u017eba<\/strong> \u2013 povrch odoln\u00fd proti ne\u010distot\u00e1m a snadno udr\u017eovateln\u00fd.<\/li>\n<li data-start=\"787\" data-end=\"886\"><strong data-start=\"789\" data-end=\"819\">\u0160irok\u00e1 \u0161k\u00e1la vzor\u016f a barev<\/strong> \u2013 mo\u017enost p\u0159izp\u016fsoben\u00ed individu\u00e1ln\u00edm architektonick\u00fdm projekt\u016fm.<\/li>\n<\/ul>\n<h3 data-start=\"888\" data-end=\"906\"><strong data-start=\"892\" data-end=\"904\">Pou\u017eit\u00ed:<\/strong><\/h3>\n<ul data-start=\"907\" data-end=\"1112\" data-is-last-node=\"\" data-is-only-node=\"\">\n<li data-start=\"907\" data-end=\"960\">Fas\u00e1dy obytn\u00fdch, komer\u010dn\u00edch a pr\u016fmyslov\u00fdch budov.<\/li>\n<li data-start=\"961\" data-end=\"1036\">Dekorativn\u00ed interi\u00e9rov\u00e9 obklady \u2013 st\u011bnov\u00e9 akcenty s p\u0159\u00edrodn\u00edm vzhledem.<\/li>\n<li data-start=\"1037\" data-end=\"1112\" data-is-last-node=\"\">Ide\u00e1ln\u00ed pro objekty, kde je po\u017eadov\u00e1n trvanliv\u00fd a modern\u00ed vizu\u00e1ln\u00ed efekt.<\/li>\n<\/ul>\n","protected":false},"excerpt":{"rendered":"<blockquote><p><strong data-start=\"33\" data-end=\"62\">Realistick\u00e1 imitace d\u0159eva<\/strong> \u2013 dokonale reprodukovan\u00e9 letokruhy a struktura d\u0159eva.<\/p>\n<p><strong data-start=\"121\" data-end=\"159\">Odolnost v\u016f\u010di pov\u011btrnostn\u00edm vliv\u016fm<\/strong> \u2013 panely jsou odoln\u00e9 proti vlhkosti, UV z\u00e1\u0159en\u00ed, v\u00fdkyv\u016fm teplot i zne\u010di\u0161t\u011bn\u00ed prost\u0159ed\u00ed.<\/p>\n<p><strong data-start=\"251\" data-end=\"269\">N\u00edzk\u00e1 hmotnost<\/strong> \u2013 usnad\u0148uje mont\u00e1\u017e a sni\u017euje zat\u00ed\u017een\u00ed konstrukce budovy.<\/p>\n<p><strong data-start=\"331\" data-end=\"348\">St\u00e1lost barev<\/strong> \u2013 speci\u00e1ln\u00ed pigmenty zaji\u0161\u0165uj\u00ed dlouhotrvaj\u00edc\u00ed estetiku.<\/p>\n<p><strong data-start=\"409\" data-end=\"426\">Snadn\u00e1 \u00fadr\u017eba<\/strong> \u2013 povrch odoln\u00fd proti ne\u010distot\u00e1m a snadno udr\u017eovateln\u00fd.<\/p>\n<p><strong data-start=\"487\" data-end=\"517\">\u0160irok\u00e1 \u0161k\u00e1la vzor\u016f a barev<\/strong> \u2013 mo\u017enost p\u0159izp\u016fsoben\u00ed individu\u00e1ln\u00edm architektonick\u00fdm projekt\u016fm.<\/p><\/blockquote>\n","protected":false},"featured_media":9472,"comment_status":"open","ping_status":"closed","template":"","meta":{"_acf_changed":false},"product_brand":[],"product_cat":[1304],"product_tag":[],"class_list":{"0":"post-9480","1":"product","2":"type-product","3":"status-publish","4":"has-post-thumbnail","6":"product_cat-panele-scienne-cs","7":"product_shipping_class-kurier-cs","8":"pa_producent-bolix-cs-2","9":"pa_wydajnosc-3-m2-cs","11":"first","12":"instock","13":"taxable","14":"shipping-taxable","15":"purchasable","16":"product-type-simple"},"acf":[],"_links":{"self":[{"href":"https:\/\/sklep.thepartners.pl\/cs\/wp-json\/wp\/v2\/product\/9480","targetHints":{"allow":["GET"]}}],"collection":[{"href":"https:\/\/sklep.thepartners.pl\/cs\/wp-json\/wp\/v2\/product"}],"about":[{"href":"https:\/\/sklep.thepartners.pl\/cs\/wp-json\/wp\/v2\/types\/product"}],"replies":[{"embeddable":true,"href":"https:\/\/sklep.thepartners.pl\/cs\/wp-json\/wp\/v2\/comments?post=9480"}],"wp:featuredmedia":[{"embeddable":true,"href":"https:\/\/sklep.thepartners.pl\/cs\/wp-json\/wp\/v2\/media\/9472"}],"wp:attachment":[{"href":"https:\/\/sklep.thepartners.pl\/cs\/wp-json\/wp\/v2\/media?parent=9480"}],"wp:term":[{"taxonomy":"product_brand","embeddable":true,"href":"https:\/\/sklep.thepartners.pl\/cs\/wp-json\/wp\/v2\/product_brand?post=9480"},{"taxonomy":"product_cat","embeddable":true,"href":"https:\/\/sklep.thepartners.pl\/cs\/wp-json\/wp\/v2\/product_cat?post=9480"},{"taxonomy":"product_tag","embeddable":true,"href":"https:\/\/sklep.thepartners.pl\/cs\/wp-json\/wp\/v2\/product_tag?post=9480"}],"curies":[{"name":"wp","href":"https:\/\/api.w.org\/{rel}","templated":true}]}}