{"id":9484,"date":"2025-01-07T10:42:10","date_gmt":"2025-01-07T09:42:10","guid":{"rendered":"https:\/\/sklep.thepartners.pl\/?post_type=product&#038;p=9484"},"modified":"2025-02-20T14:56:15","modified_gmt":"2025-02-20T13:56:15","slug":"bolix-wood-effect-panel-golden","status":"publish","type":"product","link":"https:\/\/sklep.thepartners.pl\/cs\/produkt\/bolix-wood-effect-panel-golden\/","title":{"rendered":"Fas\u00e1dn\u00ed panely BOLIX WOOD EFFECT PANEL Golden"},"content":{"rendered":"<p data-start=\"0\" data-end=\"290\"><strong data-start=\"0\" data-end=\"27\">BOLIX WOOD EFFECT PANEL<\/strong> je inovativn\u00ed dekorativn\u00ed syst\u00e9m ur\u010den\u00fd k vytv\u00e1\u0159en\u00ed povrch\u016f imituj\u00edc\u00edch d\u0159evo. D\u00edky modern\u00ed technologii a p\u0159esn\u00e9mu zobrazen\u00ed detail\u016f d\u0159ev\u011bn\u00e9 struktury kombinuj\u00ed tyto panely estetiku p\u0159\u00edrodn\u00edho materi\u00e1lu s odolnost\u00ed a trvanlivost\u00ed modern\u00edch fas\u00e1dn\u00edch materi\u00e1l\u016f.<\/p>\n<h3 data-start=\"292\" data-end=\"322\"><strong data-start=\"296\" data-end=\"320\">Vlastnosti produktu:<\/strong><\/h3>\n<p data-start=\"323\" data-end=\"850\">\u2705 <strong data-start=\"325\" data-end=\"354\">Realistick\u00e1 imitace d\u0159eva<\/strong> \u2013 perfektn\u011b vykreslen\u00e9 letokruhy a struktura d\u0159eva.<br data-start=\"406\" data-end=\"409\" \/>\u2705 <strong data-start=\"411\" data-end=\"452\">Odolnost v\u016f\u010di pov\u011btrnostn\u00edm podm\u00ednk\u00e1m<\/strong> \u2013 odoln\u00e9 proti vlhkosti, UV z\u00e1\u0159en\u00ed, teplotn\u00edm v\u00fdkyv\u016fm a zne\u010di\u0161t\u011bn\u00ed.<br data-start=\"520\" data-end=\"523\" data-is-only-node=\"\" \/>\u2705 <strong data-start=\"525\" data-end=\"543\">N\u00edzk\u00e1 hmotnost<\/strong> \u2013 usnad\u0148uje mont\u00e1\u017e a sni\u017euje zat\u00ed\u017een\u00ed konstrukce budovy.<br data-start=\"600\" data-end=\"603\" \/>\u2705 <strong data-start=\"605\" data-end=\"622\">St\u00e1lost barev<\/strong> \u2013 speci\u00e1ln\u00ed pigmenty zaji\u0161\u0165uj\u00ed dlouhodobou estetiku.<br data-start=\"675\" data-end=\"678\" \/>\u2705 <strong data-start=\"680\" data-end=\"697\">Snadn\u00e1 \u00fadr\u017eba<\/strong> \u2013 povrch odoln\u00fd v\u016f\u010di ne\u010distot\u00e1m a snadno se \u010dist\u00ed.<br data-start=\"748\" data-end=\"751\" \/>\u2705 <strong data-start=\"753\" data-end=\"783\">\u0160irok\u00fd v\u00fdb\u011br vzor\u016f a barev<\/strong> \u2013 mo\u017enost p\u0159izp\u016fsoben\u00ed individu\u00e1ln\u00edm architektonick\u00fdm projekt\u016fm.<\/p>\n<h3 data-start=\"852\" data-end=\"870\"><strong data-start=\"856\" data-end=\"868\">Pou\u017eit\u00ed:<\/strong><\/h3>\n<p data-start=\"871\" data-end=\"1064\" data-is-only-node=\"\" data-is-last-node=\"\">\ud83c\udfe1 Fas\u00e1dy obytn\u00fdch, komer\u010dn\u00edch a pr\u016fmyslov\u00fdch budov.<br data-start=\"923\" data-end=\"926\" \/>\ud83c\udfa8 Dekorativn\u00ed \u00fapravy interi\u00e9r\u016f \u2013 p\u0159\u00edrodn\u00ed st\u011bnov\u00e9 akcenty.<br data-start=\"985\" data-end=\"988\" \/>\ud83c\udfe2 Ide\u00e1ln\u00ed pro objekty, kde je vy\u017eadov\u00e1n trvanliv\u00fd a modern\u00ed vizu\u00e1ln\u00ed efekt.<\/p>\n","protected":false},"excerpt":{"rendered":"<blockquote><p><strong data-start=\"2\" data-end=\"31\">Realistick\u00e1 imitace d\u0159eva<\/strong> \u2013 perfektn\u011b vykreslen\u00e9 letokruhy a struktura d\u0159eva.<\/p>\n<p><strong data-start=\"88\" data-end=\"129\">Odolnost v\u016f\u010di pov\u011btrnostn\u00edm podm\u00ednk\u00e1m<\/strong> \u2013 panely jsou odoln\u00e9 proti vlhkosti, UV z\u00e1\u0159en\u00ed, teplotn\u00edm v\u00fdkyv\u016fm a zne\u010di\u0161t\u011bn\u00ed.<\/p>\n<p><strong data-start=\"214\" data-end=\"232\">N\u00edzk\u00e1 hmotnost<\/strong> \u2013 usnad\u0148uje mont\u00e1\u017e a sni\u017euje zat\u00ed\u017een\u00ed konstrukce budovy.<\/p>\n<p><strong data-start=\"294\" data-end=\"311\">St\u00e1lost barev<\/strong> \u2013 pou\u017eit\u00e9 pigmenty zaji\u0161\u0165uj\u00ed dlouhodobou estetiku.<\/p>\n<p><strong data-start=\"367\" data-end=\"384\">Snadn\u00e1 \u00fadr\u017eba<\/strong> \u2013 povrch odoln\u00fd v\u016f\u010di ne\u010distot\u00e1m a snadno se \u010dist\u00ed.<\/p>\n<p><strong data-start=\"440\" data-end=\"470\">\u0160irok\u00fd v\u00fdb\u011br vzor\u016f a barev<\/strong> \u2013 mo\u017enost p\u0159izp\u016fsoben\u00ed individu\u00e1ln\u00edm architektonick\u00fdm projekt\u016fm.<\/p><\/blockquote>\n","protected":false},"featured_media":9604,"comment_status":"open","ping_status":"closed","template":"","meta":{"_acf_changed":false},"product_brand":[],"product_cat":[1304],"product_tag":[],"class_list":{"0":"post-9484","1":"product","2":"type-product","3":"status-publish","4":"has-post-thumbnail","6":"product_cat-panele-scienne-cs","7":"product_shipping_class-kurier-cs","8":"pa_producent-bolix-cs-2","9":"pa_wydajnosc-3-m2-cs","11":"first","12":"instock","13":"taxable","14":"shipping-taxable","15":"purchasable","16":"product-type-simple"},"acf":[],"_links":{"self":[{"href":"https:\/\/sklep.thepartners.pl\/cs\/wp-json\/wp\/v2\/product\/9484","targetHints":{"allow":["GET"]}}],"collection":[{"href":"https:\/\/sklep.thepartners.pl\/cs\/wp-json\/wp\/v2\/product"}],"about":[{"href":"https:\/\/sklep.thepartners.pl\/cs\/wp-json\/wp\/v2\/types\/product"}],"replies":[{"embeddable":true,"href":"https:\/\/sklep.thepartners.pl\/cs\/wp-json\/wp\/v2\/comments?post=9484"}],"wp:featuredmedia":[{"embeddable":true,"href":"https:\/\/sklep.thepartners.pl\/cs\/wp-json\/wp\/v2\/media\/9604"}],"wp:attachment":[{"href":"https:\/\/sklep.thepartners.pl\/cs\/wp-json\/wp\/v2\/media?parent=9484"}],"wp:term":[{"taxonomy":"product_brand","embeddable":true,"href":"https:\/\/sklep.thepartners.pl\/cs\/wp-json\/wp\/v2\/product_brand?post=9484"},{"taxonomy":"product_cat","embeddable":true,"href":"https:\/\/sklep.thepartners.pl\/cs\/wp-json\/wp\/v2\/product_cat?post=9484"},{"taxonomy":"product_tag","embeddable":true,"href":"https:\/\/sklep.thepartners.pl\/cs\/wp-json\/wp\/v2\/product_tag?post=9484"}],"curies":[{"name":"wp","href":"https:\/\/api.w.org\/{rel}","templated":true}]}}