{"id":9494,"date":"2025-01-07T10:42:41","date_gmt":"2025-01-07T09:42:41","guid":{"rendered":"https:\/\/sklep.thepartners.pl\/?post_type=product&#038;p=9494"},"modified":"2025-01-31T10:38:59","modified_gmt":"2025-01-31T09:38:59","slug":"bolix-wood-effect-panel-white-oak-natural-oak","status":"publish","type":"product","link":"https:\/\/sklep.thepartners.pl\/cs\/produkt\/bolix-wood-effect-panel-white-oak-natural-oak\/","title":{"rendered":"Fas\u00e1dn\u00ed panely BOLIX WOOD EFFECT PANEL Natural Oak"},"content":{"rendered":"<p><strong>BOLIX WOOD EFFECT PANEL <\/strong>je inovativn\u00ed dekorativn\u00ed syst\u00e9m ur\u010den\u00fd k vytv\u00e1\u0159en\u00ed povrch\u016f imituj\u00edc\u00edch d\u0159evo. D\u00edky modern\u00ed technologii a p\u0159esn\u00e9 reprodukci detail\u016f struktury d\u0159eva spojuj\u00ed tyto panely estetiku p\u0159\u00edrodn\u00edho materi\u00e1lu s trvanlivost\u00ed a odolnost\u00ed charakteristickou pro modern\u00ed fas\u00e1dn\u00ed materi\u00e1ly.<\/p>\n<p><strong>Vlastnosti produktu:<\/strong><br \/>\nRealistick\u00e1 imitace d\u0159eva &#8211; dokonale reprodukovan\u00e1 kresba a struktura d\u0159eva.<br \/>\nOdolnost v\u016f\u010di pov\u011btrnostn\u00edm vliv\u016fm &#8211; panely jsou odoln\u00e9 proti vlhkosti, UV z\u00e1\u0159en\u00ed, m\u011bn\u00edc\u00edm se teplot\u00e1m a zne\u010di\u0161t\u011bn\u00ed \u017eivotn\u00edho prost\u0159ed\u00ed.<br \/>\nN\u00edzk\u00e1 hmotnost \u2013 usnad\u0148uje instalaci a sni\u017euje zat\u00ed\u017een\u00ed stavebn\u00ed konstrukce.<br \/>\nBarevn\u00e1 st\u00e1lost \u2013 pou\u017eit\u00e9 pigmenty zaru\u010duj\u00ed dlouhotrvaj\u00edc\u00ed estetiku.<br \/>\nSnadno se udr\u017euje v \u010distot\u011b &#8211; povrch je odoln\u00fd v\u016f\u010di ne\u010distot\u00e1m a snadno se udr\u017euje.<br \/>\n\u0160irok\u00fd v\u00fdb\u011br vzor\u016f a barev &#8211; lze p\u0159izp\u016fsobit individu\u00e1ln\u00edm architektonick\u00fdm n\u00e1vrh\u016fm.<br \/>\n<strong>Aplikace:<\/strong><br \/>\nVenkovn\u00ed fas\u00e1dy bytov\u00fdch, komer\u010dn\u00edch a pr\u016fmyslov\u00fdch objekt\u016f.<br \/>\nDekorativn\u00ed \u00fapravy interi\u00e9ru \u2013 akcenty st\u011bn s p\u0159\u00edrodn\u00edm charakterem.<br \/>\nIde\u00e1ln\u00ed pro za\u0159\u00edzen\u00ed, kde je vy\u017eadov\u00e1n odoln\u00fd a modern\u00ed vizu\u00e1ln\u00ed efekt.<\/p>\n","protected":false},"excerpt":{"rendered":"<h3>Vlastnosti produktu:<br \/>\nRealistick\u00e1 imitace d\u0159eva &#8211; dokonale reprodukovan\u00e1 kresba a struktura d\u0159eva.<br \/>\nOdolnost v\u016f\u010di pov\u011btrnostn\u00edm vliv\u016fm &#8211; panely jsou odoln\u00e9 proti vlhkosti, UV z\u00e1\u0159en\u00ed, m\u011bn\u00edc\u00edm se teplot\u00e1m a zne\u010di\u0161t\u011bn\u00ed \u017eivotn\u00edho prost\u0159ed\u00ed.<br \/>\nN\u00edzk\u00e1 hmotnost \u2013 usnad\u0148uje instalaci a sni\u017euje zat\u00ed\u017een\u00ed stavebn\u00ed konstrukce.<br \/>\nBarevn\u00e1 st\u00e1lost \u2013 pou\u017eit\u00e9 pigmenty zaru\u010duj\u00ed dlouhotrvaj\u00edc\u00ed estetiku.<br \/>\nSnadno se udr\u017euje v \u010distot\u011b &#8211; povrch je odoln\u00fd v\u016f\u010di ne\u010distot\u00e1m a snadno se udr\u017euje.<br \/>\n\u0160irok\u00fd v\u00fdb\u011br vzor\u016f a barev &#8211; lze p\u0159izp\u016fsobit individu\u00e1ln\u00edm architektonick\u00fdm n\u00e1vrh\u016fm.<\/h3>\n<h3><\/h3>\n","protected":false},"featured_media":9501,"comment_status":"open","ping_status":"closed","template":"","meta":{"_acf_changed":false},"product_brand":[],"product_cat":[1304],"product_tag":[],"class_list":{"0":"post-9494","1":"product","2":"type-product","3":"status-publish","4":"has-post-thumbnail","6":"product_cat-panele-scienne-cs","7":"product_shipping_class-kurier-cs","8":"pa_producent-bolix-cs-2","9":"pa_wydajnosc-3-m2-cs","11":"first","12":"instock","13":"taxable","14":"shipping-taxable","15":"purchasable","16":"product-type-simple"},"acf":[],"_links":{"self":[{"href":"https:\/\/sklep.thepartners.pl\/cs\/wp-json\/wp\/v2\/product\/9494","targetHints":{"allow":["GET"]}}],"collection":[{"href":"https:\/\/sklep.thepartners.pl\/cs\/wp-json\/wp\/v2\/product"}],"about":[{"href":"https:\/\/sklep.thepartners.pl\/cs\/wp-json\/wp\/v2\/types\/product"}],"replies":[{"embeddable":true,"href":"https:\/\/sklep.thepartners.pl\/cs\/wp-json\/wp\/v2\/comments?post=9494"}],"wp:featuredmedia":[{"embeddable":true,"href":"https:\/\/sklep.thepartners.pl\/cs\/wp-json\/wp\/v2\/media\/9501"}],"wp:attachment":[{"href":"https:\/\/sklep.thepartners.pl\/cs\/wp-json\/wp\/v2\/media?parent=9494"}],"wp:term":[{"taxonomy":"product_brand","embeddable":true,"href":"https:\/\/sklep.thepartners.pl\/cs\/wp-json\/wp\/v2\/product_brand?post=9494"},{"taxonomy":"product_cat","embeddable":true,"href":"https:\/\/sklep.thepartners.pl\/cs\/wp-json\/wp\/v2\/product_cat?post=9494"},{"taxonomy":"product_tag","embeddable":true,"href":"https:\/\/sklep.thepartners.pl\/cs\/wp-json\/wp\/v2\/product_tag?post=9494"}],"curies":[{"name":"wp","href":"https:\/\/api.w.org\/{rel}","templated":true}]}}