{"id":9510,"date":"2025-01-07T13:13:31","date_gmt":"2025-01-07T12:13:31","guid":{"rendered":"https:\/\/sklep.thepartners.pl\/?post_type=product&#038;p=9510"},"modified":"2025-01-07T13:13:31","modified_gmt":"2025-01-07T12:13:31","slug":"izolacni-kamenna-vlna-rockwool-frontrock-super-%ce%bb-0036","status":"publish","type":"product","link":"https:\/\/sklep.thepartners.pl\/cs\/produkt\/izolacni-kamenna-vlna-rockwool-frontrock-super-%ce%bb-0036\/","title":{"rendered":"Izola\u010dn\u00ed kamenn\u00e1 vlna Rockwool FRONTROCK SUPER \u03bb 0,036"},"content":{"rendered":"<p data-pm-slice=\"1 1 []\">Desky <strong>Rockwool FRONTROCK SUPER<\/strong> z neho\u0159lav\u00e9 kamenn\u00e9 vlny jsou prvot\u0159\u00eddn\u00edm \u0159e\u0161en\u00edm pro tepelnou, akustickou a protipo\u017e\u00e1rn\u00ed izolaci fas\u00e1d. Produkt poskytuje vynikaj\u00edc\u00ed ochranu budovy, zvy\u0161uje jej\u00ed energetickou \u00fa\u010dinnost a dlouhodobou \u017eivotnost.<\/p>\n<p><strong>Vlastnosti produktu<\/strong><\/p>\n<p><strong>FRONTROCK SUPER<\/strong> nab\u00edz\u00ed \u0161pi\u010dkov\u00e9 vlastnosti:<\/p>\n<ul data-spread=\"false\">\n<li><strong>Neho\u0159lavost<\/strong>: Nejvy\u0161\u0161\u00ed t\u0159\u00edda reakce na ohe\u0148 \u2013 A1, kter\u00e1 zaru\u010duje maxim\u00e1ln\u00ed bezpe\u010dnost.<\/li>\n<li><strong>Tepeln\u00e1 izolace<\/strong>: Sou\u010dinitel \u03bb = 0,035 W\/mK zaji\u0161\u0165uje minim\u00e1ln\u00ed ztr\u00e1ty tepla.<\/li>\n<li><strong>Akustick\u00e1 izolace<\/strong>: V\u00fdrazn\u00e9 sn\u00ed\u017een\u00ed hlu\u010dnosti z venkovn\u00edho prost\u0159ed\u00ed.<\/li>\n<li><strong>Trvanlivost<\/strong>: Kamenn\u00e1 vlna si dlouhodob\u011b zachov\u00e1v\u00e1 sv\u00e9 vlastnosti.<\/li>\n<\/ul>\n<p><strong>Pou\u017eit\u00ed produktu<\/strong><\/p>\n<p>Desky <strong>FRONTROCK SUPER<\/strong> jsou ide\u00e1ln\u00ed pro izolaci:<\/p>\n<ul data-spread=\"false\">\n<li>Vn\u011bj\u0161\u00edch st\u011bn z cihel, monolitick\u00e9ho betonu a prefabrikovan\u00fdch panel\u016f.<\/li>\n<li>Reziden\u010dn\u00edch budov, komer\u010dn\u00edch objekt\u016f a ve\u0159ejn\u00fdch staveb.<\/li>\n<li>Fas\u00e1d prov\u00e1d\u011bn\u00fdch v technologii ETICS.<\/li>\n<\/ul>\n<p><strong>Pro\u010d zvolit Rockwool FRONTROCK SUPER?<\/strong><\/p>\n<ul data-spread=\"false\">\n<li><strong>\u00daspora n\u00e1klad\u016f:<\/strong> Efektivn\u00ed tepeln\u00e1 izolace sni\u017euje v\u00fddaje za vyt\u00e1p\u011bn\u00ed.<\/li>\n<li><strong>Bezpe\u010dnost:<\/strong> Nejvy\u0161\u0161\u00ed protipo\u017e\u00e1rn\u00ed ochrana d\u00edky neho\u0159lavosti.<\/li>\n<li><strong>Komfort:<\/strong> Tich\u00fd a p\u0159\u00edjemn\u00fd interi\u00e9r d\u00edky akustick\u00fdm vlastnostem.<\/li>\n<li><strong>Odolnost:<\/strong> Dlouhodob\u00e1 stabilita a trvanlivost fas\u00e1dy.<\/li>\n<\/ul>\n<p><strong>FRONTROCK SUPER<\/strong> je z\u00e1rukou kvality, kter\u00e1 spln\u00ed po\u017eadavky i t\u011bch nejn\u00e1ro\u010dn\u011bj\u0161\u00edch projekt\u016f.<\/p>\n<p>&nbsp;<\/p>\n","protected":false},"excerpt":{"rendered":"<p>Desky Rockwool FRONTROCK SUPER z neho\u0159lav\u00e9 kamenn\u00e9 vlny jsou prvot\u0159\u00eddn\u00edm \u0159e\u0161en\u00edm pro tepelnou, akustickou a protipo\u017e\u00e1rn\u00ed izolaci fas\u00e1d. Produkt poskytuje<\/p>\n","protected":false},"featured_media":9527,"comment_status":"open","ping_status":"closed","template":"","meta":{"_acf_changed":false},"product_brand":[],"product_cat":[143,150],"product_tag":[1290],"class_list":{"0":"post-9510","1":"product","2":"type-product","3":"status-publish","4":"has-post-thumbnail","6":"product_cat-tepelne-izolace","7":"product_cat-mineralni-vlnu","8":"product_tag-welna-skalna-rockwool-frontrock-super-cs","9":"product_shipping_class-transport-the-partners-cs","10":"pa_grubosc-10-cm-cs","11":"pa_grubosc-12-cm-cs","12":"pa_grubosc-14-cm-cs","13":"pa_grubosc-15-cm-cs","14":"pa_grubosc-16-cm-cs","15":"pa_grubosc-18-cm-cs","16":"pa_grubosc-20-cm-cs","17":"pa_grubosc-8-cm-cs","18":"pa_producent-rockwool-cs","19":"pa_wspolczynnik-przewodzenia-0036-wmk-cs","21":"first","22":"instock","23":"taxable","24":"shipping-taxable","25":"purchasable","26":"product-type-variable"},"acf":[],"_links":{"self":[{"href":"https:\/\/sklep.thepartners.pl\/cs\/wp-json\/wp\/v2\/product\/9510","targetHints":{"allow":["GET"]}}],"collection":[{"href":"https:\/\/sklep.thepartners.pl\/cs\/wp-json\/wp\/v2\/product"}],"about":[{"href":"https:\/\/sklep.thepartners.pl\/cs\/wp-json\/wp\/v2\/types\/product"}],"replies":[{"embeddable":true,"href":"https:\/\/sklep.thepartners.pl\/cs\/wp-json\/wp\/v2\/comments?post=9510"}],"wp:featuredmedia":[{"embeddable":true,"href":"https:\/\/sklep.thepartners.pl\/cs\/wp-json\/wp\/v2\/media\/9527"}],"wp:attachment":[{"href":"https:\/\/sklep.thepartners.pl\/cs\/wp-json\/wp\/v2\/media?parent=9510"}],"wp:term":[{"taxonomy":"product_brand","embeddable":true,"href":"https:\/\/sklep.thepartners.pl\/cs\/wp-json\/wp\/v2\/product_brand?post=9510"},{"taxonomy":"product_cat","embeddable":true,"href":"https:\/\/sklep.thepartners.pl\/cs\/wp-json\/wp\/v2\/product_cat?post=9510"},{"taxonomy":"product_tag","embeddable":true,"href":"https:\/\/sklep.thepartners.pl\/cs\/wp-json\/wp\/v2\/product_tag?post=9510"}],"curies":[{"name":"wp","href":"https:\/\/api.w.org\/{rel}","templated":true}]}}