{"id":9572,"date":"2025-01-08T12:28:31","date_gmt":"2025-01-08T11:28:31","guid":{"rendered":"https:\/\/sklep.thepartners.pl\/produkt\/atlas-plus-klej-wysokoelastyczny-odksztalcalny-2-10-mm-c2te-s1-podwojna-moc-wlokien-i-polimerow\/"},"modified":"2025-01-08T14:16:41","modified_gmt":"2025-01-08T13:16:41","slug":"atlas-plus-klej-wysokoelastyczny-odksztalcalny-2-10-mm-c2te-s1-podwojna-moc-wlokien-i-polimerow","status":"publish","type":"product","link":"https:\/\/sklep.thepartners.pl\/cs\/produkt\/atlas-plus-klej-wysokoelastyczny-odksztalcalny-2-10-mm-c2te-s1-podwojna-moc-wlokien-i-polimerow\/","title":{"rendered":"ATLAS PLUS vysoce elastick\u00e9, deformovateln\u00e9 lepidlo 2-10 mm"},"content":{"rendered":"<p><strong>Vlastnosti produktu:<\/strong><\/p>\n<p>Rozsah tlou\u0161\u0165ky vrstvy: 2-10 mm.<br \/>\nKlasifikace: C2TE S1 (podle normy PN-EN 12004).<br \/>\nPou\u017eit\u00ed: Na keramick\u00e9 obklady, kameninu, p\u0159\u00edrodn\u00ed k\u00e1men (necitliv\u00fd na zm\u011bnu barvy). Ide\u00e1ln\u00ed pro r\u016fzn\u00e9 podklady, v\u010detn\u011b t\u011bch, kter\u00e9 vy\u017eaduj\u00ed flexibilitu.<br \/>\nTechnologie: Vyztu\u017eeno dvojn\u00e1sobn\u00fdm mno\u017estv\u00edm vl\u00e1ken a polymer\u016f pro maxim\u00e1ln\u00ed p\u0159ilnavost a odolnost.<br \/>\nFlexibilita: Deformovateln\u00e1 (S1), ur\u010den\u00e1 pro podklady vystaven\u00e9 pohyb\u016fm a vibrac\u00edm (nap\u0159. podlahov\u00e9 vyt\u00e1p\u011bn\u00ed).<br \/>\nMrazuvzdorn\u00fd: Lze pou\u017e\u00edt uvnit\u0159 i venku.<br \/>\nOtev\u0159en\u00e1 pracovn\u00ed doba: Prodlou\u017een\u00e1, co\u017e umo\u017e\u0148uje p\u0159esnou aplikaci.<\/p>\n<p><strong>Aplikace:<\/strong><\/p>\n<p>Mont\u00e1\u017e obklad\u016f a dla\u017eeb do koupelen, kuchyn\u00ed, balkon\u016f, teras a fas\u00e1d.<br \/>\nPodlahov\u00e9 vyt\u00e1p\u011bn\u00ed, hydroizola\u010dn\u00ed syst\u00e9my.<br \/>\nPro deformovateln\u00e9 povrchy, jako jsou s\u00e1drokartonov\u00e9 desky.<\/p>\n","protected":false},"excerpt":{"rendered":"<p>Vlastnosti produktu: Rozsah tlou\u0161\u0165ky vrstvy: 2-10 mm. Klasifikace: C2TE S1 (podle normy PN-EN 12004). Pou\u017eit\u00ed: Na keramick\u00e9 obklady, kameninu, p\u0159\u00edrodn\u00ed<\/p>\n","protected":false},"featured_media":9569,"comment_status":"open","ping_status":"closed","template":"","meta":{"_acf_changed":false},"product_brand":[],"product_cat":[137,318],"product_tag":[],"class_list":{"0":"post-9572","1":"product","2":"type-product","3":"status-publish","4":"has-post-thumbnail","6":"product_cat-stavebni-chemie","7":"product_cat-lepidlo-na-dlazdice","8":"product_shipping_class-kurier-cs","9":"pa_pojemnosc-25kg-cs","10":"pa_producent-atlas-cs","12":"first","13":"instock","14":"taxable","15":"shipping-taxable","16":"purchasable","17":"product-type-simple"},"acf":[],"_links":{"self":[{"href":"https:\/\/sklep.thepartners.pl\/cs\/wp-json\/wp\/v2\/product\/9572","targetHints":{"allow":["GET"]}}],"collection":[{"href":"https:\/\/sklep.thepartners.pl\/cs\/wp-json\/wp\/v2\/product"}],"about":[{"href":"https:\/\/sklep.thepartners.pl\/cs\/wp-json\/wp\/v2\/types\/product"}],"replies":[{"embeddable":true,"href":"https:\/\/sklep.thepartners.pl\/cs\/wp-json\/wp\/v2\/comments?post=9572"}],"wp:featuredmedia":[{"embeddable":true,"href":"https:\/\/sklep.thepartners.pl\/cs\/wp-json\/wp\/v2\/media\/9569"}],"wp:attachment":[{"href":"https:\/\/sklep.thepartners.pl\/cs\/wp-json\/wp\/v2\/media?parent=9572"}],"wp:term":[{"taxonomy":"product_brand","embeddable":true,"href":"https:\/\/sklep.thepartners.pl\/cs\/wp-json\/wp\/v2\/product_brand?post=9572"},{"taxonomy":"product_cat","embeddable":true,"href":"https:\/\/sklep.thepartners.pl\/cs\/wp-json\/wp\/v2\/product_cat?post=9572"},{"taxonomy":"product_tag","embeddable":true,"href":"https:\/\/sklep.thepartners.pl\/cs\/wp-json\/wp\/v2\/product_tag?post=9572"}],"curies":[{"name":"wp","href":"https:\/\/api.w.org\/{rel}","templated":true}]}}