{"id":9585,"date":"2025-01-13T11:21:58","date_gmt":"2025-01-13T10:21:58","guid":{"rendered":"https:\/\/sklep.thepartners.pl\/produkt\/osb-3-plyta-12mm-675x2500-pw-kronopol\/"},"modified":"2025-03-01T00:02:17","modified_gmt":"2025-02-28T23:02:17","slug":"osb-3-plyta-12mm-675x2500-pw-kronopol","status":"publish","type":"product","link":"https:\/\/sklep.thepartners.pl\/cs\/produkt\/osb-3-plyta-12mm-675x2500-pw-kronopol\/","title":{"rendered":"OSB Deska 12mm 675&#215;2500 P+W Kronopol"},"content":{"rendered":"<p data-start=\"66\" data-end=\"297\">OSB deska je vysoce kvalitn\u00ed deska s orientovan\u00fdmi ploch\u00fdmi t\u0159\u00edskami, vytvo\u0159en\u00e1 speci\u00e1ln\u011b pro stavebnictv\u00ed. Jedn\u00e1 se o d\u0159ev\u011bn\u00fd produkt \u2013 t\u0159\u00edvrstvou deskovou konstrukci lisovanou za tepla pomoc\u00ed syntetick\u00fdch prysky\u0159ic jako pojiva.<\/p>\n<h2 data-start=\"299\" data-end=\"316\"><strong data-start=\"303\" data-end=\"314\">Pou\u017eit\u00ed<\/strong><\/h2>\n<ul data-start=\"318\" data-end=\"766\">\n<li data-start=\"318\" data-end=\"434\"><strong data-start=\"320\" data-end=\"339\">St\u0159e\u0161n\u00ed krytiny<\/strong>: ide\u00e1ln\u00ed pod asfaltov\u00e9 \u0161indele a dal\u0161\u00ed st\u0159e\u0161n\u00ed krytiny jako alternativa k tradi\u010dn\u00edmu bedn\u011bn\u00ed<\/li>\n<li data-start=\"435\" data-end=\"515\"><strong data-start=\"437\" data-end=\"464\">Rekonstrukce a adaptace<\/strong>: univerz\u00e1ln\u00ed materi\u00e1l pro v\u0161echny stavebn\u00ed pr\u00e1ce<\/li>\n<li data-start=\"516\" data-end=\"579\"><strong data-start=\"518\" data-end=\"577\">V\u00fdstavba st\u011bn, strop\u016f, podlah, schodi\u0161\u0165, plo\u0161in, v\u00fdb\u011bh\u016f<\/strong><\/li>\n<li data-start=\"580\" data-end=\"633\"><strong data-start=\"582\" data-end=\"593\">Bedn\u011bn\u00ed<\/strong>: skv\u011ble se hod\u00ed jako bednic\u00ed materi\u00e1l<\/li>\n<li data-start=\"634\" data-end=\"675\"><strong data-start=\"636\" data-end=\"673\">Do\u010dasn\u00e9 oplocen\u00ed stavebn\u00edch ploch<\/strong><\/li>\n<li data-start=\"676\" data-end=\"725\"><strong data-start=\"678\" data-end=\"723\">Zaji\u0161t\u011bn\u00ed stavebn\u00edch otvor\u016f (dve\u0159e, okna)<\/strong><\/li>\n<li data-start=\"726\" data-end=\"766\"><strong data-start=\"728\" data-end=\"764\">V\u00fdroba p\u0159epravn\u00edch beden a palet<\/strong><\/li>\n<\/ul>\n<h3 data-start=\"768\" data-end=\"797\"><strong data-start=\"772\" data-end=\"795\">Vlastnosti produktu<\/strong><\/h3>\n<p data-start=\"799\" data-end=\"985\" data-is-last-node=\"\" data-is-only-node=\"\">\u2705 Dobr\u00e9 pevnostn\u00ed parametry<br data-start=\"826\" data-end=\"829\" \/>\u2705 Odolnost proti n\u00e1raz\u016fm<br data-start=\"853\" data-end=\"856\" \/>\u2705 Dobr\u00e1 tepeln\u00e1 a akustick\u00e1 izolace<br data-start=\"891\" data-end=\"894\" \/>\u2705 Stabilita tvaru a rozm\u011bru<br data-start=\"921\" data-end=\"924\" \/>\u2705 Snadn\u00e1 mechanick\u00e1 opracovatelnost: \u0159ez\u00e1n\u00ed, vrt\u00e1n\u00ed, brou\u0161en\u00ed<\/p>\n","protected":false},"excerpt":{"rendered":"<blockquote><p>\u2705 Dobr\u00e9 pevnostn\u00ed parametry<br data-start=\"65\" data-end=\"68\" \/>\u2705 Vysoce ekologick\u00e1<br data-start=\"87\" data-end=\"90\" \/>\u2705 Odoln\u00e1 proti n\u00e1raz\u016fm, vysok\u00e1 tepeln\u00e1 a akustick\u00e1 izolace<br data-start=\"148\" data-end=\"151\" \/>\u2705 Stabilita tvaru a rozm\u011br\u016f<\/p><\/blockquote>\n","protected":false},"featured_media":9584,"comment_status":"open","ping_status":"closed","template":"","meta":{"_acf_changed":false},"product_brand":[],"product_cat":[1407,156,160],"product_tag":[],"class_list":{"0":"post-9585","1":"product","2":"type-product","3":"status-publish","4":"has-post-thumbnail","6":"product_cat-zvlastni-nabidka","7":"product_cat-stavebni-materialy","8":"product_cat-osb-desky","9":"product_shipping_class-transport-the-partners-cs","10":"pa_producent-swiss-krono","12":"first","13":"onbackorder","14":"sale","15":"taxable","16":"shipping-taxable","17":"purchasable","18":"product-type-simple"},"acf":[],"_links":{"self":[{"href":"https:\/\/sklep.thepartners.pl\/cs\/wp-json\/wp\/v2\/product\/9585","targetHints":{"allow":["GET"]}}],"collection":[{"href":"https:\/\/sklep.thepartners.pl\/cs\/wp-json\/wp\/v2\/product"}],"about":[{"href":"https:\/\/sklep.thepartners.pl\/cs\/wp-json\/wp\/v2\/types\/product"}],"replies":[{"embeddable":true,"href":"https:\/\/sklep.thepartners.pl\/cs\/wp-json\/wp\/v2\/comments?post=9585"}],"wp:featuredmedia":[{"embeddable":true,"href":"https:\/\/sklep.thepartners.pl\/cs\/wp-json\/wp\/v2\/media\/9584"}],"wp:attachment":[{"href":"https:\/\/sklep.thepartners.pl\/cs\/wp-json\/wp\/v2\/media?parent=9585"}],"wp:term":[{"taxonomy":"product_brand","embeddable":true,"href":"https:\/\/sklep.thepartners.pl\/cs\/wp-json\/wp\/v2\/product_brand?post=9585"},{"taxonomy":"product_cat","embeddable":true,"href":"https:\/\/sklep.thepartners.pl\/cs\/wp-json\/wp\/v2\/product_cat?post=9585"},{"taxonomy":"product_tag","embeddable":true,"href":"https:\/\/sklep.thepartners.pl\/cs\/wp-json\/wp\/v2\/product_tag?post=9585"}],"curies":[{"name":"wp","href":"https:\/\/api.w.org\/{rel}","templated":true}]}}