{"id":9617,"date":"2025-01-15T15:10:54","date_gmt":"2025-01-15T14:10:54","guid":{"rendered":"https:\/\/sklep.thepartners.pl\/produkt\/9613\/"},"modified":"2025-02-20T14:41:42","modified_gmt":"2025-02-20T13:41:42","slug":"9613","status":"publish","type":"product","link":"https:\/\/sklep.thepartners.pl\/cs\/produkt\/9613\/","title":{"rendered":"N\u00e1st\u011bnn\u00e9 panely BOLIX 3D EFFECT PANEL 50 cm x 100 cm"},"content":{"rendered":"<p data-start=\"60\" data-end=\"292\">N\u00e1st\u011bnn\u00e9 panely BOLIX 3D EFFECT jsou modern\u00edm dekorativn\u00edm \u0159e\u0161en\u00edm, kter\u00e9 dod\u00e1v\u00e1 interi\u00e9ru jedine\u010dn\u00fd vzhled a origin\u00e1ln\u00ed strukturu. D\u00edky trojrozm\u011brn\u00e9mu efektu se skv\u011ble hod\u00ed do modern\u00edch, industri\u00e1ln\u00edch i minimalistick\u00fdch aran\u017em\u00e1.<\/p>\n<h3 data-start=\"294\" data-end=\"324\"><strong data-start=\"298\" data-end=\"322\">Vlastnosti produktu:<\/strong><\/h3>\n<p data-start=\"325\" data-end=\"645\">\u2705 <strong data-start=\"327\" data-end=\"339\">3D efekt<\/strong> \u2013 modern\u00ed struktura dod\u00e1vaj\u00edc\u00ed interi\u00e9ru hloubku<br data-start=\"388\" data-end=\"391\" \/>\u2705 <strong data-start=\"393\" data-end=\"404\">Rozm\u011bry<\/strong>: 50 cm x 100 cm<br data-start=\"420\" data-end=\"423\" \/>\u2705 <strong data-start=\"425\" data-end=\"442\">Snadn\u00e1 mont\u00e1\u017e<\/strong> \u2013 mo\u017enost instalace pomoc\u00ed lepidla<br data-start=\"477\" data-end=\"480\" \/>\u2705 <strong data-start=\"482\" data-end=\"508\">Odolnost a trvanlivost<\/strong> \u2013 vysok\u00e1 kvalita materi\u00e1l\u016f<br data-start=\"535\" data-end=\"538\" \/>\u2705 <strong data-start=\"540\" data-end=\"557\">Univerz\u00e1lnost<\/strong> \u2013 vhodn\u00e9 pro r\u016fzn\u00e9 prostory, v\u010detn\u011b ob\u00fdvac\u00edch pokoj\u016f, kancel\u00e1\u0159\u00ed, hotel\u016f \u010di restaurac\u00ed<\/p>\n<h3 data-start=\"647\" data-end=\"665\"><strong data-start=\"651\" data-end=\"663\">Pou\u017eit\u00ed:<\/strong><\/h3>\n<p data-start=\"666\" data-end=\"844\" data-is-only-node=\"\" data-is-last-node=\"\">\ud83d\udd39 Dekorace st\u011bn v ob\u00fdvac\u00edm pokoji, lo\u017enici, p\u0159eds\u00edni<br data-start=\"719\" data-end=\"722\" \/>\ud83d\udd39 Design interi\u00e9r\u016f v komer\u010dn\u00edch prostor\u00e1ch (restaurace, hotely, kancel\u00e1\u0159e)<br data-start=\"797\" data-end=\"800\" \/>\ud83d\udd39 Vytv\u00e1\u0159en\u00ed origin\u00e1ln\u00edch akcent\u016f v prostoru<\/p>\n<div class=\"flex max-w-full flex-col flex-grow\">\n<div class=\"min-h-8 text-message flex w-full flex-col items-end gap-2 whitespace-normal break-words text-start [.text-message+&amp;]:mt-5\" dir=\"auto\" data-message-author-role=\"assistant\" data-message-id=\"4eb3e68d-bc4b-41bd-8ff6-52cbba5787af\" data-message-model-slug=\"gpt-4o\">\n<div class=\"flex w-full flex-col gap-1 empty:hidden first:pt-[3px]\">\n<div class=\"markdown prose w-full break-words dark:prose-invert light\">\n<p data-start=\"0\" data-end=\"64\" data-is-last-node=\"\" data-is-only-node=\"\"><strong data-start=\"0\" data-end=\"64\" data-is-last-node=\"\" data-is-only-node=\"\">Cenov\u00e1 nab\u00eddka a doba realizace jsou stanoveny individu\u00e1ln\u011b<\/strong><\/p>\n<\/div>\n<\/div>\n<\/div>\n<\/div>\n","protected":false},"excerpt":{"rendered":"<p>\u2705 <strong data-start=\"16\" data-end=\"34\">Modern\u00ed design<\/strong> \u2013 Zd\u016fraz\u0148uje estetiku budovy.<br data-start=\"64\" data-end=\"67\" \/>\u2705 <strong data-start=\"69\" data-end=\"84\">Trvanlivost<\/strong> \u2013 Zachov\u00e1v\u00e1 sv\u016fj vzhled po mnoho let.<br data-start=\"122\" data-end=\"125\" \/>\u2705 <strong data-start=\"127\" data-end=\"144\">Snadn\u00e1 \u00fadr\u017eba<\/strong> \u2013 Povrch odoln\u00fd v\u016f\u010di ne\u010distot\u00e1m a snadno se \u010dist\u00ed.<\/p>\n","protected":false},"featured_media":9616,"comment_status":"open","ping_status":"closed","template":"","meta":{"_acf_changed":false},"product_brand":[],"product_cat":[1304],"product_tag":[],"class_list":{"0":"post-9617","1":"product","2":"type-product","3":"status-publish","4":"has-post-thumbnail","6":"product_cat-panele-scienne-cs","7":"product_shipping_class-kurier-cs","8":"pa_wydajnosc-2szt-m2-cs","10":"first","11":"onbackorder","12":"taxable","13":"shipping-taxable","14":"product-type-simple"},"acf":[],"_links":{"self":[{"href":"https:\/\/sklep.thepartners.pl\/cs\/wp-json\/wp\/v2\/product\/9617","targetHints":{"allow":["GET"]}}],"collection":[{"href":"https:\/\/sklep.thepartners.pl\/cs\/wp-json\/wp\/v2\/product"}],"about":[{"href":"https:\/\/sklep.thepartners.pl\/cs\/wp-json\/wp\/v2\/types\/product"}],"replies":[{"embeddable":true,"href":"https:\/\/sklep.thepartners.pl\/cs\/wp-json\/wp\/v2\/comments?post=9617"}],"wp:featuredmedia":[{"embeddable":true,"href":"https:\/\/sklep.thepartners.pl\/cs\/wp-json\/wp\/v2\/media\/9616"}],"wp:attachment":[{"href":"https:\/\/sklep.thepartners.pl\/cs\/wp-json\/wp\/v2\/media?parent=9617"}],"wp:term":[{"taxonomy":"product_brand","embeddable":true,"href":"https:\/\/sklep.thepartners.pl\/cs\/wp-json\/wp\/v2\/product_brand?post=9617"},{"taxonomy":"product_cat","embeddable":true,"href":"https:\/\/sklep.thepartners.pl\/cs\/wp-json\/wp\/v2\/product_cat?post=9617"},{"taxonomy":"product_tag","embeddable":true,"href":"https:\/\/sklep.thepartners.pl\/cs\/wp-json\/wp\/v2\/product_tag?post=9617"}],"curies":[{"name":"wp","href":"https:\/\/api.w.org\/{rel}","templated":true}]}}