{"id":9619,"date":"2025-01-15T15:19:53","date_gmt":"2025-01-15T14:19:53","guid":{"rendered":"https:\/\/sklep.thepartners.pl\/?post_type=product&#038;p=9619"},"modified":"2025-02-21T13:49:00","modified_gmt":"2025-02-21T12:49:00","slug":"panele-scienne-bolix-3d-effect-panel-50cmx100cm","status":"publish","type":"product","link":"https:\/\/sklep.thepartners.pl\/cs\/produkt\/panele-scienne-bolix-3d-effect-panel-50cmx100cm\/","title":{"rendered":"N\u00e1st\u011bnn\u00e9 panely BOLIX 3D EFFECT PANEL 50cmx100cm"},"content":{"rendered":"<p data-start=\"0\" data-end=\"34\"><strong data-start=\"0\" data-end=\"32\">Charakteristick\u00e9 vlastnosti:<\/strong><\/p>\n<ul data-start=\"36\" data-end=\"356\">\n<li data-start=\"36\" data-end=\"135\"><strong data-start=\"38\" data-end=\"51\">Efekt 3D:<\/strong> Trojrozm\u011brn\u00e9 proveden\u00ed dod\u00e1v\u00e1 fas\u00e1d\u011b nebo interi\u00e9ru jedine\u010dn\u00fd a estetick\u00fd vzhled.<\/li>\n<li data-start=\"136\" data-end=\"262\"><strong data-start=\"138\" data-end=\"151\">Materi\u00e1l:<\/strong> Vysoce kvalitn\u00ed miner\u00e1ln\u011b-polymerov\u00fd kompozit zaji\u0161\u0165uje odolnost a trvanlivost v\u016f\u010di pov\u011btrnostn\u00edm podm\u00ednk\u00e1m.<\/li>\n<li data-start=\"263\" data-end=\"356\"><strong data-start=\"265\" data-end=\"283\">Snadn\u00e1 mont\u00e1\u017e:<\/strong> Jednoduch\u00fd syst\u00e9m upevn\u011bn\u00ed pomoc\u00ed lepidel minimalizuje dobu instalace.<\/li>\n<\/ul>\n<p data-start=\"358\" data-end=\"373\"><strong data-start=\"358\" data-end=\"371\">Odolnost:<\/strong><\/p>\n<ul data-start=\"374\" data-end=\"451\">\n<li data-start=\"374\" data-end=\"417\">Proti UV z\u00e1\u0159en\u00ed a pov\u011btrnostn\u00edm vliv\u016fm.<\/li>\n<li data-start=\"418\" data-end=\"451\">Proti mechanick\u00e9mu po\u0161kozen\u00ed.<\/li>\n<\/ul>\n<p data-start=\"453\" data-end=\"467\"><strong data-start=\"453\" data-end=\"465\">Lehkost:<\/strong><\/p>\n<ul data-start=\"468\" data-end=\"526\">\n<li data-start=\"468\" data-end=\"526\">N\u00edzk\u00e1 hmotnost umo\u017e\u0148uje mont\u00e1\u017e na r\u016fzn\u00e9 typy podklad\u016f.<\/li>\n<\/ul>\n<p data-start=\"528\" data-end=\"541\"><strong data-start=\"528\" data-end=\"539\">V\u00fdhody:<\/strong><\/p>\n<ul data-start=\"542\" data-end=\"725\">\n<li data-start=\"542\" data-end=\"593\"><strong data-start=\"544\" data-end=\"563\">Modern\u00ed design:<\/strong> Zv\u00fdraz\u0148uje estetiku budovy.<\/li>\n<li data-start=\"594\" data-end=\"650\"><strong data-start=\"596\" data-end=\"612\">Trvanlivost:<\/strong> Zachov\u00e1v\u00e1 sv\u016fj vzhled po mnoho let.<\/li>\n<li data-start=\"651\" data-end=\"725\"><strong data-start=\"653\" data-end=\"671\">Snadn\u00e1 \u00fadr\u017eba:<\/strong> Povrch je odoln\u00fd v\u016f\u010di ne\u010distot\u00e1m a snadno se \u010dist\u00ed.<\/li>\n<\/ul>\n<p data-start=\"727\" data-end=\"781\" data-is-last-node=\"\" data-is-only-node=\"\"><strong data-start=\"727\" data-end=\"781\" data-is-last-node=\"\">Cena a doba realizace jsou stanoveny individu\u00e1ln\u011b.<\/strong><\/p>\n","protected":false},"excerpt":{"rendered":"<blockquote><p><strong data-start=\"16\" data-end=\"35\">Modern\u00ed design:<\/strong> Zv\u00fdraz\u0148uje estetiku budovy.<\/p>\n<p><strong data-start=\"68\" data-end=\"84\">Trvanlivost:<\/strong> Zachov\u00e1v\u00e1 sv\u016fj vzhled po mnoho let.<\/p>\n<p><strong data-start=\"125\" data-end=\"143\">Snadn\u00e1 \u00fadr\u017eba:<\/strong> Povrch je odoln\u00fd v\u016f\u010di ne\u010distot\u00e1m a snadno se \u010dist\u00ed.<\/p><\/blockquote>\n","protected":false},"featured_media":9623,"comment_status":"open","ping_status":"closed","template":"","meta":{"_acf_changed":false},"product_brand":[],"product_cat":[1304],"product_tag":[],"class_list":{"0":"post-9619","1":"product","2":"type-product","3":"status-publish","4":"has-post-thumbnail","6":"product_cat-panele-scienne-cs","7":"product_shipping_class-kurier-cs","8":"pa_wydajnosc-2szt-m2-cs","10":"first","11":"onbackorder","12":"taxable","13":"shipping-taxable","14":"purchasable","15":"product-type-simple"},"acf":[],"_links":{"self":[{"href":"https:\/\/sklep.thepartners.pl\/cs\/wp-json\/wp\/v2\/product\/9619","targetHints":{"allow":["GET"]}}],"collection":[{"href":"https:\/\/sklep.thepartners.pl\/cs\/wp-json\/wp\/v2\/product"}],"about":[{"href":"https:\/\/sklep.thepartners.pl\/cs\/wp-json\/wp\/v2\/types\/product"}],"replies":[{"embeddable":true,"href":"https:\/\/sklep.thepartners.pl\/cs\/wp-json\/wp\/v2\/comments?post=9619"}],"wp:featuredmedia":[{"embeddable":true,"href":"https:\/\/sklep.thepartners.pl\/cs\/wp-json\/wp\/v2\/media\/9623"}],"wp:attachment":[{"href":"https:\/\/sklep.thepartners.pl\/cs\/wp-json\/wp\/v2\/media?parent=9619"}],"wp:term":[{"taxonomy":"product_brand","embeddable":true,"href":"https:\/\/sklep.thepartners.pl\/cs\/wp-json\/wp\/v2\/product_brand?post=9619"},{"taxonomy":"product_cat","embeddable":true,"href":"https:\/\/sklep.thepartners.pl\/cs\/wp-json\/wp\/v2\/product_cat?post=9619"},{"taxonomy":"product_tag","embeddable":true,"href":"https:\/\/sklep.thepartners.pl\/cs\/wp-json\/wp\/v2\/product_tag?post=9619"}],"curies":[{"name":"wp","href":"https:\/\/api.w.org\/{rel}","templated":true}]}}