{"id":9652,"date":"2025-01-20T15:36:29","date_gmt":"2025-01-20T14:36:29","guid":{"rendered":"https:\/\/sklep.thepartners.pl\/produkt\/kreisel-428-zaprawa-wyrownawcza-25-kg\/"},"modified":"2025-01-20T15:52:48","modified_gmt":"2025-01-20T14:52:48","slug":"kreisel-428-zaprawa-wyrownawcza-25-kg","status":"publish","type":"product","link":"https:\/\/sklep.thepartners.pl\/cs\/produkt\/kreisel-428-zaprawa-wyrownawcza-25-kg\/","title":{"rendered":"Vyrovn\u00e1vac\u00ed malta Kreisel 428 25 KG"},"content":{"rendered":"<p><strong>Vyrovn\u00e1vac\u00ed malta Kreisel 428 \u2013 univerz\u00e1ln\u00ed cementov\u00e1 hmota od 2 do 50 mm<\/strong><br \/>\nVyrovn\u00e1vac\u00ed malta Kreisel 428 je profesion\u00e1ln\u00ed \u0159e\u0161en\u00ed pro vyrovn\u00e1v\u00e1n\u00ed st\u011bn a podlah p\u0159ed dal\u0161\u00edm stavebn\u00edm a dokon\u010dovac\u00edm zpracov\u00e1n\u00edm. Ide\u00e1ln\u00ed pro vyrovn\u00e1v\u00e1n\u00ed povrch\u016f, vypl\u0148ov\u00e1n\u00ed instala\u010dn\u00edch dr\u00e1\u017eek, opravy podklad\u016f a jejich p\u0159\u00edpravu pro om\u00edtky, pot\u011bry nebo mont\u00e1\u017e keramick\u00fdch a gresov\u00fdch dla\u017edic.<\/p>\n<p>Pou\u017eit\u00ed:<\/p>\n<ul>\n<li>Betonov\u00e9 povrchy, zd\u011bn\u00e9 plochy (keramika, p\u0159\u00edrodn\u00ed k\u00e1men, silik\u00e1tov\u00e9 prvky), leh\u010den\u00e9 betony a p\u00f3robetony.<\/li>\n<li>Cementov\u00e9 pot\u011bry (b\u011b\u017en\u00e9 i s podlahov\u00fdm vyt\u00e1p\u011bn\u00edm).<\/li>\n<li>Cementovo-v\u00e1penn\u00e9 om\u00edtky.<\/li>\n<\/ul>\n<p>Malta je ide\u00e1ln\u00ed tak\u00e9 pro mont\u00e1\u017e tepeln\u011b izola\u010dn\u00edch desek, jako je polystyren nebo miner\u00e1ln\u00ed vlna. Produkt nen\u00ed vhodn\u00fd pro s\u00e1drov\u00e9 podklady.<\/p>\n<p>D\u00edky mrazuvzdornosti a vod\u011bodolnosti je Kreisel 428 ide\u00e1ln\u00ed pro pou\u017eit\u00ed v interi\u00e9ru i exteri\u00e9ru. Zvolte kvalitu, trvanlivost a univerz\u00e1lnost!<\/p>\n<p>&nbsp;<\/p>\n","protected":false},"excerpt":{"rendered":"<blockquote><p><strong>Cement, univerz\u00e1ln\u00ed od 2 do 50 mm<\/strong><\/p>\n<p><strong>Obsahuje zpev\u0148uj\u00edc\u00ed vl\u00e1kna<\/strong><\/p>\n<p><strong>Mrazuvzdorn\u00e1<\/strong><\/p>\n<p><strong>Pro vyrovn\u00e1n\u00ed ter\u00e9nu<\/strong><\/p>\n<p><strong>Jako podlahov\u00e1 podlo\u017eka<\/strong><\/p>\n<p><strong>Vysok\u00e1 mechanick\u00e1 pevnost<\/strong><\/p><\/blockquote>\n","protected":false},"featured_media":9651,"comment_status":"open","ping_status":"closed","template":"","meta":{"_acf_changed":false},"product_brand":[],"product_cat":[137,142],"product_tag":[1300],"class_list":{"0":"post-9652","1":"product","2":"type-product","3":"status-publish","4":"has-post-thumbnail","6":"product_cat-stavebni-chemie","7":"product_cat-malty-a-betony","8":"product_tag-kreisel-428-zaprawa-wyrownawcza-25-kg-cs","9":"pa_producent-kreisel-cs","11":"first","12":"instock","13":"taxable","14":"shipping-taxable","15":"purchasable","16":"product-type-simple"},"acf":[],"_links":{"self":[{"href":"https:\/\/sklep.thepartners.pl\/cs\/wp-json\/wp\/v2\/product\/9652","targetHints":{"allow":["GET"]}}],"collection":[{"href":"https:\/\/sklep.thepartners.pl\/cs\/wp-json\/wp\/v2\/product"}],"about":[{"href":"https:\/\/sklep.thepartners.pl\/cs\/wp-json\/wp\/v2\/types\/product"}],"replies":[{"embeddable":true,"href":"https:\/\/sklep.thepartners.pl\/cs\/wp-json\/wp\/v2\/comments?post=9652"}],"wp:featuredmedia":[{"embeddable":true,"href":"https:\/\/sklep.thepartners.pl\/cs\/wp-json\/wp\/v2\/media\/9651"}],"wp:attachment":[{"href":"https:\/\/sklep.thepartners.pl\/cs\/wp-json\/wp\/v2\/media?parent=9652"}],"wp:term":[{"taxonomy":"product_brand","embeddable":true,"href":"https:\/\/sklep.thepartners.pl\/cs\/wp-json\/wp\/v2\/product_brand?post=9652"},{"taxonomy":"product_cat","embeddable":true,"href":"https:\/\/sklep.thepartners.pl\/cs\/wp-json\/wp\/v2\/product_cat?post=9652"},{"taxonomy":"product_tag","embeddable":true,"href":"https:\/\/sklep.thepartners.pl\/cs\/wp-json\/wp\/v2\/product_tag?post=9652"}],"curies":[{"name":"wp","href":"https:\/\/api.w.org\/{rel}","templated":true}]}}