{"id":9775,"date":"2025-02-27T11:47:29","date_gmt":"2025-02-27T10:47:29","guid":{"rendered":"https:\/\/sklep.thepartners.pl\/produkt\/ytong-energo-ultra-pp2-2-03-sgt-365\/"},"modified":"2025-02-27T12:08:30","modified_gmt":"2025-02-27T11:08:30","slug":"ytong-energo-ultra-pp2-2-03-sgt-365","status":"publish","type":"product","link":"https:\/\/sklep.thepartners.pl\/cs\/produkt\/ytong-energo-ultra-pp2-2-03-sgt-365\/","title":{"rendered":"YTONG ENERGO ULTRA+ PP2.2\/03 S+GT 36,5"},"content":{"rendered":"<h5 data-pm-slice=\"1 1 []\">YTONG ENERGO ULTRA+ PP2,2\/03 S+GT 36,5 CM \u2013 Ide\u00e1ln\u00ed volba pro energeticky \u00fasporn\u00e9 stavby!<\/h5>\n<p><strong>Popis produktu:<\/strong><\/p>\n<p>YTONG ENERGO ULTRA+ PP2,2\/03 S+GT o tlou\u0161\u0165ce 36,5 cm jsou modern\u00ed p\u00f3robetonov\u00e9 tv\u00e1rnice, kter\u00e9 jsou ide\u00e1ln\u00ed pro energeticky \u00fasporn\u00e9 a pasivn\u00ed domy. D\u00edky vynikaj\u00edc\u00edm tepeln\u011b izola\u010dn\u00edm vlastnostem (\u03bb = 0,03 W\/(m\u00b7K)) umo\u017e\u0148uj\u00ed v\u00fdstavbu jednovrstv\u00fdch st\u011bn bez nutnosti dal\u0161\u00ed izolace.<\/p>\n<p><strong>Pou\u017eit\u00ed:<\/strong><\/p>\n<p>\u2705 Jednovrstv\u00e9 i v\u00edcevrstv\u00e9 vn\u011bj\u0161\u00ed st\u011bny<\/p>\n<p>\u2705 Energeticky \u00fasporn\u00e9 a pasivn\u00ed budovy<\/p>\n<p>\u2705 Rodinn\u00e9 domy, bytov\u00e9 domy a komer\u010dn\u00ed objekty<\/p>\n<p><strong>V\u00fdhody:<\/strong><\/p>\n<p>\u2714 Vysok\u00e1 tepeln\u00e1 izolace \u2013 ni\u017e\u0161\u00ed n\u00e1klady na vyt\u00e1p\u011bn\u00ed<\/p>\n<p>\u2714 Snadn\u00e1 a rychl\u00e1 mont\u00e1\u017e \u2013 velk\u00e9 rozm\u011bry a n\u00edzk\u00e1 hmotnost<\/p>\n<p>\u2714 Paropropustnost \u2013 zdrav\u00e9 mikroklima uvnit\u0159 budovy<\/p>\n<p>\u2714 Ekologick\u00e9 materi\u00e1ly \u2013 bezpe\u010dn\u00e9 pro zdrav\u00ed i \u017eivotn\u00ed prost\u0159ed\u00ed<\/p>\n<p>\u2714 P\u0159esn\u00e9 spojen\u00ed na pero a dr\u00e1\u017eku \u2013 eliminace tepeln\u00fdch most\u016f<\/p>\n<p>&nbsp;<\/p>\n<p>Ne\u010dekejte! Zvolte modern\u00ed \u0159e\u0161en\u00ed a objednejte si YTONG ENERGO ULTRA+ PP2,2\/03 S+GT 36,5 CM v na\u0161em online obchod\u011b!<\/p>\n<p>&nbsp;<\/p>\n","protected":false},"excerpt":{"rendered":"<blockquote><p><strong>Spot\u0159eba na 1 m\u00b2 zdi<\/strong>: 8,33 ks<\/p>\n<p><strong>Mno\u017estv\u00ed na palet\u011b<\/strong>: 32 ks<\/p>\n<p><strong>V\u00fdnos z palety<\/strong>: 3,84 m\u00b2<\/p><\/blockquote>\n","protected":false},"featured_media":9771,"comment_status":"open","ping_status":"closed","template":"","meta":{"_acf_changed":false},"product_brand":[],"product_cat":[156,157],"product_tag":[1309],"class_list":{"0":"post-9775","1":"product","2":"type-product","3":"status-publish","4":"has-post-thumbnail","6":"product_cat-stavebni-materialy","7":"product_cat-porobeton","8":"product_tag-ytong-cs","9":"product_shipping_class-transport-the-partners-cs","10":"pa_gestosc-22-cs","11":"pa_producent-ytong-cs","12":"pa_wspolczynnik-przewodzenia-u-020-w-mk-cs","14":"first","15":"instock","16":"taxable","17":"shipping-taxable","18":"purchasable","19":"product-type-simple"},"acf":[],"_links":{"self":[{"href":"https:\/\/sklep.thepartners.pl\/cs\/wp-json\/wp\/v2\/product\/9775","targetHints":{"allow":["GET"]}}],"collection":[{"href":"https:\/\/sklep.thepartners.pl\/cs\/wp-json\/wp\/v2\/product"}],"about":[{"href":"https:\/\/sklep.thepartners.pl\/cs\/wp-json\/wp\/v2\/types\/product"}],"replies":[{"embeddable":true,"href":"https:\/\/sklep.thepartners.pl\/cs\/wp-json\/wp\/v2\/comments?post=9775"}],"wp:featuredmedia":[{"embeddable":true,"href":"https:\/\/sklep.thepartners.pl\/cs\/wp-json\/wp\/v2\/media\/9771"}],"wp:attachment":[{"href":"https:\/\/sklep.thepartners.pl\/cs\/wp-json\/wp\/v2\/media?parent=9775"}],"wp:term":[{"taxonomy":"product_brand","embeddable":true,"href":"https:\/\/sklep.thepartners.pl\/cs\/wp-json\/wp\/v2\/product_brand?post=9775"},{"taxonomy":"product_cat","embeddable":true,"href":"https:\/\/sklep.thepartners.pl\/cs\/wp-json\/wp\/v2\/product_cat?post=9775"},{"taxonomy":"product_tag","embeddable":true,"href":"https:\/\/sklep.thepartners.pl\/cs\/wp-json\/wp\/v2\/product_tag?post=9775"}],"curies":[{"name":"wp","href":"https:\/\/api.w.org\/{rel}","templated":true}]}}