{"id":9780,"date":"2025-02-27T12:46:04","date_gmt":"2025-02-27T11:46:04","guid":{"rendered":"https:\/\/sklep.thepartners.pl\/produkt\/ytong-interio-pp3-05-115\/"},"modified":"2025-02-27T12:59:26","modified_gmt":"2025-02-27T11:59:26","slug":"ytong-interio-pp3-05-115","status":"publish","type":"product","link":"https:\/\/sklep.thepartners.pl\/cs\/produkt\/ytong-interio-pp3-05-115\/","title":{"rendered":"YTONG INTERIO PP3\/05 11,5"},"content":{"rendered":"<p data-start=\"0\" data-end=\"255\">Blok YTONG Interio PP3\/0,5 S+GT o tlou\u0161\u0165ce 11,5 cm je lehk\u00fd a odoln\u00fd stavebn\u00ed materi\u00e1l z p\u00f3robetonu, ide\u00e1ln\u00ed pro rychlou v\u00fdstavbu vnit\u0159n\u00edch p\u0159\u00ed\u010dek. D\u00edky zv\u011bt\u0161en\u00fdm rozm\u011br\u016fm a syst\u00e9mu spojov\u00e1n\u00ed na pero a dr\u00e1\u017eku prob\u00edhaj\u00ed stavebn\u00ed pr\u00e1ce efektivn\u011b a rychle.<\/p>\n<h3 data-start=\"257\" data-end=\"271\">Pou\u017eit\u00ed:<\/h3>\n<p data-start=\"272\" data-end=\"350\">\u2705 Vnit\u0159n\u00ed p\u0159\u00ed\u010dky<br data-start=\"288\" data-end=\"291\" \/>\u2705 P\u0159ep\u00e1\u017eky v obytn\u00fdch, komer\u010dn\u00edch a pr\u016fmyslov\u00fdch budov\u00e1ch<\/p>\n<h3 data-start=\"352\" data-end=\"365\">V\u00fdhody:<\/h3>\n<p data-start=\"366\" data-end=\"815\">\u2714 <strong data-start=\"368\" data-end=\"388\">Rychlost mont\u00e1\u017ee<\/strong> \u2013 Dvojn\u00e1sobn\u00e1 v\u00fd\u0161ka prvk\u016f (399 mm) a spojen\u00ed na pero a dr\u00e1\u017eku umo\u017e\u0148uj\u00ed p\u011btkr\u00e1t rychlej\u0161\u00ed zd\u011bn\u00ed ve srovn\u00e1n\u00ed se syst\u00e9my such\u00e9 v\u00fdstavby.<br data-start=\"522\" data-end=\"525\" \/>\u2714 <strong data-start=\"527\" data-end=\"549\">Lehkost konstrukce<\/strong> \u2013 Sn\u00ed\u017een\u00e9 zat\u00ed\u017een\u00ed strop\u016f d\u00edky n\u00edzk\u00e9 hustot\u011b p\u00f3robetonu (475 kg\/m\u00b3).<br data-start=\"618\" data-end=\"621\" \/>\u2714 <strong data-start=\"623\" data-end=\"640\">Snadn\u00e1 \u00faprava<\/strong> \u2013 Jednoduch\u00e9 p\u0159izp\u016fsoben\u00ed blok\u016f pot\u0159eb\u00e1m projektu d\u00edky snadn\u00e9 opracovatelnosti materi\u00e1lu.<br data-start=\"730\" data-end=\"733\" \/>\u2714 <strong data-start=\"735\" data-end=\"751\">Ekologi\u010dnost<\/strong> \u2013 Vyrobeno z p\u0159\u00edrodn\u00edch surovin, jako je p\u00edsek, v\u00e1pno a voda.<\/p>\n<p data-start=\"817\" data-end=\"962\" data-is-last-node=\"\" data-is-only-node=\"\">Volbou blok\u016f YTONG Interio 11,5 cm investujete do rychl\u00fdch a spolehliv\u00fdch stavebn\u00edch \u0159e\u0161en\u00ed, kter\u00e1 zajist\u00ed komfort a trvanlivost Va\u0161eho projektu.<\/p>\n","protected":false},"excerpt":{"rendered":"<blockquote><p>Hustota: 475 kg\/m\u00b3<\/p>\n<p>Pevnost v tlaku: 3,0 N\/mm\u00b2<\/p>\n<p>Spot\u0159eba na 1 m\u00b2 st\u011bny: 4,17 ks.<\/p>\n<p>Mno\u017estv\u00ed na palet\u011b: 52 ks.<\/p><\/blockquote>\n","protected":false},"featured_media":9779,"comment_status":"open","ping_status":"closed","template":"","meta":{"_acf_changed":false},"product_brand":[],"product_cat":[156,157],"product_tag":[],"class_list":{"0":"post-9780","1":"product","2":"type-product","3":"status-publish","4":"has-post-thumbnail","6":"product_cat-stavebni-materialy","7":"product_cat-porobeton","8":"product_shipping_class-transport-the-partners-cs","10":"first","11":"instock","12":"taxable","13":"shipping-taxable","14":"purchasable","15":"product-type-simple"},"acf":[],"_links":{"self":[{"href":"https:\/\/sklep.thepartners.pl\/cs\/wp-json\/wp\/v2\/product\/9780","targetHints":{"allow":["GET"]}}],"collection":[{"href":"https:\/\/sklep.thepartners.pl\/cs\/wp-json\/wp\/v2\/product"}],"about":[{"href":"https:\/\/sklep.thepartners.pl\/cs\/wp-json\/wp\/v2\/types\/product"}],"replies":[{"embeddable":true,"href":"https:\/\/sklep.thepartners.pl\/cs\/wp-json\/wp\/v2\/comments?post=9780"}],"wp:featuredmedia":[{"embeddable":true,"href":"https:\/\/sklep.thepartners.pl\/cs\/wp-json\/wp\/v2\/media\/9779"}],"wp:attachment":[{"href":"https:\/\/sklep.thepartners.pl\/cs\/wp-json\/wp\/v2\/media?parent=9780"}],"wp:term":[{"taxonomy":"product_brand","embeddable":true,"href":"https:\/\/sklep.thepartners.pl\/cs\/wp-json\/wp\/v2\/product_brand?post=9780"},{"taxonomy":"product_cat","embeddable":true,"href":"https:\/\/sklep.thepartners.pl\/cs\/wp-json\/wp\/v2\/product_cat?post=9780"},{"taxonomy":"product_tag","embeddable":true,"href":"https:\/\/sklep.thepartners.pl\/cs\/wp-json\/wp\/v2\/product_tag?post=9780"}],"curies":[{"name":"wp","href":"https:\/\/api.w.org\/{rel}","templated":true}]}}