{"id":9783,"date":"2025-02-27T13:14:43","date_gmt":"2025-02-27T12:14:43","guid":{"rendered":"https:\/\/sklep.thepartners.pl\/produkt\/ytong-pp4-05-sgt-24cm-acura\/"},"modified":"2025-02-27T15:21:47","modified_gmt":"2025-02-27T14:21:47","slug":"ytong-pp4-05-sgt-24cm-acura","status":"publish","type":"product","link":"https:\/\/sklep.thepartners.pl\/cs\/produkt\/ytong-pp4-05-sgt-24cm-acura\/","title":{"rendered":"YTONG PP4\/05 S+GT 24CM ACURA"},"content":{"rendered":"<p>Tv\u00e1rnice YTONG Acura PP4\/0,5 S+GT o tlou\u0161\u0165ce 24 cm je modern\u00ed stavebn\u00ed materi\u00e1l z p\u00f3robetonu, spojuj\u00edc\u00ed lehkost s vysokou pevnost\u00ed. D\u00edky sv\u00fdm vynikaj\u00edc\u00edm tepeln\u011b izola\u010dn\u00edm a akustick\u00fdm vlastnostem je ide\u00e1ln\u00edm \u0159e\u0161en\u00edm pro sendvi\u010dov\u00e9 st\u011bny v obytn\u00fdch, komer\u010dn\u00edch a pr\u016fmyslov\u00fdch objektech.<\/p>\n<p>Aplikace:<\/p>\n<p>Vrstven\u00e9 vn\u011bj\u0161\u00ed st\u011bny<br \/>\nNosn\u00e9 a d\u011bl\u00edc\u00ed st\u011bny<br \/>\nObytn\u00e9, obchodn\u00ed a pr\u016fmyslov\u00e9 stavby<\/p>\n<p>v\u00fdhody:<\/p>\n<p>Lehk\u00e9 a odoln\u00e9: Bloky jsou leh\u010d\u00ed ne\u017e standardn\u00ed materi\u00e1ly v t\u00e9to t\u0159\u00edd\u011b pevnosti, co\u017e usnad\u0148uje jejich p\u0159epravu a instalaci.<br \/>\nVynikaj\u00edc\u00ed tepeln\u00e1 izolace: Ni\u017e\u0161\u00ed hustota materi\u00e1lu se prom\u00edt\u00e1 do lep\u0161\u00ed tepeln\u00e9 izolace, co\u017e umo\u017e\u0148uje pou\u017eit\u00ed ten\u010d\u00ed vrstvy izolace.<br \/>\nSnadn\u00e9 zpracov\u00e1n\u00ed: P\u00f3robeton YTONG Acura se snadno zpracov\u00e1v\u00e1, co\u017e urychluje stavebn\u00ed pr\u00e1ce.<br \/>\nEkologick\u00e9: Vyrobeno z p\u0159\u00edrodn\u00edch surovin, jako je p\u00edsek, v\u00e1pno a voda, d\u00edky \u010demu\u017e je \u0161etrn\u00e9 k \u017eivotn\u00edmu prost\u0159ed\u00ed.<\/p>\n","protected":false},"excerpt":{"rendered":"<blockquote><p>Pevnost v tlaku: 4 N\/mm\u00b2<\/p>\n<p>Spojovac\u00ed syst\u00e9m: Pero a dr\u00e1\u017eka s mont\u00e1\u017en\u00edmi dr\u017e\u00e1ky S+<\/p>\n<p>Spot\u0159eba na 1 m\u00b2 st\u011bny: 8,33 ks.<\/p>\n<p>Mno\u017estv\u00ed na palet\u011b: 48 ks.<\/p><\/blockquote>\n","protected":false},"featured_media":9771,"comment_status":"open","ping_status":"closed","template":"","meta":{"_acf_changed":false},"product_brand":[],"product_cat":[156,157],"product_tag":[],"class_list":{"0":"post-9783","1":"product","2":"type-product","3":"status-publish","4":"has-post-thumbnail","6":"product_cat-stavebni-materialy","7":"product_cat-porobeton","8":"product_shipping_class-transport-the-partners-cs","9":"pa_gestosc-500-kg-m-cs","10":"pa_producent-ytong-cs","11":"pa_wspolczynnik-przewodzenia-014-w-mk-cs","12":"pa_zuzycie-833ks-m2","14":"first","15":"instock","16":"taxable","17":"shipping-taxable","18":"purchasable","19":"product-type-simple"},"acf":[],"_links":{"self":[{"href":"https:\/\/sklep.thepartners.pl\/cs\/wp-json\/wp\/v2\/product\/9783","targetHints":{"allow":["GET"]}}],"collection":[{"href":"https:\/\/sklep.thepartners.pl\/cs\/wp-json\/wp\/v2\/product"}],"about":[{"href":"https:\/\/sklep.thepartners.pl\/cs\/wp-json\/wp\/v2\/types\/product"}],"replies":[{"embeddable":true,"href":"https:\/\/sklep.thepartners.pl\/cs\/wp-json\/wp\/v2\/comments?post=9783"}],"wp:featuredmedia":[{"embeddable":true,"href":"https:\/\/sklep.thepartners.pl\/cs\/wp-json\/wp\/v2\/media\/9771"}],"wp:attachment":[{"href":"https:\/\/sklep.thepartners.pl\/cs\/wp-json\/wp\/v2\/media?parent=9783"}],"wp:term":[{"taxonomy":"product_brand","embeddable":true,"href":"https:\/\/sklep.thepartners.pl\/cs\/wp-json\/wp\/v2\/product_brand?post=9783"},{"taxonomy":"product_cat","embeddable":true,"href":"https:\/\/sklep.thepartners.pl\/cs\/wp-json\/wp\/v2\/product_cat?post=9783"},{"taxonomy":"product_tag","embeddable":true,"href":"https:\/\/sklep.thepartners.pl\/cs\/wp-json\/wp\/v2\/product_tag?post=9783"}],"curies":[{"name":"wp","href":"https:\/\/api.w.org\/{rel}","templated":true}]}}