{"id":9798,"date":"2025-03-03T11:19:27","date_gmt":"2025-03-03T10:19:27","guid":{"rendered":"https:\/\/sklep.thepartners.pl\/produkt\/solbet-optimal-120x240x590\/"},"modified":"2025-03-03T11:54:49","modified_gmt":"2025-03-03T10:54:49","slug":"solbet-optimal-120x240x590","status":"publish","type":"product","link":"https:\/\/sklep.thepartners.pl\/cs\/produkt\/solbet-optimal-120x240x590\/","title":{"rendered":"SOLBET OPTIMAL 120X240X590"},"content":{"rendered":"<p data-start=\"1282\" data-end=\"1347\"><strong data-start=\"1284\" data-end=\"1345\">SOLBET OPTIMAL 120x240x590 \u2013 Ide\u00e1ln\u00ed tv\u00e1rnice pro p\u0159\u00ed\u010dky!<\/strong><\/p>\n<p data-start=\"1349\" data-end=\"1373\"><strong data-start=\"1352\" data-end=\"1371\">Popis produktu:<\/strong><\/p>\n<p data-start=\"1374\" data-end=\"1622\">P\u00f3robetonov\u00e1 tv\u00e1rnice <strong data-start=\"1396\" data-end=\"1414\">SOLBET Optimal<\/strong> s rozm\u011bry <strong data-start=\"1425\" data-end=\"1447\">120 x 240 x 590 mm<\/strong> je skv\u011blou volbou pro v\u00fdstavbu <strong data-start=\"1479\" data-end=\"1508\">lehk\u00fdch a odoln\u00fdch p\u0159\u00ed\u010dek<\/strong>. D\u00edky sv\u00fdm vlastnostem zaru\u010duje <strong data-start=\"1541\" data-end=\"1569\">vysokou zvukovou izolaci<\/strong>, <strong data-start=\"1571\" data-end=\"1598\">snadnou opracovatelnost<\/strong> a <strong data-start=\"1601\" data-end=\"1619\">rychlou mont\u00e1\u017e<\/strong>.<\/p>\n<p data-start=\"1624\" data-end=\"1641\"><strong data-start=\"1627\" data-end=\"1639\">Pou\u017eit\u00ed:<\/strong><\/p>\n<p data-start=\"1642\" data-end=\"1779\">\u2705 <strong data-start=\"1644\" data-end=\"1662\">Vnit\u0159n\u00ed p\u0159\u00ed\u010dky<\/strong><br data-start=\"1662\" data-end=\"1665\" \/>\u2705 <strong data-start=\"1667\" data-end=\"1729\">P\u0159ep\u00e1\u017eky v obytn\u00fdch, kancel\u00e1\u0159sk\u00fdch a pr\u016fmyslov\u00fdch budov\u00e1ch<\/strong><br data-start=\"1729\" data-end=\"1732\" \/>\u2705 <strong data-start=\"1734\" data-end=\"1777\">Lehk\u00e9 konstrukce ve v\u00edcevstv\u00fdch st\u011bn\u00e1ch<\/strong><\/p>\n<p data-start=\"1781\" data-end=\"1797\"><strong data-start=\"1784\" data-end=\"1795\">V\u00fdhody:<\/strong><\/p>\n<p data-start=\"1798\" data-end=\"2065\">\u2714 <strong data-start=\"1800\" data-end=\"1818\">N\u00edzk\u00e1 hmotnost<\/strong> \u2013 snadn\u00e1 p\u0159eprava a rychl\u00e1 v\u00fdstavba<br data-start=\"1854\" data-end=\"1857\" \/>\u2714 <strong data-start=\"1859\" data-end=\"1885\">Vysok\u00e1 zvukov\u00e1 izolace<\/strong> \u2013 komfortn\u00ed vyu\u017eit\u00ed prostor<br data-start=\"1913\" data-end=\"1916\" \/>\u2714 <strong data-start=\"1918\" data-end=\"1948\">Snadn\u00e9 \u0159ez\u00e1n\u00ed a opracov\u00e1n\u00ed<\/strong> \u2013 p\u0159izp\u016fsoben\u00ed jak\u00e9mukoli projektu<br data-start=\"1983\" data-end=\"1986\" \/>\u2714 <strong data-start=\"1988\" data-end=\"2011\">Ekologick\u00fd materi\u00e1l<\/strong> \u2013 vyroben z p\u0159\u00edrodn\u00edch surovin: p\u00edsku, v\u00e1pna a vody<\/p>\n<p>&nbsp;<\/p>\n<p data-start=\"2247\" data-end=\"2364\">Vyberte si <strong data-start=\"2258\" data-end=\"2288\">SOLBET OPTIMAL 120x240x590<\/strong> a investujte do <strong data-start=\"2305\" data-end=\"2361\">odolnosti, energetick\u00e9 efektivity a komfortu u\u017e\u00edv\u00e1n\u00ed<\/strong>!<\/p>\n","protected":false},"excerpt":{"rendered":"<p>SOLBET OPTIMAL 120x240x590 \u2013 Ide\u00e1ln\u00ed tv\u00e1rnice pro p\u0159\u00ed\u010dky! Popis produktu: P\u00f3robetonov\u00e1 tv\u00e1rnice SOLBET Optimal s rozm\u011bry 120 x 240 x<\/p>\n","protected":false},"featured_media":9797,"comment_status":"open","ping_status":"closed","template":"","meta":{"_acf_changed":false},"product_brand":[],"product_cat":[157,156],"product_tag":[],"class_list":{"0":"post-9798","1":"product","2":"type-product","3":"status-publish","4":"has-post-thumbnail","6":"product_cat-porobeton","7":"product_cat-stavebni-materialy","8":"product_shipping_class-transport-the-partners-cs","9":"pa_gestosc-500-600-kg-m-cs","10":"pa_producent-solbet-cs","11":"pa_zuzycie-7szt-m2-cs-2","13":"first","14":"instock","15":"taxable","16":"shipping-taxable","17":"purchasable","18":"product-type-simple"},"acf":[],"_links":{"self":[{"href":"https:\/\/sklep.thepartners.pl\/cs\/wp-json\/wp\/v2\/product\/9798","targetHints":{"allow":["GET"]}}],"collection":[{"href":"https:\/\/sklep.thepartners.pl\/cs\/wp-json\/wp\/v2\/product"}],"about":[{"href":"https:\/\/sklep.thepartners.pl\/cs\/wp-json\/wp\/v2\/types\/product"}],"replies":[{"embeddable":true,"href":"https:\/\/sklep.thepartners.pl\/cs\/wp-json\/wp\/v2\/comments?post=9798"}],"wp:featuredmedia":[{"embeddable":true,"href":"https:\/\/sklep.thepartners.pl\/cs\/wp-json\/wp\/v2\/media\/9797"}],"wp:attachment":[{"href":"https:\/\/sklep.thepartners.pl\/cs\/wp-json\/wp\/v2\/media?parent=9798"}],"wp:term":[{"taxonomy":"product_brand","embeddable":true,"href":"https:\/\/sklep.thepartners.pl\/cs\/wp-json\/wp\/v2\/product_brand?post=9798"},{"taxonomy":"product_cat","embeddable":true,"href":"https:\/\/sklep.thepartners.pl\/cs\/wp-json\/wp\/v2\/product_cat?post=9798"},{"taxonomy":"product_tag","embeddable":true,"href":"https:\/\/sklep.thepartners.pl\/cs\/wp-json\/wp\/v2\/product_tag?post=9798"}],"curies":[{"name":"wp","href":"https:\/\/api.w.org\/{rel}","templated":true}]}}