{"id":9895,"date":"2025-03-25T12:58:53","date_gmt":"2025-03-25T11:58:53","guid":{"rendered":"https:\/\/sklep.thepartners.pl\/produkt\/sika-klej-do-plytek-sikaceram-213-extra-25kg\/"},"modified":"2025-03-25T13:26:51","modified_gmt":"2025-03-25T12:26:51","slug":"sika-klej-do-plytek-sikaceram-213-extra-25kg","status":"publish","type":"product","link":"https:\/\/sklep.thepartners.pl\/cs\/produkt\/sika-klej-do-plytek-sikaceram-213-extra-25kg\/","title":{"rendered":"SIKA Lepidlo na Dla\u017ebu SikaCeram-213 Extra 25kg"},"content":{"rendered":"<article class=\"group\/turn w-full text-token-text-primary focus-visible:outline-none\" dir=\"auto\" tabindex=\"-1\" data-testid=\"conversation-turn-6\" data-scroll-anchor=\"true\">\n<div class=\"text-base my-auto mx-auto py-5 px-6\">\n<div class=\"mx-auto flex flex-1 text-base gap-4 md:gap-5 lg:gap-6 md:max-w-3xl lg:max-w-[40rem] xl:max-w-[48rem]\">\n<div class=\"group\/conversation-turn relative flex w-full min-w-0 flex-col agent-turn @xs\/thread:px-0 @sm\/thread:px-1.5 @md\/thread:px-4\">\n<div class=\"relative flex-col gap-1 md:gap-3\">\n<div class=\"flex max-w-full flex-col flex-grow\">\n<div class=\"min-h-8 text-message relative flex w-full flex-col items-end gap-2 whitespace-normal break-words text-start [.text-message+&amp;]:mt-5\" dir=\"auto\" data-message-author-role=\"assistant\" data-message-id=\"833a6e3c-56e4-4857-ba72-6bf59f40036a\" data-message-model-slug=\"gpt-4o\">\n<div class=\"flex w-full flex-col gap-1 empty:hidden first:pt-[3px]\">\n<div class=\"markdown prose w-full break-words dark:prose-invert light\">\n<p class=\"\" data-start=\"1276\" data-end=\"1627\">SikaCeram\u00ae-213 Extra je vysoce kvalitn\u00ed cementov\u00e9 lepidlo t\u0159\u00eddy C2 TE podle normy EN 12004. Vyzna\u010duje se sn\u00ed\u017een\u00fdm skluzem a prodlou\u017eenou dobou zavadnut\u00ed, co\u017e usnad\u0148uje aplikaci a zvy\u0161uje pracovn\u00ed komfort. Po sm\u00edch\u00e1n\u00ed s vodou je p\u0159ipraveno k pou\u017eit\u00ed a je ur\u010deno pro pokl\u00e1dku keramick\u00fdch obklad\u016f a dla\u017eeb v interi\u00e9ru i exteri\u00e9ru.<\/p>\n<p class=\"\" data-start=\"1629\" data-end=\"1643\"><strong data-start=\"1629\" data-end=\"1641\">Pou\u017eit\u00ed:<\/strong><\/p>\n<ul data-start=\"1644\" data-end=\"1905\">\n<li class=\"\" data-start=\"1644\" data-end=\"1716\">\n<p class=\"\" data-start=\"1646\" data-end=\"1716\">Pokl\u00e1dka keramick\u00fdch obklad\u016f a dla\u017eeb s vysokou i n\u00edzkou nas\u00e1kavost\u00ed<\/p>\n<\/li>\n<li class=\"\" data-start=\"1717\" data-end=\"1745\">\n<p class=\"\" data-start=\"1719\" data-end=\"1745\">Ta\u017een\u00e9 a p\u00e1len\u00e9 dla\u017edice<\/p>\n<\/li>\n<li class=\"\" data-start=\"1746\" data-end=\"1777\">\n<p class=\"\" data-start=\"1748\" data-end=\"1777\">St\u011bny a podlahy v interi\u00e9ru<\/p>\n<\/li>\n<li class=\"\" data-start=\"1778\" data-end=\"1812\">\n<p class=\"\" data-start=\"1780\" data-end=\"1812\">Podlahy s podlahov\u00fdm vyt\u00e1p\u011bn\u00edm<\/p>\n<\/li>\n<li class=\"\" data-start=\"1813\" data-end=\"1865\">\n<p class=\"\" data-start=\"1815\" data-end=\"1865\">Pokl\u00e1dka obklad\u016f na st\u00e1vaj\u00edc\u00ed dla\u017ebu v interi\u00e9ru<\/p>\n<\/li>\n<li class=\"\" data-start=\"1866\" data-end=\"1905\">\n<p class=\"\" data-start=\"1868\" data-end=\"1905\">Kuchyn\u011b, koupelny, balkony a terasy<\/p>\n<\/li>\n<\/ul>\n<p class=\"\" data-start=\"1907\" data-end=\"1922\"><strong data-start=\"1907\" data-end=\"1920\">Spot\u0159eba:<\/strong><\/p>\n<ul data-start=\"1923\" data-end=\"2071\">\n<li class=\"\" data-start=\"1923\" data-end=\"1959\">\n<p class=\"\" data-start=\"1925\" data-end=\"1959\">St\u011brka 4 mm: p\u0159ibli\u017en\u011b 2,4 kg\/m\u00b2<\/p>\n<\/li>\n<li class=\"\" data-start=\"1960\" data-end=\"1996\">\n<p class=\"\" data-start=\"1962\" data-end=\"1996\">St\u011brka 6 mm: p\u0159ibli\u017en\u011b 3,6 kg\/m\u00b2<\/p>\n<\/li>\n<li class=\"\" data-start=\"1997\" data-end=\"2033\">\n<p class=\"\" data-start=\"1999\" data-end=\"2033\">St\u011brka 8 mm: p\u0159ibli\u017en\u011b 4,8 kg\/m\u00b2<\/p>\n<\/li>\n<li class=\"\" data-start=\"2034\" data-end=\"2071\">\n<p class=\"\" data-start=\"2036\" data-end=\"2071\">St\u011brka 10 mm: p\u0159ibli\u017en\u011b 5,4 kg\/m\u00b2<\/p>\n<\/li>\n<\/ul>\n<p class=\"\" data-start=\"2073\" data-end=\"2158\">P\u0159esn\u00e1 spot\u0159eba z\u00e1vis\u00ed na druhu podkladu, technice aplikace a podm\u00ednk\u00e1ch na stavb\u011b.<\/p>\n<\/div>\n<\/div>\n<\/div>\n<\/div>\n<\/div>\n<\/div>\n<\/div>\n<\/div>\n<\/article>\n<div class=\"pointer-events-none h-px w-px\" aria-hidden=\"true\" data-edge=\"true\"><\/div>\n","protected":false},"excerpt":{"rendered":"<blockquote>\n<article class=\"group\/turn w-full text-token-text-primary focus-visible:outline-none\" dir=\"auto\" tabindex=\"-1\" data-testid=\"conversation-turn-6\" data-scroll-anchor=\"true\">\n<div class=\"text-base my-auto mx-auto py-5 px-6\">\n<div class=\"mx-auto flex flex-1 text-base gap-4 md:gap-5 lg:gap-6 md:max-w-3xl lg:max-w-[40rem] xl:max-w-[48rem]\">\n<div class=\"group\/conversation-turn relative flex w-full min-w-0 flex-col agent-turn @xs\/thread:px-0 @sm\/thread:px-1.5 @md\/thread:px-4\">\n<div class=\"relative flex-col gap-1 md:gap-3\">\n<div class=\"flex max-w-full flex-col flex-grow\">\n<div class=\"min-h-8 text-message relative flex w-full flex-col items-end gap-2 whitespace-normal break-words text-start [.text-message+&amp;]:mt-5\" dir=\"auto\" data-message-author-role=\"assistant\" data-message-id=\"833a6e3c-56e4-4857-ba72-6bf59f40036a\" data-message-model-slug=\"gpt-4o\">\n<div class=\"flex w-full flex-col gap-1 empty:hidden first:pt-[3px]\">\n<div class=\"markdown prose w-full break-words dark:prose-invert light\">\n<p>Kr\u00e9mov\u00e1 konzistence<\/p>\n<p class=\"\" data-start=\"2200\" data-end=\"2228\">Tixotropn\u00ed \u2013 sn\u00ed\u017een\u00fd skluz<\/p>\n<p class=\"\" data-start=\"2231\" data-end=\"2258\">Vod\u011bodoln\u00e9 a mrazuvzdorn\u00e9<\/p>\n<p class=\"\" data-start=\"2261\" data-end=\"2289\">Prodlou\u017een\u00e1 doba zavadnut\u00ed<\/p>\n<p class=\"\" data-start=\"2292\" data-end=\"2327\">Vhodn\u00e9 pro vnit\u0159n\u00ed i vn\u011bj\u0161\u00ed pou\u017eit\u00ed<\/p>\n<\/div>\n<\/div>\n<\/div>\n<\/div>\n<\/div>\n<\/div>\n<\/div>\n<\/div>\n<\/article>\n<\/blockquote>\n","protected":false},"featured_media":9894,"comment_status":"open","ping_status":"closed","template":"","meta":{"_acf_changed":false},"product_brand":[],"product_cat":[137,318],"product_tag":[],"class_list":{"0":"post-9895","1":"product","2":"type-product","3":"status-publish","4":"has-post-thumbnail","6":"product_cat-stavebni-chemie","7":"product_cat-lepidlo-na-dlazdice","8":"product_shipping_class-osobna-paczka","9":"pa_producent-sika-cs","11":"first","12":"instock","13":"taxable","14":"shipping-taxable","15":"purchasable","16":"product-type-simple"},"acf":[],"_links":{"self":[{"href":"https:\/\/sklep.thepartners.pl\/cs\/wp-json\/wp\/v2\/product\/9895","targetHints":{"allow":["GET"]}}],"collection":[{"href":"https:\/\/sklep.thepartners.pl\/cs\/wp-json\/wp\/v2\/product"}],"about":[{"href":"https:\/\/sklep.thepartners.pl\/cs\/wp-json\/wp\/v2\/types\/product"}],"replies":[{"embeddable":true,"href":"https:\/\/sklep.thepartners.pl\/cs\/wp-json\/wp\/v2\/comments?post=9895"}],"wp:featuredmedia":[{"embeddable":true,"href":"https:\/\/sklep.thepartners.pl\/cs\/wp-json\/wp\/v2\/media\/9894"}],"wp:attachment":[{"href":"https:\/\/sklep.thepartners.pl\/cs\/wp-json\/wp\/v2\/media?parent=9895"}],"wp:term":[{"taxonomy":"product_brand","embeddable":true,"href":"https:\/\/sklep.thepartners.pl\/cs\/wp-json\/wp\/v2\/product_brand?post=9895"},{"taxonomy":"product_cat","embeddable":true,"href":"https:\/\/sklep.thepartners.pl\/cs\/wp-json\/wp\/v2\/product_cat?post=9895"},{"taxonomy":"product_tag","embeddable":true,"href":"https:\/\/sklep.thepartners.pl\/cs\/wp-json\/wp\/v2\/product_tag?post=9895"}],"curies":[{"name":"wp","href":"https:\/\/api.w.org\/{rel}","templated":true}]}}