{"id":9910,"date":"2025-03-25T13:51:31","date_gmt":"2025-03-25T12:51:31","guid":{"rendered":"https:\/\/sklep.thepartners.pl\/produkt\/sika-sikafloor-102-level-25kg-samopoziomujaca-masa-wyrownujaca\/"},"modified":"2025-03-25T14:00:37","modified_gmt":"2025-03-25T13:00:37","slug":"sika-sikafloor-102-level-25kg-samopoziomujaca-masa-wyrownujaca","status":"publish","type":"product","link":"https:\/\/sklep.thepartners.pl\/cs\/produkt\/sika-sikafloor-102-level-25kg-samopoziomujaca-masa-wyrownujaca\/","title":{"rendered":"SIKA P.Sikafloor\u00ae-102 Level \u2013 Samonivela\u010dn\u00ed Vyrovn\u00e1vac\u00ed St\u011brka"},"content":{"rendered":"<p class=\"\" data-start=\"1234\" data-end=\"1559\">SIKA P.Sikafloor\u00ae-102 Level je vysoce kvalitn\u00ed, cementov\u00e1, samonivela\u010dn\u00ed vyrovn\u00e1vac\u00ed st\u011brka ur\u010den\u00e1 k vyhlazen\u00ed nerovnost\u00ed podkladu p\u0159ed pokl\u00e1dkou dla\u017eby, podlahov\u00fdch krytin, lamin\u00e1tov\u00fdch podlah a dal\u0161\u00edch podlahov\u00fdch materi\u00e1l\u016f. Vyzna\u010duje se rychl\u00fdm tuhnut\u00edm a vynikaj\u00edc\u00ed p\u0159ilnavost\u00ed k r\u016fzn\u00fdm podklad\u016fm.<\/p>\n<p class=\"\" data-start=\"1561\" data-end=\"1575\"><strong data-start=\"1561\" data-end=\"1573\">Pou\u017eit\u00ed:<\/strong><\/p>\n<ul data-start=\"1576\" data-end=\"1819\">\n<li class=\"\" data-start=\"1576\" data-end=\"1623\">\n<p class=\"\" data-start=\"1578\" data-end=\"1623\">Vyrovn\u00e1n\u00ed betonov\u00fdch a cementov\u00fdch podklad\u016f<\/p>\n<\/li>\n<li class=\"\" data-start=\"1624\" data-end=\"1691\">\n<p class=\"\" data-start=\"1626\" data-end=\"1691\">P\u0159\u00edprava podkladu p\u0159ed pokl\u00e1dkou dla\u017eby, lamin\u00e1tu, PVC a parket<\/p>\n<\/li>\n<li class=\"\" data-start=\"1692\" data-end=\"1755\">\n<p class=\"\" data-start=\"1694\" data-end=\"1755\">Pou\u017eit\u00ed v obytn\u00fdch, kancel\u00e1\u0159sk\u00fdch a pr\u016fmyslov\u00fdch prostor\u00e1ch<\/p>\n<\/li>\n<li class=\"\" data-start=\"1756\" data-end=\"1789\">\n<p class=\"\" data-start=\"1758\" data-end=\"1789\">Vhodn\u00e9 pro podlahov\u00e9 vyt\u00e1p\u011bn\u00ed<\/p>\n<\/li>\n<li class=\"\" data-start=\"1790\" data-end=\"1819\">\n<p class=\"\" data-start=\"1792\" data-end=\"1819\">Pou\u017eit\u00ed pouze v interi\u00e9ru<\/p>\n<\/li>\n<\/ul>\n<p class=\"\" data-start=\"1821\" data-end=\"1836\"><strong data-start=\"1821\" data-end=\"1834\">Spot\u0159eba:<\/strong><\/p>\n<ul data-start=\"1837\" data-end=\"1976\">\n<li class=\"\" data-start=\"1837\" data-end=\"1909\">\n<p class=\"\" data-start=\"1839\" data-end=\"1909\">Pr\u016fm\u011brn\u00e1 spot\u0159eba: p\u0159ibli\u017en\u011b 1,6 kg\/m\u00b2 na ka\u017ed\u00fd 1 mm tlou\u0161\u0165ky vrstvy<\/p>\n<\/li>\n<li class=\"\" data-start=\"1910\" data-end=\"1976\">\n<p class=\"\" data-start=\"1912\" data-end=\"1976\">Doporu\u010den\u00e1 tlou\u0161\u0165ka vrstvy: 1 \u2013 10 mm v jednom pracovn\u00edm kroku<\/p>\n<\/li>\n<\/ul>\n","protected":false},"excerpt":{"rendered":"<blockquote>\n<p class=\"\" data-start=\"1994\" data-end=\"2044\">Samonivela\u010dn\u00ed slo\u017een\u00ed \u2013 snadn\u00e1 a rychl\u00e1 aplikace<\/p>\n<p class=\"\" data-start=\"2047\" data-end=\"2116\">Rychl\u00e9 schnut\u00ed \u2013 mo\u017enost pokra\u010dovat v dal\u0161\u00edch prac\u00edch v kr\u00e1tk\u00e9 dob\u011b<\/p>\n<p class=\"\" data-start=\"2119\" data-end=\"2158\">V\u00fdborn\u00e1 p\u0159ilnavost k r\u016fzn\u00fdm podklad\u016fm<\/p>\n<p class=\"\" data-start=\"2161\" data-end=\"2210\">Minimalizovan\u00e9 smr\u0161\u0165ov\u00e1n\u00ed a rozm\u011brov\u00e1 stabilita<\/p>\n<p class=\"\" data-start=\"2213\" data-end=\"2245\">Mo\u017enost ru\u010dn\u00ed i strojn\u00ed aplikace<\/p>\n<\/blockquote>\n","protected":false},"featured_media":9909,"comment_status":"open","ping_status":"closed","template":"","meta":{"_acf_changed":false},"product_brand":[],"product_cat":[137,142],"product_tag":[],"class_list":{"0":"post-9910","1":"product","2":"type-product","3":"status-publish","4":"has-post-thumbnail","6":"product_cat-stavebni-chemie","7":"product_cat-malty-a-betony","8":"product_shipping_class-osobna-paczka","9":"pa_producent-sika-cs","11":"first","12":"instock","13":"taxable","14":"shipping-taxable","15":"purchasable","16":"product-type-simple"},"acf":[],"_links":{"self":[{"href":"https:\/\/sklep.thepartners.pl\/cs\/wp-json\/wp\/v2\/product\/9910","targetHints":{"allow":["GET"]}}],"collection":[{"href":"https:\/\/sklep.thepartners.pl\/cs\/wp-json\/wp\/v2\/product"}],"about":[{"href":"https:\/\/sklep.thepartners.pl\/cs\/wp-json\/wp\/v2\/types\/product"}],"replies":[{"embeddable":true,"href":"https:\/\/sklep.thepartners.pl\/cs\/wp-json\/wp\/v2\/comments?post=9910"}],"wp:featuredmedia":[{"embeddable":true,"href":"https:\/\/sklep.thepartners.pl\/cs\/wp-json\/wp\/v2\/media\/9909"}],"wp:attachment":[{"href":"https:\/\/sklep.thepartners.pl\/cs\/wp-json\/wp\/v2\/media?parent=9910"}],"wp:term":[{"taxonomy":"product_brand","embeddable":true,"href":"https:\/\/sklep.thepartners.pl\/cs\/wp-json\/wp\/v2\/product_brand?post=9910"},{"taxonomy":"product_cat","embeddable":true,"href":"https:\/\/sklep.thepartners.pl\/cs\/wp-json\/wp\/v2\/product_cat?post=9910"},{"taxonomy":"product_tag","embeddable":true,"href":"https:\/\/sklep.thepartners.pl\/cs\/wp-json\/wp\/v2\/product_tag?post=9910"}],"curies":[{"name":"wp","href":"https:\/\/api.w.org\/{rel}","templated":true}]}}