{"id":9920,"date":"2025-03-25T14:43:44","date_gmt":"2025-03-25T13:43:44","guid":{"rendered":"https:\/\/sklep.thepartners.pl\/produkt\/sika-p-sikamur-120-block-fix-zaprawa-klejowa-do-bloczkow-i-pustakow\/"},"modified":"2025-03-25T14:49:12","modified_gmt":"2025-03-25T13:49:12","slug":"sika-p-sikamur-120-block-fix-zaprawa-klejowa-do-bloczkow-i-pustakow","status":"publish","type":"product","link":"https:\/\/sklep.thepartners.pl\/cs\/produkt\/sika-p-sikamur-120-block-fix-zaprawa-klejowa-do-bloczkow-i-pustakow\/","title":{"rendered":"SIKA P.SikaMur\u00ae-120 Block Fix \u2013 Lepidlo na Bloky a Tv\u00e1rnice"},"content":{"rendered":"<p class=\"\" data-start=\"1124\" data-end=\"1381\">SIKA P.SikaMur\u00ae-120 Block Fix je vysoce kvalitn\u00ed, cementov\u00e1 tenkovrstv\u00e1 malta ur\u010den\u00e1 pro zd\u011bn\u00ed betonov\u00fdch, p\u00f3robetonov\u00fdch, silik\u00e1tov\u00fdch a dal\u0161\u00edch stavebn\u00edch blok\u016f. Vyzna\u010duje se vysokou pevnost\u00ed, dobrou p\u0159ilnavost\u00ed a snadnou aplikac\u00ed.<\/p>\n<p class=\"\" data-start=\"1383\" data-end=\"1397\"><strong data-start=\"1383\" data-end=\"1395\">Pou\u017eit\u00ed:<\/strong><\/p>\n<ul data-start=\"1398\" data-end=\"1610\">\n<li class=\"\" data-start=\"1398\" data-end=\"1483\">\n<p class=\"\" data-start=\"1400\" data-end=\"1483\">Zd\u011bn\u00ed nosn\u00fdch a p\u0159\u00ed\u010dkov\u00fdch st\u011bn z p\u00f3robetonov\u00fdch, silik\u00e1tov\u00fdch a betonov\u00fdch blok\u016f<\/p>\n<\/li>\n<li class=\"\" data-start=\"1484\" data-end=\"1519\">\n<p class=\"\" data-start=\"1486\" data-end=\"1519\">Pou\u017eit\u00ed v interi\u00e9ru i exteri\u00e9ru<\/p>\n<\/li>\n<li class=\"\" data-start=\"1520\" data-end=\"1570\">\n<p class=\"\" data-start=\"1522\" data-end=\"1570\">Zdivo v bytov\u00e9, pr\u016fmyslov\u00e9 a komer\u010dn\u00ed v\u00fdstavb\u011b<\/p>\n<\/li>\n<li class=\"\" data-start=\"1571\" data-end=\"1610\">\n<p class=\"\" data-start=\"1573\" data-end=\"1610\">Tenkovrstv\u00e9 lepen\u00ed stavebn\u00edch prvk\u016f<\/p>\n<\/li>\n<\/ul>\n<p class=\"\" data-start=\"1612\" data-end=\"1627\"><strong data-start=\"1612\" data-end=\"1625\">Spot\u0159eba:<\/strong><\/p>\n<ul data-start=\"1628\" data-end=\"1713\">\n<li class=\"\" data-start=\"1628\" data-end=\"1713\">\n<p class=\"\" data-start=\"1630\" data-end=\"1713\">Pr\u016fm\u011brn\u00e1 spot\u0159eba: 1,5 \u2013 2,5 kg\/m\u00b2 (v z\u00e1vislosti na tlou\u0161\u0165ce vrstvy a typu blok\u016f)<\/p>\n<\/li>\n<\/ul>\n","protected":false},"excerpt":{"rendered":"<blockquote>\n<p class=\"\" data-start=\"1731\" data-end=\"1770\">Vysok\u00e1 p\u0159ilnavost k r\u016fzn\u00fdm materi\u00e1l\u016fm<\/p>\n<p class=\"\" data-start=\"1773\" data-end=\"1814\">Tenkovrstv\u00e1 aplikace \u2013 \u00faspora materi\u00e1lu<\/p>\n<p class=\"\" data-start=\"1817\" data-end=\"1862\">Optim\u00e1ln\u00ed zpracovatelnost a snadn\u00e1 aplikace<\/p>\n<p class=\"\" data-start=\"1865\" data-end=\"1910\">Odolnost proti pov\u011btrnostn\u00edm vliv\u016fm a mrazu<\/p>\n<p class=\"\" data-start=\"1913\" data-end=\"1950\">Vhodn\u00e9 pro vnit\u0159n\u00ed i venkovn\u00ed pou\u017eit\u00ed<\/p>\n<\/blockquote>\n","protected":false},"featured_media":9919,"comment_status":"open","ping_status":"closed","template":"","meta":{"_acf_changed":false},"product_brand":[],"product_cat":[137,142],"product_tag":[],"class_list":{"0":"post-9920","1":"product","2":"type-product","3":"status-publish","4":"has-post-thumbnail","6":"product_cat-stavebni-chemie","7":"product_cat-malty-a-betony","8":"product_shipping_class-osobna-paczka","9":"pa_producent-sika-cs","11":"first","12":"instock","13":"taxable","14":"shipping-taxable","15":"purchasable","16":"product-type-simple"},"acf":[],"_links":{"self":[{"href":"https:\/\/sklep.thepartners.pl\/cs\/wp-json\/wp\/v2\/product\/9920","targetHints":{"allow":["GET"]}}],"collection":[{"href":"https:\/\/sklep.thepartners.pl\/cs\/wp-json\/wp\/v2\/product"}],"about":[{"href":"https:\/\/sklep.thepartners.pl\/cs\/wp-json\/wp\/v2\/types\/product"}],"replies":[{"embeddable":true,"href":"https:\/\/sklep.thepartners.pl\/cs\/wp-json\/wp\/v2\/comments?post=9920"}],"wp:featuredmedia":[{"embeddable":true,"href":"https:\/\/sklep.thepartners.pl\/cs\/wp-json\/wp\/v2\/media\/9919"}],"wp:attachment":[{"href":"https:\/\/sklep.thepartners.pl\/cs\/wp-json\/wp\/v2\/media?parent=9920"}],"wp:term":[{"taxonomy":"product_brand","embeddable":true,"href":"https:\/\/sklep.thepartners.pl\/cs\/wp-json\/wp\/v2\/product_brand?post=9920"},{"taxonomy":"product_cat","embeddable":true,"href":"https:\/\/sklep.thepartners.pl\/cs\/wp-json\/wp\/v2\/product_cat?post=9920"},{"taxonomy":"product_tag","embeddable":true,"href":"https:\/\/sklep.thepartners.pl\/cs\/wp-json\/wp\/v2\/product_tag?post=9920"}],"curies":[{"name":"wp","href":"https:\/\/api.w.org\/{rel}","templated":true}]}}